{"id":3,"date":"2020-12-07T12:21:09","date_gmt":"2020-12-07T14:21:09","guid":{"rendered":"https:\/\/galibuti.lt\/?page_id=3"},"modified":"2022-04-25T17:10:50","modified_gmt":"2022-04-25T15:10:50","slug":"privacy-policy","status":"publish","type":"page","link":"https:\/\/galibuti.lt\/en\/privacy-policy\/","title":{"rendered":"Privacy Policy"},"content":{"rendered":"<div data-elementor-type=\"wp-page\" data-elementor-id=\"3\" class=\"elementor elementor-3\">\n\t\t\t\t\t\t<section class=\"elementor-section elementor-top-section elementor-element elementor-element-3d40f807 elementor-section-boxed elementor-section-height-default elementor-section-height-default parallax_section_no qode_elementor_container_no\" data-id=\"3d40f807\" data-element_type=\"section\">\n\t\t\t\t\t\t<div class=\"elementor-container elementor-column-gap-default\">\n\t\t\t\t\t<div class=\"elementor-column elementor-col-100 elementor-top-column elementor-element elementor-element-758bd431\" data-id=\"758bd431\" data-element_type=\"column\">\n\t\t\t<div class=\"elementor-widget-wrap elementor-element-populated\">\n\t\t\t\t\t\t<div class=\"elementor-element elementor-element-180ba4ab elementor-widget elementor-widget-text-editor\" data-id=\"180ba4ab\" data-element_type=\"widget\" data-widget_type=\"text-editor.default\">\n\t\t\t\t<div class=\"elementor-widget-container\">\n\t\t\t\t\t\t\t\t\t<p><strong>1. What information do we collect?<\/strong><\/p><p>We may collect, store and use the following types of information:<\/p><ul><li>information about your computer and about your visits to and use of this website (including your IP address, geographical location, browser type, where you were referred from, length of visit and number of page views);<\/li><li>information you provide to us for the purpose of subscribing to our website services, email notifications and\/or newsletters;<\/li><li>any other information that you choose to send to us.<\/li><\/ul><p>\u00a0<\/p><p><strong>2. Cookies<\/strong><\/p><p>A cookie is information that is sent by a web server to your web browser and stored by the browser. This information is then sent back to the server each time your browser requests a page from that server. This allows that web server to identify and track your web browser. We use Google Analytics to analyze the use of this website. Google Analytics generates statistical and other information about the use of the website using cookies, which are stored on users&#039; computers. The information generated about our website is used to create reports on the use of this website. This information will be stored by Google. Google&#039;s privacy policy is available here:\u00a0<a class=\"gtrackexternal\" href=\"http:\/\/www.google.com\/privacypolicy.html\">http:\/\/www.google.com\/privacypolicy.html\u00a0<\/a>. Our advertisers or payment service providers may also send you cookies. We display interest-based advertisements on our website through Google Adsense. These are selected by Google to reflect your interests. To determine your interests, Google will track your online behavior using cookies. You can view, delete, and add interest categories associated with your browser using Google&#039;s Ads Preference Manager, which can be found at\u00a0<a class=\"gtrackexternal\" href=\"http:\/\/www.google.com\/ads\/preferences\/\">http:\/\/www.google.com\/ads\/preferences\/<\/a>You can opt out of the Adsense partner network cookie at\u00a0<a class=\"gtrackexternal\" href=\"http:\/\/www.google.com\/privacy_ads.html\">http:\/\/www.google.com\/privacy_ads.html\u00a0<\/a>. However, this opt-out mechanism uses a cookie, and if you delete cookies from your computer, your opt-out will not be saved. To ensure that your opt-out is saved for a specific browser, you should use the Google browser plugin, which can be found at\u00a0<a class=\"gtrackexternal\" href=\"http:\/\/www.google.com\/ads\/preferences\/plugin\">http:\/\/www.google.com\/ads\/preferences\/plugin\u00a0<\/a>. Most browsers allow you to refuse all cookies, although some browsers allow you to refuse only third-party cookies. For example, in Internet Explorer, you can refuse all cookies by clicking Tools &gt; Internet Options &gt; Privacy and selecting Block all cookies (this is done by sliding the switch). However, blocking all cookies will negatively affect your ability to use many websites, including this one.<\/p><p>\u00a0<\/p><p><strong>3. Use of your personal data<\/strong><\/p><p>Personal data provided on this website will be used for the purposes set out in this privacy policy or in the relevant sections of this website. We may use your personal information for the following purposes:<\/p><ul><li>With your consent to contact you (in response to your question(s));<\/li><li>with your consent, to send you our newsletter by e-mail, which we think may be of interest to you (you can unsubscribe from this newsletter at any time);<\/li><\/ul><h3>\u00a0<\/h3><p><strong>4. Policy changes<\/strong><\/p><p>We may update this privacy policy from time to time by posting a new version on our website. You should review this page from time to time to ensure that you are satisfied with any changes.<\/p><h3>\u00a0<\/h3><p><strong>5. Third-party websites<\/strong><\/p><p>This website contains links to other websites. We are not responsible for the privacy policies or practices of third-party websites.<\/p><h3>\u00a0<\/h3><p><strong>6. Data storage<\/strong><\/p><ul><li><strong>Data retention period:<\/strong>\u00a012 months<\/li><\/ul><p>We store the collected information on our own and secure third-party servers (e.g. Gmail). Access to this information is protected by passwords, which are only accessible to employees of the association. Their own employment contracts stipulate that any personal information must be used only for the specified purposes.<\/p><h3>\u00a0<\/h3><p><strong>7. Your (website users) rights<\/strong><\/p><p>All website users have the right to:<\/p><ul><li>to find out what information we store about them and how we use it;<\/li><li>request that we remove all information about them.<\/li><\/ul><p><!-- \/wp:heading --><\/p>\t\t\t\t\t\t\t\t<\/div>\n\t\t\t\t<\/div>\n\t\t\t\t\t<\/div>\n\t\t<\/div>\n\t\t\t\t\t<\/div>\n\t\t<\/section>\n\t\t\t\t<\/div>","protected":false},"excerpt":{"rendered":"<p>1. What information do we collect? We may collect, store and use the following types of information: information about your computer and about your visits to and use of this website (including your IP address, geographical location, browser type, where you were referred from, duration of visit\u2026<\/p>","protected":false},"author":77,"featured_media":0,"parent":0,"menu_order":0,"comment_status":"closed","ping_status":"open","template":"","meta":{"inline_featured_image":false,"footnotes":""},"class_list":["post-3","page","type-page","status-publish","hentry"],"yoast_head":"<!-- This site is optimized with the Yoast SEO plugin v27.3 - https:\/\/yoast.com\/product\/yoast-seo-wordpress\/ -->\n<title>Privatumo politika - Gali b\u016bti<\/title>\n<meta name=\"robots\" content=\"index, follow, max-snippet:-1, max-image-preview:large, max-video-preview:-1\" \/>\n<link rel=\"canonical\" href=\"https:\/\/galibuti.lt\/en\/privacy-policy\/\" \/>\n<meta property=\"og:locale\" content=\"en_US\" \/>\n<meta property=\"og:type\" content=\"article\" \/>\n<meta property=\"og:title\" content=\"Privatumo politika - Gali b\u016bti\" \/>\n<meta property=\"og:description\" content=\"1. Koki\u0105 informacij\u0105 mes renkame? Mes galime rinkti, saugoti ir naudoti \u017eemiau nurodyt\u0173 r\u016b\u0161i\u0173 informacij\u0105: informacij\u0105 apie J\u016bs\u0173 kompiuter\u012f ir apie J\u016bs\u0173 apsilankymus \u0161ioje interneto svetain\u0117je bei naudojim\u0105si \u0161ia interneto svetaine (\u012fskaitant J\u016bs\u0173 IP adres\u0105, geografin\u0119 viet\u0105, nar\u0161ykl\u0117s tip\u0105, i\u0161 kur buvote nukreiptas, lankymosi trukm\u0119...\" \/>\n<meta property=\"og:url\" content=\"https:\/\/galibuti.lt\/en\/privacy-policy\/\" \/>\n<meta property=\"og:site_name\" content=\"Gali b\u016bti\" \/>\n<meta property=\"article:publisher\" content=\"https:\/\/www.facebook.com\/galibuti.lt\" \/>\n<meta property=\"article:modified_time\" content=\"2022-04-25T15:10:50+00:00\" \/>\n<meta name=\"twitter:card\" content=\"summary_large_image\" \/>\n<meta name=\"twitter:label1\" content=\"Est. reading time\" \/>\n\t<meta name=\"twitter:data1\" content=\"3 minutes\" \/>\n<script type=\"application\/ld+json\" class=\"yoast-schema-graph\">{\"@context\":\"https:\\\/\\\/schema.org\",\"@graph\":[{\"@type\":\"WebPage\",\"@id\":\"https:\\\/\\\/galibuti.lt\\\/privatumo-politika\\\/\",\"url\":\"https:\\\/\\\/galibuti.lt\\\/privatumo-politika\\\/\",\"name\":\"Privatumo politika - Gali b\u016bti\",\"isPartOf\":{\"@id\":\"https:\\\/\\\/galibuti.lt\\\/#website\"},\"datePublished\":\"2020-12-07T14:21:09+00:00\",\"dateModified\":\"2022-04-25T15:10:50+00:00\",\"breadcrumb\":{\"@id\":\"https:\\\/\\\/galibuti.lt\\\/privatumo-politika\\\/#breadcrumb\"},\"inLanguage\":\"en-US\",\"potentialAction\":[{\"@type\":\"ReadAction\",\"target\":[\"https:\\\/\\\/galibuti.lt\\\/privatumo-politika\\\/\"]}]},{\"@type\":\"BreadcrumbList\",\"@id\":\"https:\\\/\\\/galibuti.lt\\\/privatumo-politika\\\/#breadcrumb\",\"itemListElement\":[{\"@type\":\"ListItem\",\"position\":1,\"name\":\"Home\",\"item\":\"https:\\\/\\\/galibuti.lt\\\/\"},{\"@type\":\"ListItem\",\"position\":2,\"name\":\"Privatumo politika\"}]},{\"@type\":\"WebSite\",\"@id\":\"https:\\\/\\\/galibuti.lt\\\/#website\",\"url\":\"https:\\\/\\\/galibuti.lt\\\/\",\"name\":\"Gali b\u016bti\",\"description\":\"Psichologijos ir Psichiatrijos klinika\",\"publisher\":{\"@id\":\"https:\\\/\\\/galibuti.lt\\\/#organization\"},\"potentialAction\":[{\"@type\":\"SearchAction\",\"target\":{\"@type\":\"EntryPoint\",\"urlTemplate\":\"https:\\\/\\\/galibuti.lt\\\/?s={search_term_string}\"},\"query-input\":{\"@type\":\"PropertyValueSpecification\",\"valueRequired\":true,\"valueName\":\"search_term_string\"}}],\"inLanguage\":\"en-US\"},{\"@type\":\"Organization\",\"@id\":\"https:\\\/\\\/galibuti.lt\\\/#organization\",\"name\":\"Galibuti.lt\",\"url\":\"https:\\\/\\\/galibuti.lt\\\/\",\"logo\":{\"@type\":\"ImageObject\",\"inLanguage\":\"en-US\",\"@id\":\"https:\\\/\\\/galibuti.lt\\\/#\\\/schema\\\/logo\\\/image\\\/\",\"url\":\"https:\\\/\\\/galibuti.lt\\\/wp-content\\\/uploads\\\/2021\\\/05\\\/galibuti_logotipas-juodas-04.png\",\"contentUrl\":\"https:\\\/\\\/galibuti.lt\\\/wp-content\\\/uploads\\\/2021\\\/05\\\/galibuti_logotipas-juodas-04.png\",\"width\":315,\"height\":315,\"caption\":\"Galibuti.lt\"},\"image\":{\"@id\":\"https:\\\/\\\/galibuti.lt\\\/#\\\/schema\\\/logo\\\/image\\\/\"},\"sameAs\":[\"https:\\\/\\\/www.facebook.com\\\/galibuti.lt\"]}]}<\/script>\n<!-- \/ Yoast SEO plugin. -->","yoast_head_json":{"title":"Privacy Policy - May be","robots":{"index":"index","follow":"follow","max-snippet":"max-snippet:-1","max-image-preview":"max-image-preview:large","max-video-preview":"max-video-preview:-1"},"canonical":"https:\/\/galibuti.lt\/en\/privacy-policy\/","og_locale":"en_US","og_type":"article","og_title":"Privatumo politika - Gali b\u016bti","og_description":"1. Koki\u0105 informacij\u0105 mes renkame? Mes galime rinkti, saugoti ir naudoti \u017eemiau nurodyt\u0173 r\u016b\u0161i\u0173 informacij\u0105: informacij\u0105 apie J\u016bs\u0173 kompiuter\u012f ir apie J\u016bs\u0173 apsilankymus \u0161ioje interneto svetain\u0117je bei naudojim\u0105si \u0161ia interneto svetaine (\u012fskaitant J\u016bs\u0173 IP adres\u0105, geografin\u0119 viet\u0105, nar\u0161ykl\u0117s tip\u0105, i\u0161 kur buvote nukreiptas, lankymosi trukm\u0119...","og_url":"https:\/\/galibuti.lt\/en\/privacy-policy\/","og_site_name":"Gali b\u016bti","article_publisher":"https:\/\/www.facebook.com\/galibuti.lt","article_modified_time":"2022-04-25T15:10:50+00:00","twitter_card":"summary_large_image","twitter_misc":{"Est. reading time":"3 minutes"},"schema":{"@context":"https:\/\/schema.org","@graph":[{"@type":"WebPage","@id":"https:\/\/galibuti.lt\/privatumo-politika\/","url":"https:\/\/galibuti.lt\/privatumo-politika\/","name":"Privacy Policy - May be","isPartOf":{"@id":"https:\/\/galibuti.lt\/#website"},"datePublished":"2020-12-07T14:21:09+00:00","dateModified":"2022-04-25T15:10:50+00:00","breadcrumb":{"@id":"https:\/\/galibuti.lt\/privatumo-politika\/#breadcrumb"},"inLanguage":"en-US","potentialAction":[{"@type":"ReadAction","target":["https:\/\/galibuti.lt\/privatumo-politika\/"]}]},{"@type":"BreadcrumbList","@id":"https:\/\/galibuti.lt\/privatumo-politika\/#breadcrumb","itemListElement":[{"@type":"ListItem","position":1,"name":"Home","item":"https:\/\/galibuti.lt\/"},{"@type":"ListItem","position":2,"name":"Privatumo politika"}]},{"@type":"WebSite","@id":"https:\/\/galibuti.lt\/#website","url":"https:\/\/galibuti.lt\/","name":"It may be","description":"Clinic of Psychology and Psychiatry","publisher":{"@id":"https:\/\/galibuti.lt\/#organization"},"potentialAction":[{"@type":"SearchAction","target":{"@type":"EntryPoint","urlTemplate":"https:\/\/galibuti.lt\/?s={search_term_string}"},"query-input":{"@type":"PropertyValueSpecification","valueRequired":true,"valueName":"search_term_string"}}],"inLanguage":"en-US"},{"@type":"Organization","@id":"https:\/\/galibuti.lt\/#organization","name":"Galibuti.lt","url":"https:\/\/galibuti.lt\/","logo":{"@type":"ImageObject","inLanguage":"en-US","@id":"https:\/\/galibuti.lt\/#\/schema\/logo\/image\/","url":"https:\/\/galibuti.lt\/wp-content\/uploads\/2021\/05\/galibuti_logotipas-juodas-04.png","contentUrl":"https:\/\/galibuti.lt\/wp-content\/uploads\/2021\/05\/galibuti_logotipas-juodas-04.png","width":315,"height":315,"caption":"Galibuti.lt"},"image":{"@id":"https:\/\/galibuti.lt\/#\/schema\/logo\/image\/"},"sameAs":["https:\/\/www.facebook.com\/galibuti.lt"]}]}},"_links":{"self":[{"href":"https:\/\/galibuti.lt\/en\/wp-json\/wp\/v2\/pages\/3","targetHints":{"allow":["GET"]}}],"collection":[{"href":"https:\/\/galibuti.lt\/en\/wp-json\/wp\/v2\/pages"}],"about":[{"href":"https:\/\/galibuti.lt\/en\/wp-json\/wp\/v2\/types\/page"}],"author":[{"embeddable":true,"href":"https:\/\/galibuti.lt\/en\/wp-json\/wp\/v2\/users\/77"}],"replies":[{"embeddable":true,"href":"https:\/\/galibuti.lt\/en\/wp-json\/wp\/v2\/comments?post=3"}],"version-history":[{"count":10,"href":"https:\/\/galibuti.lt\/en\/wp-json\/wp\/v2\/pages\/3\/revisions"}],"predecessor-version":[{"id":3643,"href":"https:\/\/galibuti.lt\/en\/wp-json\/wp\/v2\/pages\/3\/revisions\/3643"}],"wp:attachment":[{"href":"https:\/\/galibuti.lt\/en\/wp-json\/wp\/v2\/media?parent=3"}],"curies":[{"name":"wp","href":"https:\/\/api.w.org\/{rel}","templated":true}]}}