{"id":3553,"date":"2022-04-10T17:33:00","date_gmt":"2022-04-10T15:33:00","guid":{"rendered":"https:\/\/galibuti.lt\/?page_id=3553"},"modified":"2024-09-29T15:52:34","modified_gmt":"2024-09-29T13:52:34","slug":"crisis-mourning-analysis","status":"publish","type":"page","link":"https:\/\/galibuti.lt\/en\/crisis-mourning-analysis\/","title":{"rendered":"Crises and Mourning"},"content":{"rendered":"<div data-elementor-type=\"wp-page\" data-elementor-id=\"3553\" class=\"elementor elementor-3553\">\n\t\t\t\t\t\t<section class=\"elementor-section elementor-top-section elementor-element elementor-element-14a8ee44 elementor-section-boxed elementor-section-height-default elementor-section-height-default parallax_section_no qode_elementor_container_no\" data-id=\"14a8ee44\" data-element_type=\"section\">\n\t\t\t\t\t\t<div class=\"elementor-container elementor-column-gap-default\">\n\t\t\t\t\t<div class=\"elementor-column elementor-col-100 elementor-top-column elementor-element elementor-element-6b8ec0dd\" data-id=\"6b8ec0dd\" data-element_type=\"column\">\n\t\t\t<div class=\"elementor-widget-wrap elementor-element-populated\">\n\t\t\t\t\t\t<div class=\"elementor-element elementor-element-4ecbd2e6 elementor-widget elementor-widget-heading\" data-id=\"4ecbd2e6\" data-element_type=\"widget\" data-widget_type=\"heading.default\">\n\t\t\t\t<div class=\"elementor-widget-container\">\n\t\t\t\t\t<h1 class=\"elementor-heading-title elementor-size-small\">Crises<\/h1>\t\t\t\t<\/div>\n\t\t\t\t<\/div>\n\t\t\t\t\t<\/div>\n\t\t<\/div>\n\t\t\t\t\t<\/div>\n\t\t<\/section>\n\t\t\t\t<section class=\"elementor-section elementor-top-section elementor-element elementor-element-4316006 elementor-section-content-middle elementor-section-boxed elementor-section-height-default elementor-section-height-default parallax_section_no qode_elementor_container_no\" data-id=\"4316006\" data-element_type=\"section\">\n\t\t\t\t\t\t<div class=\"elementor-container elementor-column-gap-default\">\n\t\t\t\t\t<div class=\"elementor-column elementor-col-50 elementor-top-column elementor-element elementor-element-3cfc730\" data-id=\"3cfc730\" data-element_type=\"column\">\n\t\t\t<div class=\"elementor-widget-wrap elementor-element-populated\">\n\t\t\t\t\t\t<div class=\"elementor-element elementor-element-394e422d elementor-widget elementor-widget-image\" data-id=\"394e422d\" data-element_type=\"widget\" data-widget_type=\"image.default\">\n\t\t\t\t<div class=\"elementor-widget-container\">\n\t\t\t\t\t\t\t\t\t\t\t\t\t\t\t<img fetchpriority=\"high\" decoding=\"async\" width=\"550\" height=\"330\" src=\"https:\/\/galibuti.lt\/wp-content\/uploads\/2022\/04\/Galibuti_krize_550x330.jpg\" class=\"attachment-large size-large wp-image-3554\" alt=\"mourning\" srcset=\"https:\/\/galibuti.lt\/wp-content\/uploads\/2022\/04\/Galibuti_krize_550x330.jpg 550w, https:\/\/galibuti.lt\/wp-content\/uploads\/2022\/04\/Galibuti_krize_550x330-300x180.jpg 300w\" sizes=\"(max-width: 550px) 100vw, 550px\" \/>\t\t\t\t\t\t\t\t\t\t\t\t\t\t\t<\/div>\n\t\t\t\t<\/div>\n\t\t\t\t\t<\/div>\n\t\t<\/div>\n\t\t\t\t<div class=\"elementor-column elementor-col-50 elementor-top-column elementor-element elementor-element-c6010bf\" data-id=\"c6010bf\" data-element_type=\"column\">\n\t\t\t<div class=\"elementor-widget-wrap elementor-element-populated\">\n\t\t\t\t\t\t<div class=\"elementor-element elementor-element-62159613 elementor-widget elementor-widget-text-editor\" data-id=\"62159613\" data-element_type=\"widget\" data-widget_type=\"text-editor.default\">\n\t\t\t\t<div class=\"elementor-widget-container\">\n\t\t\t\t\t\t\t\t\t<p style=\"text-align: justify;\">Psychological crisis is a healthy and normal human reaction to a complex, unexpected or emotionally significant life situation that requires new ways of adaptation and coping. It is important to note that not every difficult life experience causes a crisis, but only one that lasts for a long time or occurs suddenly, accompanied by distressing feelings (severe anxiety, tension, confusion, threat, insecurity, despair), when the aforementioned situation affects other areas of life (it is difficult to be productive and perform daily tasks, communicate with loved ones, and there are difficulties in taking care of one&#039;s physical and emotional well-being). Most experiences can provoke a crisis, but the most common are the following: the loss of a loved one, the collapse of a relationship, experienced violence (sexual, physical, etc.), loss of job or social status, financial difficulties, health problems (mental and physical illnesses). In a crisis, it is extremely important not to leave the sufferer alone, it is worth encouraging him to talk, allowing him to share his oppressive feelings, so that the person feels heard, understood, and supported. If all the tried methods have not helped to resolve the difficulties, it is worth seeking professional help. It is also worth remembering that a crisis is not only a threat, but also an opportunity. Overcoming challenges opens up the opportunity to mature, become stronger, (heal), and become a more harmonious and conscious personality.<\/p>\t\t\t\t\t\t\t\t<\/div>\n\t\t\t\t<\/div>\n\t\t\t\t\t<\/div>\n\t\t<\/div>\n\t\t\t\t\t<\/div>\n\t\t<\/section>\n\t\t\t\t<section class=\"elementor-section elementor-top-section elementor-element elementor-element-d87b6ef elementor-section-boxed elementor-section-height-default elementor-section-height-default parallax_section_no qode_elementor_container_no\" data-id=\"d87b6ef\" data-element_type=\"section\">\n\t\t\t\t\t\t<div class=\"elementor-container elementor-column-gap-default\">\n\t\t\t\t\t<div class=\"elementor-column elementor-col-100 elementor-top-column elementor-element elementor-element-d7a9e53\" data-id=\"d7a9e53\" data-element_type=\"column\">\n\t\t\t<div class=\"elementor-widget-wrap elementor-element-populated\">\n\t\t\t\t\t\t<div class=\"elementor-element elementor-element-1df25c2 elementor-widget elementor-widget-heading\" data-id=\"1df25c2\" data-element_type=\"widget\" data-widget_type=\"heading.default\">\n\t\t\t\t<div class=\"elementor-widget-container\">\n\t\t\t\t\t<h1 class=\"elementor-heading-title elementor-size-small\">Mourning<\/h1>\t\t\t\t<\/div>\n\t\t\t\t<\/div>\n\t\t\t\t\t<\/div>\n\t\t<\/div>\n\t\t\t\t\t<\/div>\n\t\t<\/section>\n\t\t\t\t<section class=\"elementor-section elementor-top-section elementor-element elementor-element-eace893 elementor-section-content-middle elementor-hidden-desktop elementor-section-boxed elementor-section-height-default elementor-section-height-default parallax_section_no qode_elementor_container_no\" data-id=\"eace893\" data-element_type=\"section\">\n\t\t\t\t\t\t<div class=\"elementor-container elementor-column-gap-default\">\n\t\t\t\t\t<div class=\"elementor-column elementor-col-50 elementor-top-column elementor-element elementor-element-1f76db3\" data-id=\"1f76db3\" data-element_type=\"column\">\n\t\t\t<div class=\"elementor-widget-wrap elementor-element-populated\">\n\t\t\t\t\t\t<div class=\"elementor-element elementor-element-49349e2 elementor-widget elementor-widget-image\" data-id=\"49349e2\" data-element_type=\"widget\" data-widget_type=\"image.default\">\n\t\t\t\t<div class=\"elementor-widget-container\">\n\t\t\t\t\t\t\t\t\t\t\t\t\t\t\t<img decoding=\"async\" width=\"570\" height=\"342\" src=\"https:\/\/galibuti.lt\/wp-content\/uploads\/2022\/04\/Galibuti_gedulas_550x330_3.jpg\" class=\"attachment-large size-large wp-image-3616\" alt=\"mourning\" srcset=\"https:\/\/galibuti.lt\/wp-content\/uploads\/2022\/04\/Galibuti_gedulas_550x330_3.jpg 570w, https:\/\/galibuti.lt\/wp-content\/uploads\/2022\/04\/Galibuti_gedulas_550x330_3-300x180.jpg 300w\" sizes=\"(max-width: 570px) 100vw, 570px\" \/>\t\t\t\t\t\t\t\t\t\t\t\t\t\t\t<\/div>\n\t\t\t\t<\/div>\n\t\t\t\t\t<\/div>\n\t\t<\/div>\n\t\t\t\t<div class=\"elementor-column elementor-col-50 elementor-top-column elementor-element elementor-element-eb30db9\" data-id=\"eb30db9\" data-element_type=\"column\">\n\t\t\t<div class=\"elementor-widget-wrap elementor-element-populated\">\n\t\t\t\t\t\t<div class=\"elementor-element elementor-element-8d474c5 elementor-widget elementor-widget-text-editor\" data-id=\"8d474c5\" data-element_type=\"widget\" data-widget_type=\"text-editor.default\">\n\t\t\t\t<div class=\"elementor-widget-container\">\n\t\t\t\t\t\t\t\t\t<p style=\"text-align: justify;\"> Mourning is the grief, sadness, and despair experienced by a person after losing something very dear to them (usually a relationship, family, or loved one due to death). The duration of mourning and the intensity of the feelings experienced depend on the mourner and how close they were to the person they lost. Mourning is a process that involves a variety of, sometimes very contradictory, feelings: from longing, grief, anxiety, fear for loved ones or oneself to anger, guilt, shame, and even relief. It is important to note that there are no \u201cabnormal,\u201d \u201cillegal,\u201d or \u201cunauthorized\u201d feelings. Each feeling that arises during the mourning period is part of coming to terms with the loss. Mourning usually occurs by rethinking the loss and distancing oneself from it, and ultimately by coming to terms with it. Of course, coming to terms with the loss of a loved one does not mean forgetting the deceased or not feeling depressed, vulnerable, or sad about the loss. The pain of loss does not disappear, it just subsides a bit, it is no longer so oppressive, which allows a person to return to normal life. It is important to emphasize that each person grieves differently. It is natural to grieve for as long and as they wish, to be as they want at that time. It is worth worrying when the grieving person has not stopped thinking about the loss, the deceased for some time, cannot return to normal life (work, study, communicate) or, on the contrary, ignores the fact of loss, seeks to avoid mourning and thoughts about what they have lost. In such a case, it is important to seek professional help.<\/p>\t\t\t\t\t\t\t\t<\/div>\n\t\t\t\t<\/div>\n\t\t\t\t\t<\/div>\n\t\t<\/div>\n\t\t\t\t\t<\/div>\n\t\t<\/section>\n\t\t\t\t<section class=\"elementor-section elementor-top-section elementor-element elementor-element-0adb351 elementor-section-content-middle elementor-hidden-tablet elementor-hidden-phone elementor-section-boxed elementor-section-height-default elementor-section-height-default parallax_section_no qode_elementor_container_no\" data-id=\"0adb351\" data-element_type=\"section\">\n\t\t\t\t\t\t<div class=\"elementor-container elementor-column-gap-default\">\n\t\t\t\t\t<div class=\"elementor-column elementor-col-50 elementor-top-column elementor-element elementor-element-28eee04\" data-id=\"28eee04\" data-element_type=\"column\">\n\t\t\t<div class=\"elementor-widget-wrap elementor-element-populated\">\n\t\t\t\t\t\t<div class=\"elementor-element elementor-element-f35665a elementor-widget elementor-widget-text-editor\" data-id=\"f35665a\" data-element_type=\"widget\" data-widget_type=\"text-editor.default\">\n\t\t\t\t<div class=\"elementor-widget-container\">\n\t\t\t\t\t\t\t\t\t<p style=\"text-align: justify;\"> Mourning is the grief, sadness, and despair experienced by a person after losing something very dear to them (usually a relationship, family, or loved one due to death). The duration of mourning and the intensity of the feelings experienced depend on the mourner and how close they were to the person they lost. Mourning is a process that involves a variety of, sometimes very contradictory, feelings: from longing, grief, anxiety, fear for loved ones or oneself to anger, guilt, shame, and even relief. It is important to note that there are no \u201cabnormal,\u201d \u201cillegal,\u201d or \u201cunauthorized\u201d feelings. Each feeling that arises during the mourning period is part of coming to terms with the loss. Mourning usually occurs by rethinking the loss and distancing oneself from it, and ultimately by coming to terms with it. Of course, coming to terms with the loss of a loved one does not mean forgetting the deceased or not feeling depressed, vulnerable, or sad about the loss. The pain of loss does not disappear, it just subsides a bit, it is no longer so oppressive, which allows a person to return to normal life. It is important to emphasize that each person grieves differently. It is natural to grieve for as long and as they wish, to be as they want at that time. It is worth worrying when the grieving person has not stopped thinking about the loss, the deceased for some time, cannot return to normal life (work, study, communicate) or, on the contrary, ignores the fact of loss, seeks to avoid mourning and thoughts about what they have lost. In such a case, it is important to seek professional help.<\/p>\t\t\t\t\t\t\t\t<\/div>\n\t\t\t\t<\/div>\n\t\t\t\t\t<\/div>\n\t\t<\/div>\n\t\t\t\t<div class=\"elementor-column elementor-col-50 elementor-top-column elementor-element elementor-element-e9b1406\" data-id=\"e9b1406\" data-element_type=\"column\">\n\t\t\t<div class=\"elementor-widget-wrap elementor-element-populated\">\n\t\t\t\t\t\t<div class=\"elementor-element elementor-element-7f7faac elementor-widget elementor-widget-image\" data-id=\"7f7faac\" data-element_type=\"widget\" data-widget_type=\"image.default\">\n\t\t\t\t<div class=\"elementor-widget-container\">\n\t\t\t\t\t\t\t\t\t\t\t\t\t\t\t<img decoding=\"async\" width=\"570\" height=\"342\" src=\"https:\/\/galibuti.lt\/wp-content\/uploads\/2022\/04\/Galibuti_gedulas_550x330_3.jpg\" class=\"attachment-large size-large wp-image-3616\" alt=\"mourning\" srcset=\"https:\/\/galibuti.lt\/wp-content\/uploads\/2022\/04\/Galibuti_gedulas_550x330_3.jpg 570w, https:\/\/galibuti.lt\/wp-content\/uploads\/2022\/04\/Galibuti_gedulas_550x330_3-300x180.jpg 300w\" sizes=\"(max-width: 570px) 100vw, 570px\" \/>\t\t\t\t\t\t\t\t\t\t\t\t\t\t\t<\/div>\n\t\t\t\t<\/div>\n\t\t\t\t\t<\/div>\n\t\t<\/div>\n\t\t\t\t\t<\/div>\n\t\t<\/section>\n\t\t\t\t<section class=\"elementor-section elementor-top-section elementor-element elementor-element-38c536dc elementor-section-boxed elementor-section-height-default elementor-section-height-default parallax_section_no qode_elementor_container_no\" data-id=\"38c536dc\" data-element_type=\"section\">\n\t\t\t\t\t\t<div class=\"elementor-container elementor-column-gap-default\">\n\t\t\t\t\t<div class=\"elementor-column elementor-col-100 elementor-top-column elementor-element elementor-element-10c815e4\" data-id=\"10c815e4\" data-element_type=\"column\">\n\t\t\t<div class=\"elementor-widget-wrap elementor-element-populated\">\n\t\t\t\t\t\t<div class=\"elementor-element elementor-element-2670ec32 elementor-align-center elementor-widget elementor-widget-button\" data-id=\"2670ec32\" data-element_type=\"widget\" data-widget_type=\"button.default\">\n\t\t\t\t<div class=\"elementor-widget-container\">\n\t\t\t\t\t\t\t\t\t<div class=\"elementor-button-wrapper\">\n\t\t\t\t\t<a class=\"elementor-button elementor-button-link elementor-size-md\" href=\"https:\/\/galibuti.lt\/en\/crisis-mourning\/\">\n\t\t\t\t\t\t<span class=\"elementor-button-content-wrapper\">\n\t\t\t\t\t\t\t\t\t<span class=\"elementor-button-text\">Register<\/span>\n\t\t\t\t\t<\/span>\n\t\t\t\t\t<\/a>\n\t\t\t\t<\/div>\n\t\t\t\t\t\t\t\t<\/div>\n\t\t\t\t<\/div>\n\t\t\t\t\t<\/div>\n\t\t<\/div>\n\t\t\t\t\t<\/div>\n\t\t<\/section>\n\t\t\t\t<\/div>","protected":false},"excerpt":{"rendered":"<p>Kriz\u0117s Psichologin\u0117 kriz\u0117 \u2013 tai sveika ir \u012fprasta \u017emogaus reakcija \u012f sud\u0117ting\u0105, netik\u0117t\u0105 ar emoci\u0161kai reik\u0161ming\u0105 gyvenimo situacij\u0105, reikalaujan\u010di\u0105 nauj\u0173 adaptacijos ir \u012fveikos b\u016bd\u0173. Svarbu pasakyti, kad ne kiekviena sunkesn\u0117 gyvenimo patirtis sukelia kriz\u0119, o tik tokia, kuri trunka ilg\u0105 laik\u0105 arba \u012fvyksta staiga, kuri\u0105&#8230;<\/p>","protected":false},"author":77,"featured_media":0,"parent":0,"menu_order":0,"comment_status":"closed","ping_status":"closed","template":"","meta":{"inline_featured_image":false,"footnotes":""},"class_list":["post-3553","page","type-page","status-publish","hentry"],"yoast_head":"<!-- This site is optimized with the Yoast SEO plugin v27.3 - https:\/\/yoast.com\/product\/yoast-seo-wordpress\/ -->\n<title>Krizes ir Gedulas - Gali b\u016bti<\/title>\n<meta name=\"robots\" content=\"index, follow, max-snippet:-1, max-image-preview:large, max-video-preview:-1\" \/>\n<link rel=\"canonical\" href=\"https:\/\/galibuti.lt\/en\/crisis-mourning-analysis\/\" \/>\n<meta property=\"og:locale\" content=\"en_US\" \/>\n<meta property=\"og:type\" content=\"article\" \/>\n<meta property=\"og:title\" content=\"Krizes ir Gedulas - Gali b\u016bti\" \/>\n<meta property=\"og:description\" content=\"Kriz\u0117s Psichologin\u0117 kriz\u0117 \u2013 tai sveika ir \u012fprasta \u017emogaus reakcija \u012f sud\u0117ting\u0105, netik\u0117t\u0105 ar emoci\u0161kai reik\u0161ming\u0105 gyvenimo situacij\u0105, reikalaujan\u010di\u0105 nauj\u0173 adaptacijos ir \u012fveikos b\u016bd\u0173. Svarbu pasakyti, kad ne kiekviena sunkesn\u0117 gyvenimo patirtis sukelia kriz\u0119, o tik tokia, kuri trunka ilg\u0105 laik\u0105 arba \u012fvyksta staiga, kuri\u0105...\" \/>\n<meta property=\"og:url\" content=\"https:\/\/galibuti.lt\/en\/crisis-mourning-analysis\/\" \/>\n<meta property=\"og:site_name\" content=\"Gali b\u016bti\" \/>\n<meta property=\"article:publisher\" content=\"https:\/\/www.facebook.com\/galibuti.lt\" \/>\n<meta property=\"article:modified_time\" content=\"2024-09-29T13:52:34+00:00\" \/>\n<meta property=\"og:image\" content=\"https:\/\/galibuti.lt\/wp-content\/uploads\/2022\/04\/Galibuti_krize_550x330.jpg\" \/>\n<meta name=\"twitter:card\" content=\"summary_large_image\" \/>\n<meta name=\"twitter:label1\" content=\"Est. reading time\" \/>\n\t<meta name=\"twitter:data1\" content=\"4 minutes\" \/>\n<script type=\"application\/ld+json\" class=\"yoast-schema-graph\">{\"@context\":\"https:\\\/\\\/schema.org\",\"@graph\":[{\"@type\":\"WebPage\",\"@id\":\"https:\\\/\\\/galibuti.lt\\\/krize-gedulas-nagrinejimas\\\/\",\"url\":\"https:\\\/\\\/galibuti.lt\\\/krize-gedulas-nagrinejimas\\\/\",\"name\":\"Krizes ir Gedulas - Gali b\u016bti\",\"isPartOf\":{\"@id\":\"https:\\\/\\\/galibuti.lt\\\/#website\"},\"primaryImageOfPage\":{\"@id\":\"https:\\\/\\\/galibuti.lt\\\/krize-gedulas-nagrinejimas\\\/#primaryimage\"},\"image\":{\"@id\":\"https:\\\/\\\/galibuti.lt\\\/krize-gedulas-nagrinejimas\\\/#primaryimage\"},\"thumbnailUrl\":\"https:\\\/\\\/galibuti.lt\\\/wp-content\\\/uploads\\\/2022\\\/04\\\/Galibuti_krize_550x330.jpg\",\"datePublished\":\"2022-04-10T15:33:00+00:00\",\"dateModified\":\"2024-09-29T13:52:34+00:00\",\"breadcrumb\":{\"@id\":\"https:\\\/\\\/galibuti.lt\\\/krize-gedulas-nagrinejimas\\\/#breadcrumb\"},\"inLanguage\":\"en-US\",\"potentialAction\":[{\"@type\":\"ReadAction\",\"target\":[\"https:\\\/\\\/galibuti.lt\\\/krize-gedulas-nagrinejimas\\\/\"]}]},{\"@type\":\"ImageObject\",\"inLanguage\":\"en-US\",\"@id\":\"https:\\\/\\\/galibuti.lt\\\/krize-gedulas-nagrinejimas\\\/#primaryimage\",\"url\":\"https:\\\/\\\/galibuti.lt\\\/wp-content\\\/uploads\\\/2022\\\/04\\\/Galibuti_krize_550x330.jpg\",\"contentUrl\":\"https:\\\/\\\/galibuti.lt\\\/wp-content\\\/uploads\\\/2022\\\/04\\\/Galibuti_krize_550x330.jpg\"},{\"@type\":\"BreadcrumbList\",\"@id\":\"https:\\\/\\\/galibuti.lt\\\/krize-gedulas-nagrinejimas\\\/#breadcrumb\",\"itemListElement\":[{\"@type\":\"ListItem\",\"position\":1,\"name\":\"Home\",\"item\":\"https:\\\/\\\/galibuti.lt\\\/\"},{\"@type\":\"ListItem\",\"position\":2,\"name\":\"Krizes ir Gedulas\"}]},{\"@type\":\"WebSite\",\"@id\":\"https:\\\/\\\/galibuti.lt\\\/#website\",\"url\":\"https:\\\/\\\/galibuti.lt\\\/\",\"name\":\"Gali b\u016bti\",\"description\":\"Psichologijos ir Psichiatrijos klinika\",\"publisher\":{\"@id\":\"https:\\\/\\\/galibuti.lt\\\/#organization\"},\"potentialAction\":[{\"@type\":\"SearchAction\",\"target\":{\"@type\":\"EntryPoint\",\"urlTemplate\":\"https:\\\/\\\/galibuti.lt\\\/?s={search_term_string}\"},\"query-input\":{\"@type\":\"PropertyValueSpecification\",\"valueRequired\":true,\"valueName\":\"search_term_string\"}}],\"inLanguage\":\"en-US\"},{\"@type\":\"Organization\",\"@id\":\"https:\\\/\\\/galibuti.lt\\\/#organization\",\"name\":\"Galibuti.lt\",\"url\":\"https:\\\/\\\/galibuti.lt\\\/\",\"logo\":{\"@type\":\"ImageObject\",\"inLanguage\":\"en-US\",\"@id\":\"https:\\\/\\\/galibuti.lt\\\/#\\\/schema\\\/logo\\\/image\\\/\",\"url\":\"https:\\\/\\\/galibuti.lt\\\/wp-content\\\/uploads\\\/2021\\\/05\\\/galibuti_logotipas-juodas-04.png\",\"contentUrl\":\"https:\\\/\\\/galibuti.lt\\\/wp-content\\\/uploads\\\/2021\\\/05\\\/galibuti_logotipas-juodas-04.png\",\"width\":315,\"height\":315,\"caption\":\"Galibuti.lt\"},\"image\":{\"@id\":\"https:\\\/\\\/galibuti.lt\\\/#\\\/schema\\\/logo\\\/image\\\/\"},\"sameAs\":[\"https:\\\/\\\/www.facebook.com\\\/galibuti.lt\"]}]}<\/script>\n<!-- \/ Yoast SEO plugin. -->","yoast_head_json":{"title":"Crises and Mourning - It Could Be","robots":{"index":"index","follow":"follow","max-snippet":"max-snippet:-1","max-image-preview":"max-image-preview:large","max-video-preview":"max-video-preview:-1"},"canonical":"https:\/\/galibuti.lt\/en\/crisis-mourning-analysis\/","og_locale":"en_US","og_type":"article","og_title":"Krizes ir Gedulas - Gali b\u016bti","og_description":"Kriz\u0117s Psichologin\u0117 kriz\u0117 \u2013 tai sveika ir \u012fprasta \u017emogaus reakcija \u012f sud\u0117ting\u0105, netik\u0117t\u0105 ar emoci\u0161kai reik\u0161ming\u0105 gyvenimo situacij\u0105, reikalaujan\u010di\u0105 nauj\u0173 adaptacijos ir \u012fveikos b\u016bd\u0173. Svarbu pasakyti, kad ne kiekviena sunkesn\u0117 gyvenimo patirtis sukelia kriz\u0119, o tik tokia, kuri trunka ilg\u0105 laik\u0105 arba \u012fvyksta staiga, kuri\u0105...","og_url":"https:\/\/galibuti.lt\/en\/crisis-mourning-analysis\/","og_site_name":"Gali b\u016bti","article_publisher":"https:\/\/www.facebook.com\/galibuti.lt","article_modified_time":"2024-09-29T13:52:34+00:00","og_image":[{"url":"https:\/\/galibuti.lt\/wp-content\/uploads\/2022\/04\/Galibuti_krize_550x330.jpg","type":"","width":"","height":""}],"twitter_card":"summary_large_image","twitter_misc":{"Est. reading time":"4 minutes"},"schema":{"@context":"https:\/\/schema.org","@graph":[{"@type":"WebPage","@id":"https:\/\/galibuti.lt\/krize-gedulas-nagrinejimas\/","url":"https:\/\/galibuti.lt\/krize-gedulas-nagrinejimas\/","name":"Crises and Mourning - It Could Be","isPartOf":{"@id":"https:\/\/galibuti.lt\/#website"},"primaryImageOfPage":{"@id":"https:\/\/galibuti.lt\/krize-gedulas-nagrinejimas\/#primaryimage"},"image":{"@id":"https:\/\/galibuti.lt\/krize-gedulas-nagrinejimas\/#primaryimage"},"thumbnailUrl":"https:\/\/galibuti.lt\/wp-content\/uploads\/2022\/04\/Galibuti_krize_550x330.jpg","datePublished":"2022-04-10T15:33:00+00:00","dateModified":"2024-09-29T13:52:34+00:00","breadcrumb":{"@id":"https:\/\/galibuti.lt\/krize-gedulas-nagrinejimas\/#breadcrumb"},"inLanguage":"en-US","potentialAction":[{"@type":"ReadAction","target":["https:\/\/galibuti.lt\/krize-gedulas-nagrinejimas\/"]}]},{"@type":"ImageObject","inLanguage":"en-US","@id":"https:\/\/galibuti.lt\/krize-gedulas-nagrinejimas\/#primaryimage","url":"https:\/\/galibuti.lt\/wp-content\/uploads\/2022\/04\/Galibuti_krize_550x330.jpg","contentUrl":"https:\/\/galibuti.lt\/wp-content\/uploads\/2022\/04\/Galibuti_krize_550x330.jpg"},{"@type":"BreadcrumbList","@id":"https:\/\/galibuti.lt\/krize-gedulas-nagrinejimas\/#breadcrumb","itemListElement":[{"@type":"ListItem","position":1,"name":"Home","item":"https:\/\/galibuti.lt\/"},{"@type":"ListItem","position":2,"name":"Krizes ir Gedulas"}]},{"@type":"WebSite","@id":"https:\/\/galibuti.lt\/#website","url":"https:\/\/galibuti.lt\/","name":"It may be","description":"Clinic of Psychology and Psychiatry","publisher":{"@id":"https:\/\/galibuti.lt\/#organization"},"potentialAction":[{"@type":"SearchAction","target":{"@type":"EntryPoint","urlTemplate":"https:\/\/galibuti.lt\/?s={search_term_string}"},"query-input":{"@type":"PropertyValueSpecification","valueRequired":true,"valueName":"search_term_string"}}],"inLanguage":"en-US"},{"@type":"Organization","@id":"https:\/\/galibuti.lt\/#organization","name":"Galibuti.lt","url":"https:\/\/galibuti.lt\/","logo":{"@type":"ImageObject","inLanguage":"en-US","@id":"https:\/\/galibuti.lt\/#\/schema\/logo\/image\/","url":"https:\/\/galibuti.lt\/wp-content\/uploads\/2021\/05\/galibuti_logotipas-juodas-04.png","contentUrl":"https:\/\/galibuti.lt\/wp-content\/uploads\/2021\/05\/galibuti_logotipas-juodas-04.png","width":315,"height":315,"caption":"Galibuti.lt"},"image":{"@id":"https:\/\/galibuti.lt\/#\/schema\/logo\/image\/"},"sameAs":["https:\/\/www.facebook.com\/galibuti.lt"]}]}},"_links":{"self":[{"href":"https:\/\/galibuti.lt\/en\/wp-json\/wp\/v2\/pages\/3553","targetHints":{"allow":["GET"]}}],"collection":[{"href":"https:\/\/galibuti.lt\/en\/wp-json\/wp\/v2\/pages"}],"about":[{"href":"https:\/\/galibuti.lt\/en\/wp-json\/wp\/v2\/types\/page"}],"author":[{"embeddable":true,"href":"https:\/\/galibuti.lt\/en\/wp-json\/wp\/v2\/users\/77"}],"replies":[{"embeddable":true,"href":"https:\/\/galibuti.lt\/en\/wp-json\/wp\/v2\/comments?post=3553"}],"version-history":[{"count":25,"href":"https:\/\/galibuti.lt\/en\/wp-json\/wp\/v2\/pages\/3553\/revisions"}],"predecessor-version":[{"id":7440,"href":"https:\/\/galibuti.lt\/en\/wp-json\/wp\/v2\/pages\/3553\/revisions\/7440"}],"wp:attachment":[{"href":"https:\/\/galibuti.lt\/en\/wp-json\/wp\/v2\/media?parent=3553"}],"curies":[{"name":"wp","href":"https:\/\/api.w.org\/{rel}","templated":true}]}}