{"id":3562,"date":"2022-04-10T17:35:53","date_gmt":"2022-04-10T15:35:53","guid":{"rendered":"https:\/\/galibuti.lt\/?page_id=3562"},"modified":"2024-09-29T15:53:11","modified_gmt":"2024-09-29T13:53:11","slug":"suicide-crisis","status":"publish","type":"page","link":"https:\/\/galibuti.lt\/en\/suicide-crisis\/","title":{"rendered":"Suicide crisis"},"content":{"rendered":"<div data-elementor-type=\"wp-page\" data-elementor-id=\"3562\" class=\"elementor elementor-3562\">\n\t\t\t\t\t\t<section class=\"elementor-section elementor-top-section elementor-element elementor-element-466d09e0 elementor-section-boxed elementor-section-height-default elementor-section-height-default parallax_section_no qode_elementor_container_no\" data-id=\"466d09e0\" data-element_type=\"section\">\n\t\t\t\t\t\t<div class=\"elementor-container elementor-column-gap-default\">\n\t\t\t\t\t<div class=\"elementor-column elementor-col-100 elementor-top-column elementor-element elementor-element-14ed6d3b\" data-id=\"14ed6d3b\" data-element_type=\"column\">\n\t\t\t<div class=\"elementor-widget-wrap elementor-element-populated\">\n\t\t\t\t\t\t<div class=\"elementor-element elementor-element-50a107c7 elementor-widget elementor-widget-heading\" data-id=\"50a107c7\" data-element_type=\"widget\" data-widget_type=\"heading.default\">\n\t\t\t\t<div class=\"elementor-widget-container\">\n\t\t\t\t\t<h1 class=\"elementor-heading-title elementor-size-small\">Suicide<\/h1>\t\t\t\t<\/div>\n\t\t\t\t<\/div>\n\t\t\t\t\t<\/div>\n\t\t<\/div>\n\t\t\t\t\t<\/div>\n\t\t<\/section>\n\t\t\t\t<section class=\"elementor-section elementor-top-section elementor-element elementor-element-c2bbbc5 elementor-section-content-middle elementor-section-boxed elementor-section-height-default elementor-section-height-default parallax_section_no qode_elementor_container_no\" data-id=\"c2bbbc5\" data-element_type=\"section\">\n\t\t\t\t\t\t<div class=\"elementor-container elementor-column-gap-default\">\n\t\t\t\t\t<div class=\"elementor-column elementor-col-50 elementor-top-column elementor-element elementor-element-c3721be\" data-id=\"c3721be\" data-element_type=\"column\">\n\t\t\t<div class=\"elementor-widget-wrap elementor-element-populated\">\n\t\t\t\t\t\t<div class=\"elementor-element elementor-element-2b116116 elementor-widget elementor-widget-image\" data-id=\"2b116116\" data-element_type=\"widget\" data-widget_type=\"image.default\">\n\t\t\t\t<div class=\"elementor-widget-container\">\n\t\t\t\t\t\t\t\t\t\t\t\t\t\t\t<img fetchpriority=\"high\" decoding=\"async\" width=\"550\" height=\"330\" src=\"https:\/\/galibuti.lt\/wp-content\/uploads\/2022\/04\/Galibuti_savizudybe_550x330.jpg\" class=\"attachment-large size-large wp-image-3563\" alt=\"suicide crisis\" srcset=\"https:\/\/galibuti.lt\/wp-content\/uploads\/2022\/04\/Galibuti_savizudybe_550x330.jpg 550w, https:\/\/galibuti.lt\/wp-content\/uploads\/2022\/04\/Galibuti_savizudybe_550x330-300x180.jpg 300w\" sizes=\"(max-width: 550px) 100vw, 550px\" \/>\t\t\t\t\t\t\t\t\t\t\t\t\t\t\t<\/div>\n\t\t\t\t<\/div>\n\t\t\t\t\t<\/div>\n\t\t<\/div>\n\t\t\t\t<div class=\"elementor-column elementor-col-50 elementor-top-column elementor-element elementor-element-4853795\" data-id=\"4853795\" data-element_type=\"column\">\n\t\t\t<div class=\"elementor-widget-wrap elementor-element-populated\">\n\t\t\t\t\t\t<div class=\"elementor-element elementor-element-27487b2a elementor-widget elementor-widget-text-editor\" data-id=\"27487b2a\" data-element_type=\"widget\" data-widget_type=\"text-editor.default\">\n\t\t\t\t<div class=\"elementor-widget-container\">\n\t\t\t\t\t\t\t\t\t<p style=\"text-align: justify;\">Suicide is a long-term process determined by various factors \u2013 genetic, psychological, social, psychopathological, cultural, economic, etc. Suicide is a voluntary, life-threatening act committed by a person himself, causing death. Most often, such a way out of his difficulties is thought about for years. First of all, a person only thinks about suicide, especially when faced with a crisis situation, so \u201cviscous\u201d suicidal thoughts can intensify or disappear completely. There is a desire to not exist, to die, to stop suffering, but suicide seems impossible. When the thoughts do not subside, a person not only thinks about suicide, which can end in death, but also begins to strive for it. Suicide is perceived as the only way out to solve difficulties and alleviate suffering. As the pain increases, people begin to consider various methods of suicide, think about specific details, and the necessary means, until the conceived plan is implemented and the person commits suicide. It is important to say that not everyone who thinks about suicide intends to do it and not everyone who attempts suicide dies. The process of suicide can be stopped at any time - by seeking professional help and trying to help themselves. An imminent risk of suicide can be suspected if a person suddenly changes (behaves unusually, communicates, takes unreasonable risks), evaluates themselves negatively, can no longer concentrate, becomes irritable, extremely sensitive, experiences major emotional fluctuations, depression, isolates themselves from loved ones, talks a lot (jokingly, discussing) about suicide, shows signs of farewell (returns gifts, debts, writes letters). It is extremely important to take care of a person with suicidal tendencies, encourage them to talk, share their difficulties, offer help (both personal and professional) to overcome the crisis.<\/p>\t\t\t\t\t\t\t\t<\/div>\n\t\t\t\t<\/div>\n\t\t\t\t\t<\/div>\n\t\t<\/div>\n\t\t\t\t\t<\/div>\n\t\t<\/section>\n\t\t\t\t<section class=\"elementor-section elementor-top-section elementor-element elementor-element-7d6c818f elementor-section-boxed elementor-section-height-default elementor-section-height-default parallax_section_no qode_elementor_container_no\" data-id=\"7d6c818f\" data-element_type=\"section\">\n\t\t\t\t\t\t<div class=\"elementor-container elementor-column-gap-default\">\n\t\t\t\t\t<div class=\"elementor-column elementor-col-100 elementor-top-column elementor-element elementor-element-454332d8\" data-id=\"454332d8\" data-element_type=\"column\">\n\t\t\t<div class=\"elementor-widget-wrap elementor-element-populated\">\n\t\t\t\t\t\t<div class=\"elementor-element elementor-element-25736b4f elementor-align-center elementor-widget elementor-widget-button\" data-id=\"25736b4f\" data-element_type=\"widget\" data-widget_type=\"button.default\">\n\t\t\t\t<div class=\"elementor-widget-container\">\n\t\t\t\t\t\t\t\t\t<div class=\"elementor-button-wrapper\">\n\t\t\t\t\t<a class=\"elementor-button elementor-button-link elementor-size-md\" href=\"https:\/\/galibuti.lt\/en\/suicide\/\">\n\t\t\t\t\t\t<span class=\"elementor-button-content-wrapper\">\n\t\t\t\t\t\t\t\t\t<span class=\"elementor-button-text\">Register<\/span>\n\t\t\t\t\t<\/span>\n\t\t\t\t\t<\/a>\n\t\t\t\t<\/div>\n\t\t\t\t\t\t\t\t<\/div>\n\t\t\t\t<\/div>\n\t\t\t\t\t<\/div>\n\t\t<\/div>\n\t\t\t\t\t<\/div>\n\t\t<\/section>\n\t\t\t\t<\/div>","protected":false},"excerpt":{"rendered":"<p>Savi\u017eudyb\u0117 Savi\u017eudyb\u0117 \u2013 tai ilgalaikis procesas, nulemtas \u012fvairi\u0173 \u2013 genetini\u0173, psichologini\u0173, socialini\u0173, psichopatologini\u0173, kult\u016brini\u0173, ekonomini\u0173 ir kt. \u2013 veiksni\u0173. Savi\u017eudyb\u0117 yra valingas, paties \u017emogaus atliktas gyvybei pavojingas veiksmas, sukeliantis mirt\u012f. Da\u017eniausiai apie toki\u0105 i\u0161eit\u012f savo sunkumams \u012fveikti galvojama met\u0173 metus. Vis\u0173 pirma apie savi\u017eudyb\u0119 \u017emogus&#8230;<\/p>","protected":false},"author":77,"featured_media":0,"parent":0,"menu_order":0,"comment_status":"closed","ping_status":"closed","template":"","meta":{"inline_featured_image":false,"footnotes":""},"class_list":["post-3562","page","type-page","status-publish","hentry"],"yoast_head":"<!-- This site is optimized with the Yoast SEO plugin v27.3 - https:\/\/yoast.com\/product\/yoast-seo-wordpress\/ -->\n<title>Savi\u017eudyb\u0117s kriz\u0117 - Gali b\u016bti<\/title>\n<meta name=\"robots\" content=\"index, follow, max-snippet:-1, max-image-preview:large, max-video-preview:-1\" \/>\n<link rel=\"canonical\" href=\"https:\/\/galibuti.lt\/en\/suicide-crisis\/\" \/>\n<meta property=\"og:locale\" content=\"en_US\" \/>\n<meta property=\"og:type\" content=\"article\" \/>\n<meta property=\"og:title\" content=\"Savi\u017eudyb\u0117s kriz\u0117 - Gali b\u016bti\" \/>\n<meta property=\"og:description\" content=\"Savi\u017eudyb\u0117 Savi\u017eudyb\u0117 \u2013 tai ilgalaikis procesas, nulemtas \u012fvairi\u0173 \u2013 genetini\u0173, psichologini\u0173, socialini\u0173, psichopatologini\u0173, kult\u016brini\u0173, ekonomini\u0173 ir kt. \u2013 veiksni\u0173. Savi\u017eudyb\u0117 yra valingas, paties \u017emogaus atliktas gyvybei pavojingas veiksmas, sukeliantis mirt\u012f. Da\u017eniausiai apie toki\u0105 i\u0161eit\u012f savo sunkumams \u012fveikti galvojama met\u0173 metus. Vis\u0173 pirma apie savi\u017eudyb\u0119 \u017emogus...\" \/>\n<meta property=\"og:url\" content=\"https:\/\/galibuti.lt\/en\/suicide-crisis\/\" \/>\n<meta property=\"og:site_name\" content=\"Gali b\u016bti\" \/>\n<meta property=\"article:publisher\" content=\"https:\/\/www.facebook.com\/galibuti.lt\" \/>\n<meta property=\"article:modified_time\" content=\"2024-09-29T13:53:11+00:00\" \/>\n<meta property=\"og:image\" content=\"https:\/\/galibuti.lt\/wp-content\/uploads\/2022\/04\/Galibuti_savizudybe_550x330.jpg\" \/>\n<meta name=\"twitter:card\" content=\"summary_large_image\" \/>\n<meta name=\"twitter:label1\" content=\"Est. reading time\" \/>\n\t<meta name=\"twitter:data1\" content=\"2 minutes\" \/>\n<script type=\"application\/ld+json\" class=\"yoast-schema-graph\">{\"@context\":\"https:\\\/\\\/schema.org\",\"@graph\":[{\"@type\":\"WebPage\",\"@id\":\"https:\\\/\\\/galibuti.lt\\\/savizudybes-krize\\\/\",\"url\":\"https:\\\/\\\/galibuti.lt\\\/savizudybes-krize\\\/\",\"name\":\"Savi\u017eudyb\u0117s kriz\u0117 - Gali b\u016bti\",\"isPartOf\":{\"@id\":\"https:\\\/\\\/galibuti.lt\\\/#website\"},\"primaryImageOfPage\":{\"@id\":\"https:\\\/\\\/galibuti.lt\\\/savizudybes-krize\\\/#primaryimage\"},\"image\":{\"@id\":\"https:\\\/\\\/galibuti.lt\\\/savizudybes-krize\\\/#primaryimage\"},\"thumbnailUrl\":\"https:\\\/\\\/galibuti.lt\\\/wp-content\\\/uploads\\\/2022\\\/04\\\/Galibuti_savizudybe_550x330.jpg\",\"datePublished\":\"2022-04-10T15:35:53+00:00\",\"dateModified\":\"2024-09-29T13:53:11+00:00\",\"breadcrumb\":{\"@id\":\"https:\\\/\\\/galibuti.lt\\\/savizudybes-krize\\\/#breadcrumb\"},\"inLanguage\":\"en-US\",\"potentialAction\":[{\"@type\":\"ReadAction\",\"target\":[\"https:\\\/\\\/galibuti.lt\\\/savizudybes-krize\\\/\"]}]},{\"@type\":\"ImageObject\",\"inLanguage\":\"en-US\",\"@id\":\"https:\\\/\\\/galibuti.lt\\\/savizudybes-krize\\\/#primaryimage\",\"url\":\"https:\\\/\\\/galibuti.lt\\\/wp-content\\\/uploads\\\/2022\\\/04\\\/Galibuti_savizudybe_550x330.jpg\",\"contentUrl\":\"https:\\\/\\\/galibuti.lt\\\/wp-content\\\/uploads\\\/2022\\\/04\\\/Galibuti_savizudybe_550x330.jpg\"},{\"@type\":\"BreadcrumbList\",\"@id\":\"https:\\\/\\\/galibuti.lt\\\/savizudybes-krize\\\/#breadcrumb\",\"itemListElement\":[{\"@type\":\"ListItem\",\"position\":1,\"name\":\"Home\",\"item\":\"https:\\\/\\\/galibuti.lt\\\/\"},{\"@type\":\"ListItem\",\"position\":2,\"name\":\"Savi\u017eudyb\u0117s kriz\u0117\"}]},{\"@type\":\"WebSite\",\"@id\":\"https:\\\/\\\/galibuti.lt\\\/#website\",\"url\":\"https:\\\/\\\/galibuti.lt\\\/\",\"name\":\"Gali b\u016bti\",\"description\":\"Psichologijos ir Psichiatrijos klinika\",\"publisher\":{\"@id\":\"https:\\\/\\\/galibuti.lt\\\/#organization\"},\"potentialAction\":[{\"@type\":\"SearchAction\",\"target\":{\"@type\":\"EntryPoint\",\"urlTemplate\":\"https:\\\/\\\/galibuti.lt\\\/?s={search_term_string}\"},\"query-input\":{\"@type\":\"PropertyValueSpecification\",\"valueRequired\":true,\"valueName\":\"search_term_string\"}}],\"inLanguage\":\"en-US\"},{\"@type\":\"Organization\",\"@id\":\"https:\\\/\\\/galibuti.lt\\\/#organization\",\"name\":\"Galibuti.lt\",\"url\":\"https:\\\/\\\/galibuti.lt\\\/\",\"logo\":{\"@type\":\"ImageObject\",\"inLanguage\":\"en-US\",\"@id\":\"https:\\\/\\\/galibuti.lt\\\/#\\\/schema\\\/logo\\\/image\\\/\",\"url\":\"https:\\\/\\\/galibuti.lt\\\/wp-content\\\/uploads\\\/2021\\\/05\\\/galibuti_logotipas-juodas-04.png\",\"contentUrl\":\"https:\\\/\\\/galibuti.lt\\\/wp-content\\\/uploads\\\/2021\\\/05\\\/galibuti_logotipas-juodas-04.png\",\"width\":315,\"height\":315,\"caption\":\"Galibuti.lt\"},\"image\":{\"@id\":\"https:\\\/\\\/galibuti.lt\\\/#\\\/schema\\\/logo\\\/image\\\/\"},\"sameAs\":[\"https:\\\/\\\/www.facebook.com\\\/galibuti.lt\"]}]}<\/script>\n<!-- \/ Yoast SEO plugin. -->","yoast_head_json":{"title":"Suicidal Crisis - It Could Be","robots":{"index":"index","follow":"follow","max-snippet":"max-snippet:-1","max-image-preview":"max-image-preview:large","max-video-preview":"max-video-preview:-1"},"canonical":"https:\/\/galibuti.lt\/en\/suicide-crisis\/","og_locale":"en_US","og_type":"article","og_title":"Savi\u017eudyb\u0117s kriz\u0117 - Gali b\u016bti","og_description":"Savi\u017eudyb\u0117 Savi\u017eudyb\u0117 \u2013 tai ilgalaikis procesas, nulemtas \u012fvairi\u0173 \u2013 genetini\u0173, psichologini\u0173, socialini\u0173, psichopatologini\u0173, kult\u016brini\u0173, ekonomini\u0173 ir kt. \u2013 veiksni\u0173. Savi\u017eudyb\u0117 yra valingas, paties \u017emogaus atliktas gyvybei pavojingas veiksmas, sukeliantis mirt\u012f. Da\u017eniausiai apie toki\u0105 i\u0161eit\u012f savo sunkumams \u012fveikti galvojama met\u0173 metus. Vis\u0173 pirma apie savi\u017eudyb\u0119 \u017emogus...","og_url":"https:\/\/galibuti.lt\/en\/suicide-crisis\/","og_site_name":"Gali b\u016bti","article_publisher":"https:\/\/www.facebook.com\/galibuti.lt","article_modified_time":"2024-09-29T13:53:11+00:00","og_image":[{"url":"https:\/\/galibuti.lt\/wp-content\/uploads\/2022\/04\/Galibuti_savizudybe_550x330.jpg","type":"","width":"","height":""}],"twitter_card":"summary_large_image","twitter_misc":{"Est. reading time":"2 minutes"},"schema":{"@context":"https:\/\/schema.org","@graph":[{"@type":"WebPage","@id":"https:\/\/galibuti.lt\/savizudybes-krize\/","url":"https:\/\/galibuti.lt\/savizudybes-krize\/","name":"Suicidal Crisis - It Could Be","isPartOf":{"@id":"https:\/\/galibuti.lt\/#website"},"primaryImageOfPage":{"@id":"https:\/\/galibuti.lt\/savizudybes-krize\/#primaryimage"},"image":{"@id":"https:\/\/galibuti.lt\/savizudybes-krize\/#primaryimage"},"thumbnailUrl":"https:\/\/galibuti.lt\/wp-content\/uploads\/2022\/04\/Galibuti_savizudybe_550x330.jpg","datePublished":"2022-04-10T15:35:53+00:00","dateModified":"2024-09-29T13:53:11+00:00","breadcrumb":{"@id":"https:\/\/galibuti.lt\/savizudybes-krize\/#breadcrumb"},"inLanguage":"en-US","potentialAction":[{"@type":"ReadAction","target":["https:\/\/galibuti.lt\/savizudybes-krize\/"]}]},{"@type":"ImageObject","inLanguage":"en-US","@id":"https:\/\/galibuti.lt\/savizudybes-krize\/#primaryimage","url":"https:\/\/galibuti.lt\/wp-content\/uploads\/2022\/04\/Galibuti_savizudybe_550x330.jpg","contentUrl":"https:\/\/galibuti.lt\/wp-content\/uploads\/2022\/04\/Galibuti_savizudybe_550x330.jpg"},{"@type":"BreadcrumbList","@id":"https:\/\/galibuti.lt\/savizudybes-krize\/#breadcrumb","itemListElement":[{"@type":"ListItem","position":1,"name":"Home","item":"https:\/\/galibuti.lt\/"},{"@type":"ListItem","position":2,"name":"Savi\u017eudyb\u0117s kriz\u0117"}]},{"@type":"WebSite","@id":"https:\/\/galibuti.lt\/#website","url":"https:\/\/galibuti.lt\/","name":"It may be","description":"Clinic of Psychology and Psychiatry","publisher":{"@id":"https:\/\/galibuti.lt\/#organization"},"potentialAction":[{"@type":"SearchAction","target":{"@type":"EntryPoint","urlTemplate":"https:\/\/galibuti.lt\/?s={search_term_string}"},"query-input":{"@type":"PropertyValueSpecification","valueRequired":true,"valueName":"search_term_string"}}],"inLanguage":"en-US"},{"@type":"Organization","@id":"https:\/\/galibuti.lt\/#organization","name":"Galibuti.lt","url":"https:\/\/galibuti.lt\/","logo":{"@type":"ImageObject","inLanguage":"en-US","@id":"https:\/\/galibuti.lt\/#\/schema\/logo\/image\/","url":"https:\/\/galibuti.lt\/wp-content\/uploads\/2021\/05\/galibuti_logotipas-juodas-04.png","contentUrl":"https:\/\/galibuti.lt\/wp-content\/uploads\/2021\/05\/galibuti_logotipas-juodas-04.png","width":315,"height":315,"caption":"Galibuti.lt"},"image":{"@id":"https:\/\/galibuti.lt\/#\/schema\/logo\/image\/"},"sameAs":["https:\/\/www.facebook.com\/galibuti.lt"]}]}},"_links":{"self":[{"href":"https:\/\/galibuti.lt\/en\/wp-json\/wp\/v2\/pages\/3562","targetHints":{"allow":["GET"]}}],"collection":[{"href":"https:\/\/galibuti.lt\/en\/wp-json\/wp\/v2\/pages"}],"about":[{"href":"https:\/\/galibuti.lt\/en\/wp-json\/wp\/v2\/types\/page"}],"author":[{"embeddable":true,"href":"https:\/\/galibuti.lt\/en\/wp-json\/wp\/v2\/users\/77"}],"replies":[{"embeddable":true,"href":"https:\/\/galibuti.lt\/en\/wp-json\/wp\/v2\/comments?post=3562"}],"version-history":[{"count":15,"href":"https:\/\/galibuti.lt\/en\/wp-json\/wp\/v2\/pages\/3562\/revisions"}],"predecessor-version":[{"id":7443,"href":"https:\/\/galibuti.lt\/en\/wp-json\/wp\/v2\/pages\/3562\/revisions\/7443"}],"wp:attachment":[{"href":"https:\/\/galibuti.lt\/en\/wp-json\/wp\/v2\/media?parent=3562"}],"curies":[{"name":"wp","href":"https:\/\/api.w.org\/{rel}","templated":true}]}}