{"id":3567,"date":"2022-04-10T17:39:48","date_gmt":"2022-04-10T15:39:48","guid":{"rendered":"https:\/\/galibuti.lt\/?page_id=3567"},"modified":"2024-09-29T15:53:30","modified_gmt":"2024-09-29T13:53:30","slug":"post-traumatic-stress-disorder-help","status":"publish","type":"page","link":"https:\/\/galibuti.lt\/en\/post-traumatic-stress-disorder-help\/","title":{"rendered":"Post-traumatic stress disorder"},"content":{"rendered":"<div data-elementor-type=\"wp-page\" data-elementor-id=\"3567\" class=\"elementor elementor-3567\">\n\t\t\t\t\t\t<section class=\"elementor-section elementor-top-section elementor-element elementor-element-11e20dab elementor-section-boxed elementor-section-height-default elementor-section-height-default parallax_section_no qode_elementor_container_no\" data-id=\"11e20dab\" data-element_type=\"section\">\n\t\t\t\t\t\t<div class=\"elementor-container elementor-column-gap-default\">\n\t\t\t\t\t<div class=\"elementor-column elementor-col-100 elementor-top-column elementor-element elementor-element-17c4b962\" data-id=\"17c4b962\" data-element_type=\"column\">\n\t\t\t<div class=\"elementor-widget-wrap elementor-element-populated\">\n\t\t\t\t\t\t<div class=\"elementor-element elementor-element-20d47fbd elementor-widget elementor-widget-heading\" data-id=\"20d47fbd\" data-element_type=\"widget\" data-widget_type=\"heading.default\">\n\t\t\t\t<div class=\"elementor-widget-container\">\n\t\t\t\t\t<h1 class=\"elementor-heading-title elementor-size-small\">Post-traumatic stress disorder<\/h1>\t\t\t\t<\/div>\n\t\t\t\t<\/div>\n\t\t\t\t\t<\/div>\n\t\t<\/div>\n\t\t\t\t\t<\/div>\n\t\t<\/section>\n\t\t\t\t<section class=\"elementor-section elementor-top-section elementor-element elementor-element-4122cc6 elementor-section-content-middle elementor-section-boxed elementor-section-height-default elementor-section-height-default parallax_section_no qode_elementor_container_no\" data-id=\"4122cc6\" data-element_type=\"section\">\n\t\t\t\t\t\t<div class=\"elementor-container elementor-column-gap-default\">\n\t\t\t\t\t<div class=\"elementor-column elementor-col-50 elementor-top-column elementor-element elementor-element-9a6c622\" data-id=\"9a6c622\" data-element_type=\"column\">\n\t\t\t<div class=\"elementor-widget-wrap elementor-element-populated\">\n\t\t\t\t\t\t<div class=\"elementor-element elementor-element-720b69f9 elementor-widget elementor-widget-image\" data-id=\"720b69f9\" data-element_type=\"widget\" data-widget_type=\"image.default\">\n\t\t\t\t<div class=\"elementor-widget-container\">\n\t\t\t\t\t\t\t\t\t\t\t\t\t\t\t<img fetchpriority=\"high\" decoding=\"async\" width=\"550\" height=\"330\" src=\"https:\/\/galibuti.lt\/wp-content\/uploads\/2022\/04\/Galibuti_Potrauminis_550x330.jpg\" class=\"attachment-large size-large wp-image-3571\" alt=\"post-traumatic stress\" srcset=\"https:\/\/galibuti.lt\/wp-content\/uploads\/2022\/04\/Galibuti_Potrauminis_550x330.jpg 550w, https:\/\/galibuti.lt\/wp-content\/uploads\/2022\/04\/Galibuti_Potrauminis_550x330-300x180.jpg 300w\" sizes=\"(max-width: 550px) 100vw, 550px\" \/>\t\t\t\t\t\t\t\t\t\t\t\t\t\t\t<\/div>\n\t\t\t\t<\/div>\n\t\t\t\t\t<\/div>\n\t\t<\/div>\n\t\t\t\t<div class=\"elementor-column elementor-col-50 elementor-top-column elementor-element elementor-element-16556d2\" data-id=\"16556d2\" data-element_type=\"column\">\n\t\t\t<div class=\"elementor-widget-wrap elementor-element-populated\">\n\t\t\t\t\t\t<div class=\"elementor-element elementor-element-43f7552a elementor-widget elementor-widget-text-editor\" data-id=\"43f7552a\" data-element_type=\"widget\" data-widget_type=\"text-editor.default\">\n\t\t\t\t<div class=\"elementor-widget-container\">\n\t\t\t\t\t\t\t\t\t<p style=\"text-align: justify;\">Post-traumatic stress disorder (PTSD) is an emotional disorder that occurs after experiencing something extremely traumatic (violence, loss, divorce, illness, car accident, etc.), experiencing great tension, fear, grief. The symptoms of post-traumatic stress are many and varied, but the most common are: outbursts of anger, aggression, irritability, sleep disorders, fatigue, panic attacks, intrusive memories, \u201csticky\u201d thoughts, constant tension, impaired attention and memory. Each symptom manifests itself differently depending on how a person seeks to help themselves, the complexity of the experience, the person\u2019s character traits, and emotional stability. If the symptoms of post-traumatic stress persist for a long time (more than a month), you cannot cope with them on your own, they prevent you from returning to a full-fledged everyday life or affect your relationships with others, it is worth seeking professional help.<\/p>\t\t\t\t\t\t\t\t<\/div>\n\t\t\t\t<\/div>\n\t\t\t\t\t<\/div>\n\t\t<\/div>\n\t\t\t\t\t<\/div>\n\t\t<\/section>\n\t\t\t\t<section class=\"elementor-section elementor-top-section elementor-element elementor-element-1c81db1a elementor-section-boxed elementor-section-height-default elementor-section-height-default parallax_section_no qode_elementor_container_no\" data-id=\"1c81db1a\" data-element_type=\"section\">\n\t\t\t\t\t\t<div class=\"elementor-container elementor-column-gap-default\">\n\t\t\t\t\t<div class=\"elementor-column elementor-col-100 elementor-top-column elementor-element elementor-element-1c13969b\" data-id=\"1c13969b\" data-element_type=\"column\">\n\t\t\t<div class=\"elementor-widget-wrap elementor-element-populated\">\n\t\t\t\t\t\t<div class=\"elementor-element elementor-element-18cd331f elementor-align-center elementor-widget elementor-widget-button\" data-id=\"18cd331f\" data-element_type=\"widget\" data-widget_type=\"button.default\">\n\t\t\t\t<div class=\"elementor-widget-container\">\n\t\t\t\t\t\t\t\t\t<div class=\"elementor-button-wrapper\">\n\t\t\t\t\t<a class=\"elementor-button elementor-button-link elementor-size-md\" href=\"https:\/\/galibuti.lt\/en\/post-traumatic-stress-disorder\/\">\n\t\t\t\t\t\t<span class=\"elementor-button-content-wrapper\">\n\t\t\t\t\t\t\t\t\t<span class=\"elementor-button-text\">Register<\/span>\n\t\t\t\t\t<\/span>\n\t\t\t\t\t<\/a>\n\t\t\t\t<\/div>\n\t\t\t\t\t\t\t\t<\/div>\n\t\t\t\t<\/div>\n\t\t\t\t\t<\/div>\n\t\t<\/div>\n\t\t\t\t\t<\/div>\n\t\t<\/section>\n\t\t\t\t<\/div>","protected":false},"excerpt":{"rendered":"<p>Potrauminis streso sutrikimas Potrauminis streso sutrikimas (PTSS) \u2013 tai emocinis sutrikimas, atsirandantis i\u0161gyvenus k\u0105 nors itin sukre\u010dian\u010dio (smurt\u0105, netekt\u012f, skyrybas, lig\u0105, automobilio avarij\u0105 ir pan.), patyrus didel\u0119 \u012ftamp\u0105, i\u0161g\u0105st\u012f, sielvart\u0105. Potrauminio streso simptom\u0173 yra daug ir \u012fvairi\u0173, bet da\u017eniausiai \u012fvardijami \u0161ie: pyk\u010dio, agresijos protr\u016bkiai, dirglumas,&#8230;<\/p>","protected":false},"author":77,"featured_media":0,"parent":0,"menu_order":0,"comment_status":"closed","ping_status":"closed","template":"","meta":{"inline_featured_image":false,"footnotes":""},"class_list":["post-3567","page","type-page","status-publish","hentry"],"yoast_head":"<!-- This site is optimized with the Yoast SEO plugin v27.3 - https:\/\/yoast.com\/product\/yoast-seo-wordpress\/ -->\n<title>Potrauminis streso sutrikimas - Gali b\u016bti<\/title>\n<meta name=\"robots\" content=\"index, follow, max-snippet:-1, max-image-preview:large, max-video-preview:-1\" \/>\n<link rel=\"canonical\" href=\"https:\/\/galibuti.lt\/en\/post-traumatic-stress-disorder-help\/\" \/>\n<meta property=\"og:locale\" content=\"en_US\" \/>\n<meta property=\"og:type\" content=\"article\" \/>\n<meta property=\"og:title\" content=\"Potrauminis streso sutrikimas - Gali b\u016bti\" \/>\n<meta property=\"og:description\" content=\"Potrauminis streso sutrikimas Potrauminis streso sutrikimas (PTSS) \u2013 tai emocinis sutrikimas, atsirandantis i\u0161gyvenus k\u0105 nors itin sukre\u010dian\u010dio (smurt\u0105, netekt\u012f, skyrybas, lig\u0105, automobilio avarij\u0105 ir pan.), patyrus didel\u0119 \u012ftamp\u0105, i\u0161g\u0105st\u012f, sielvart\u0105. Potrauminio streso simptom\u0173 yra daug ir \u012fvairi\u0173, bet da\u017eniausiai \u012fvardijami \u0161ie: pyk\u010dio, agresijos protr\u016bkiai, dirglumas,...\" \/>\n<meta property=\"og:url\" content=\"https:\/\/galibuti.lt\/en\/post-traumatic-stress-disorder-help\/\" \/>\n<meta property=\"og:site_name\" content=\"Gali b\u016bti\" \/>\n<meta property=\"article:publisher\" content=\"https:\/\/www.facebook.com\/galibuti.lt\" \/>\n<meta property=\"article:modified_time\" content=\"2024-09-29T13:53:30+00:00\" \/>\n<meta property=\"og:image\" content=\"https:\/\/galibuti.lt\/wp-content\/uploads\/2022\/04\/Galibuti_Potrauminis_550x330.jpg\" \/>\n<meta name=\"twitter:card\" content=\"summary_large_image\" \/>\n<meta name=\"twitter:label1\" content=\"Est. reading time\" \/>\n\t<meta name=\"twitter:data1\" content=\"1 minute\" \/>\n<script type=\"application\/ld+json\" class=\"yoast-schema-graph\">{\"@context\":\"https:\\\/\\\/schema.org\",\"@graph\":[{\"@type\":\"WebPage\",\"@id\":\"https:\\\/\\\/galibuti.lt\\\/potrauminio-streso-sutrikimo-pagalba\\\/\",\"url\":\"https:\\\/\\\/galibuti.lt\\\/potrauminio-streso-sutrikimo-pagalba\\\/\",\"name\":\"Potrauminis streso sutrikimas - Gali b\u016bti\",\"isPartOf\":{\"@id\":\"https:\\\/\\\/galibuti.lt\\\/#website\"},\"primaryImageOfPage\":{\"@id\":\"https:\\\/\\\/galibuti.lt\\\/potrauminio-streso-sutrikimo-pagalba\\\/#primaryimage\"},\"image\":{\"@id\":\"https:\\\/\\\/galibuti.lt\\\/potrauminio-streso-sutrikimo-pagalba\\\/#primaryimage\"},\"thumbnailUrl\":\"https:\\\/\\\/galibuti.lt\\\/wp-content\\\/uploads\\\/2022\\\/04\\\/Galibuti_Potrauminis_550x330.jpg\",\"datePublished\":\"2022-04-10T15:39:48+00:00\",\"dateModified\":\"2024-09-29T13:53:30+00:00\",\"breadcrumb\":{\"@id\":\"https:\\\/\\\/galibuti.lt\\\/potrauminio-streso-sutrikimo-pagalba\\\/#breadcrumb\"},\"inLanguage\":\"en-US\",\"potentialAction\":[{\"@type\":\"ReadAction\",\"target\":[\"https:\\\/\\\/galibuti.lt\\\/potrauminio-streso-sutrikimo-pagalba\\\/\"]}]},{\"@type\":\"ImageObject\",\"inLanguage\":\"en-US\",\"@id\":\"https:\\\/\\\/galibuti.lt\\\/potrauminio-streso-sutrikimo-pagalba\\\/#primaryimage\",\"url\":\"https:\\\/\\\/galibuti.lt\\\/wp-content\\\/uploads\\\/2022\\\/04\\\/Galibuti_Potrauminis_550x330.jpg\",\"contentUrl\":\"https:\\\/\\\/galibuti.lt\\\/wp-content\\\/uploads\\\/2022\\\/04\\\/Galibuti_Potrauminis_550x330.jpg\"},{\"@type\":\"BreadcrumbList\",\"@id\":\"https:\\\/\\\/galibuti.lt\\\/potrauminio-streso-sutrikimo-pagalba\\\/#breadcrumb\",\"itemListElement\":[{\"@type\":\"ListItem\",\"position\":1,\"name\":\"Home\",\"item\":\"https:\\\/\\\/galibuti.lt\\\/\"},{\"@type\":\"ListItem\",\"position\":2,\"name\":\"Potrauminis streso sutrikimas\"}]},{\"@type\":\"WebSite\",\"@id\":\"https:\\\/\\\/galibuti.lt\\\/#website\",\"url\":\"https:\\\/\\\/galibuti.lt\\\/\",\"name\":\"Gali b\u016bti\",\"description\":\"Psichologijos ir Psichiatrijos klinika\",\"publisher\":{\"@id\":\"https:\\\/\\\/galibuti.lt\\\/#organization\"},\"potentialAction\":[{\"@type\":\"SearchAction\",\"target\":{\"@type\":\"EntryPoint\",\"urlTemplate\":\"https:\\\/\\\/galibuti.lt\\\/?s={search_term_string}\"},\"query-input\":{\"@type\":\"PropertyValueSpecification\",\"valueRequired\":true,\"valueName\":\"search_term_string\"}}],\"inLanguage\":\"en-US\"},{\"@type\":\"Organization\",\"@id\":\"https:\\\/\\\/galibuti.lt\\\/#organization\",\"name\":\"Galibuti.lt\",\"url\":\"https:\\\/\\\/galibuti.lt\\\/\",\"logo\":{\"@type\":\"ImageObject\",\"inLanguage\":\"en-US\",\"@id\":\"https:\\\/\\\/galibuti.lt\\\/#\\\/schema\\\/logo\\\/image\\\/\",\"url\":\"https:\\\/\\\/galibuti.lt\\\/wp-content\\\/uploads\\\/2021\\\/05\\\/galibuti_logotipas-juodas-04.png\",\"contentUrl\":\"https:\\\/\\\/galibuti.lt\\\/wp-content\\\/uploads\\\/2021\\\/05\\\/galibuti_logotipas-juodas-04.png\",\"width\":315,\"height\":315,\"caption\":\"Galibuti.lt\"},\"image\":{\"@id\":\"https:\\\/\\\/galibuti.lt\\\/#\\\/schema\\\/logo\\\/image\\\/\"},\"sameAs\":[\"https:\\\/\\\/www.facebook.com\\\/galibuti.lt\"]}]}<\/script>\n<!-- \/ Yoast SEO plugin. -->","yoast_head_json":{"title":"Post-traumatic stress disorder - Could be","robots":{"index":"index","follow":"follow","max-snippet":"max-snippet:-1","max-image-preview":"max-image-preview:large","max-video-preview":"max-video-preview:-1"},"canonical":"https:\/\/galibuti.lt\/en\/post-traumatic-stress-disorder-help\/","og_locale":"en_US","og_type":"article","og_title":"Potrauminis streso sutrikimas - Gali b\u016bti","og_description":"Potrauminis streso sutrikimas Potrauminis streso sutrikimas (PTSS) \u2013 tai emocinis sutrikimas, atsirandantis i\u0161gyvenus k\u0105 nors itin sukre\u010dian\u010dio (smurt\u0105, netekt\u012f, skyrybas, lig\u0105, automobilio avarij\u0105 ir pan.), patyrus didel\u0119 \u012ftamp\u0105, i\u0161g\u0105st\u012f, sielvart\u0105. Potrauminio streso simptom\u0173 yra daug ir \u012fvairi\u0173, bet da\u017eniausiai \u012fvardijami \u0161ie: pyk\u010dio, agresijos protr\u016bkiai, dirglumas,...","og_url":"https:\/\/galibuti.lt\/en\/post-traumatic-stress-disorder-help\/","og_site_name":"Gali b\u016bti","article_publisher":"https:\/\/www.facebook.com\/galibuti.lt","article_modified_time":"2024-09-29T13:53:30+00:00","og_image":[{"url":"https:\/\/galibuti.lt\/wp-content\/uploads\/2022\/04\/Galibuti_Potrauminis_550x330.jpg","type":"","width":"","height":""}],"twitter_card":"summary_large_image","twitter_misc":{"Est. reading time":"1 minute"},"schema":{"@context":"https:\/\/schema.org","@graph":[{"@type":"WebPage","@id":"https:\/\/galibuti.lt\/potrauminio-streso-sutrikimo-pagalba\/","url":"https:\/\/galibuti.lt\/potrauminio-streso-sutrikimo-pagalba\/","name":"Post-traumatic stress disorder - Could be","isPartOf":{"@id":"https:\/\/galibuti.lt\/#website"},"primaryImageOfPage":{"@id":"https:\/\/galibuti.lt\/potrauminio-streso-sutrikimo-pagalba\/#primaryimage"},"image":{"@id":"https:\/\/galibuti.lt\/potrauminio-streso-sutrikimo-pagalba\/#primaryimage"},"thumbnailUrl":"https:\/\/galibuti.lt\/wp-content\/uploads\/2022\/04\/Galibuti_Potrauminis_550x330.jpg","datePublished":"2022-04-10T15:39:48+00:00","dateModified":"2024-09-29T13:53:30+00:00","breadcrumb":{"@id":"https:\/\/galibuti.lt\/potrauminio-streso-sutrikimo-pagalba\/#breadcrumb"},"inLanguage":"en-US","potentialAction":[{"@type":"ReadAction","target":["https:\/\/galibuti.lt\/potrauminio-streso-sutrikimo-pagalba\/"]}]},{"@type":"ImageObject","inLanguage":"en-US","@id":"https:\/\/galibuti.lt\/potrauminio-streso-sutrikimo-pagalba\/#primaryimage","url":"https:\/\/galibuti.lt\/wp-content\/uploads\/2022\/04\/Galibuti_Potrauminis_550x330.jpg","contentUrl":"https:\/\/galibuti.lt\/wp-content\/uploads\/2022\/04\/Galibuti_Potrauminis_550x330.jpg"},{"@type":"BreadcrumbList","@id":"https:\/\/galibuti.lt\/potrauminio-streso-sutrikimo-pagalba\/#breadcrumb","itemListElement":[{"@type":"ListItem","position":1,"name":"Home","item":"https:\/\/galibuti.lt\/"},{"@type":"ListItem","position":2,"name":"Potrauminis streso sutrikimas"}]},{"@type":"WebSite","@id":"https:\/\/galibuti.lt\/#website","url":"https:\/\/galibuti.lt\/","name":"It may be","description":"Clinic of Psychology and Psychiatry","publisher":{"@id":"https:\/\/galibuti.lt\/#organization"},"potentialAction":[{"@type":"SearchAction","target":{"@type":"EntryPoint","urlTemplate":"https:\/\/galibuti.lt\/?s={search_term_string}"},"query-input":{"@type":"PropertyValueSpecification","valueRequired":true,"valueName":"search_term_string"}}],"inLanguage":"en-US"},{"@type":"Organization","@id":"https:\/\/galibuti.lt\/#organization","name":"Galibuti.lt","url":"https:\/\/galibuti.lt\/","logo":{"@type":"ImageObject","inLanguage":"en-US","@id":"https:\/\/galibuti.lt\/#\/schema\/logo\/image\/","url":"https:\/\/galibuti.lt\/wp-content\/uploads\/2021\/05\/galibuti_logotipas-juodas-04.png","contentUrl":"https:\/\/galibuti.lt\/wp-content\/uploads\/2021\/05\/galibuti_logotipas-juodas-04.png","width":315,"height":315,"caption":"Galibuti.lt"},"image":{"@id":"https:\/\/galibuti.lt\/#\/schema\/logo\/image\/"},"sameAs":["https:\/\/www.facebook.com\/galibuti.lt"]}]}},"_links":{"self":[{"href":"https:\/\/galibuti.lt\/en\/wp-json\/wp\/v2\/pages\/3567","targetHints":{"allow":["GET"]}}],"collection":[{"href":"https:\/\/galibuti.lt\/en\/wp-json\/wp\/v2\/pages"}],"about":[{"href":"https:\/\/galibuti.lt\/en\/wp-json\/wp\/v2\/types\/page"}],"author":[{"embeddable":true,"href":"https:\/\/galibuti.lt\/en\/wp-json\/wp\/v2\/users\/77"}],"replies":[{"embeddable":true,"href":"https:\/\/galibuti.lt\/en\/wp-json\/wp\/v2\/comments?post=3567"}],"version-history":[{"count":15,"href":"https:\/\/galibuti.lt\/en\/wp-json\/wp\/v2\/pages\/3567\/revisions"}],"predecessor-version":[{"id":7446,"href":"https:\/\/galibuti.lt\/en\/wp-json\/wp\/v2\/pages\/3567\/revisions\/7446"}],"wp:attachment":[{"href":"https:\/\/galibuti.lt\/en\/wp-json\/wp\/v2\/media?parent=3567"}],"curies":[{"name":"wp","href":"https:\/\/api.w.org\/{rel}","templated":true}]}}