{"id":3581,"date":"2022-04-10T17:49:30","date_gmt":"2022-04-10T15:49:30","guid":{"rendered":"https:\/\/galibuti.lt\/?page_id=3581"},"modified":"2024-09-29T15:54:12","modified_gmt":"2024-09-29T13:54:12","slug":"schizophrenic-disorders-and-treatment","status":"publish","type":"page","link":"https:\/\/galibuti.lt\/en\/schizophrenic-disorders-and-treatment\/","title":{"rendered":"Schizophrenic disorders and treatment"},"content":{"rendered":"<div data-elementor-type=\"wp-page\" data-elementor-id=\"3581\" class=\"elementor elementor-3581\">\n\t\t\t\t\t\t<section class=\"elementor-section elementor-top-section elementor-element elementor-element-6dced1d1 elementor-section-boxed elementor-section-height-default elementor-section-height-default parallax_section_no qode_elementor_container_no\" data-id=\"6dced1d1\" data-element_type=\"section\">\n\t\t\t\t\t\t<div class=\"elementor-container elementor-column-gap-default\">\n\t\t\t\t\t<div class=\"elementor-column elementor-col-100 elementor-top-column elementor-element elementor-element-125e80f0\" data-id=\"125e80f0\" data-element_type=\"column\">\n\t\t\t<div class=\"elementor-widget-wrap elementor-element-populated\">\n\t\t\t\t\t\t<div class=\"elementor-element elementor-element-1a4aba57 elementor-widget elementor-widget-heading\" data-id=\"1a4aba57\" data-element_type=\"widget\" data-widget_type=\"heading.default\">\n\t\t\t\t<div class=\"elementor-widget-container\">\n\t\t\t\t\t<h1 class=\"elementor-heading-title elementor-size-small\">Schizophrenic disorders (Schizoaffective, Schizotopic, Schizophrenia)<\/h1>\t\t\t\t<\/div>\n\t\t\t\t<\/div>\n\t\t\t\t\t<\/div>\n\t\t<\/div>\n\t\t\t\t\t<\/div>\n\t\t<\/section>\n\t\t\t\t<section class=\"elementor-section elementor-top-section elementor-element elementor-element-891114a elementor-section-content-middle elementor-section-boxed elementor-section-height-default elementor-section-height-default parallax_section_no qode_elementor_container_no\" data-id=\"891114a\" data-element_type=\"section\">\n\t\t\t\t\t\t<div class=\"elementor-container elementor-column-gap-default\">\n\t\t\t\t\t<div class=\"elementor-column elementor-col-50 elementor-top-column elementor-element elementor-element-e1c27a3\" data-id=\"e1c27a3\" data-element_type=\"column\">\n\t\t\t<div class=\"elementor-widget-wrap elementor-element-populated\">\n\t\t\t\t\t\t<div class=\"elementor-element elementor-element-6f30644c elementor-widget elementor-widget-image\" data-id=\"6f30644c\" data-element_type=\"widget\" data-widget_type=\"image.default\">\n\t\t\t\t<div class=\"elementor-widget-container\">\n\t\t\t\t\t\t\t\t\t\t\t\t\t\t\t<img fetchpriority=\"high\" decoding=\"async\" width=\"550\" height=\"330\" src=\"https:\/\/galibuti.lt\/wp-content\/uploads\/2022\/04\/Galibuti_sizofreniniai_sutrikmai_550x330.jpg\" class=\"attachment-large size-large wp-image-3582\" alt=\"schizophrenic disorders and treatment\" srcset=\"https:\/\/galibuti.lt\/wp-content\/uploads\/2022\/04\/Galibuti_sizofreniniai_sutrikmai_550x330.jpg 550w, https:\/\/galibuti.lt\/wp-content\/uploads\/2022\/04\/Galibuti_sizofreniniai_sutrikmai_550x330-300x180.jpg 300w\" sizes=\"(max-width: 550px) 100vw, 550px\" \/>\t\t\t\t\t\t\t\t\t\t\t\t\t\t\t<\/div>\n\t\t\t\t<\/div>\n\t\t\t\t\t<\/div>\n\t\t<\/div>\n\t\t\t\t<div class=\"elementor-column elementor-col-50 elementor-top-column elementor-element elementor-element-83345bc\" data-id=\"83345bc\" data-element_type=\"column\">\n\t\t\t<div class=\"elementor-widget-wrap elementor-element-populated\">\n\t\t\t\t\t\t<div class=\"elementor-element elementor-element-30769b68 elementor-widget elementor-widget-text-editor\" data-id=\"30769b68\" data-element_type=\"widget\" data-widget_type=\"text-editor.default\">\n\t\t\t\t<div class=\"elementor-widget-container\">\n\t\t\t\t\t\t\t\t\t<p style=\"text-align: justify;\">Schizophrenic disorders are chronic mental disorders that are manifested by impaired perception of reality, changes in emotions, thinking, behavior, communication, and increasing social isolation. Schizophrenia is usually diagnosed at a young age: men \u2013 20\u201325 years old, women \u2013 20\u201330 years old.<\/p><p>\u00a0<\/p><p style=\"text-align: justify;\">Typically, complex treatment is used to treat the above-mentioned disorders - with medication and psychotherapy. First, the acute phase of the disease is treated (usually only after it is diagnosed), then supportive treatment is applied, which aims to prevent relapse and prevent the disease from progressing. It is very important to seek help in a timely manner and to be willing to cooperate with specialists (psychiatrist, psychotherapist) so that life, even with one of the disorders, is as full as possible. It is also important to emphasize that schizophrenic disorders are surrounded by many myths, and those suffering from them are often stigmatized, i.e. considered strange, repulsive, different, but this does not make them dangerous or avoidable. Let us remember - every person, no matter what their shortcomings, is more than anything worthy of respect, compassion, support<\/p>\t\t\t\t\t\t\t\t<\/div>\n\t\t\t\t<\/div>\n\t\t\t\t\t<\/div>\n\t\t<\/div>\n\t\t\t\t\t<\/div>\n\t\t<\/section>\n\t\t\t\t<section class=\"elementor-section elementor-top-section elementor-element elementor-element-6f168ae4 elementor-section-boxed elementor-section-height-default elementor-section-height-default parallax_section_no qode_elementor_container_no\" data-id=\"6f168ae4\" data-element_type=\"section\">\n\t\t\t\t\t\t<div class=\"elementor-container elementor-column-gap-default\">\n\t\t\t\t\t<div class=\"elementor-column elementor-col-33 elementor-top-column elementor-element elementor-element-63f10bb0\" data-id=\"63f10bb0\" data-element_type=\"column\">\n\t\t\t<div class=\"elementor-widget-wrap elementor-element-populated\">\n\t\t\t\t\t\t<div class=\"elementor-element elementor-element-c291bb8 elementor-widget elementor-widget-text-editor\" data-id=\"c291bb8\" data-element_type=\"widget\" data-widget_type=\"text-editor.default\">\n\t\t\t\t<div class=\"elementor-widget-container\">\n\t\t\t\t\t\t\t\t\t<p style=\"text-align: justify;\"><strong>Schizophrenia<\/strong>\u00a0\u2013 people diagnosed with schizophrenia experience hallucinations, delusions, and acute mood swings. They are characterized by emotional agitation, difficulty establishing and maintaining social relationships, and integrating into society. In addition, there are problems with sleep and concentration. People with this disease are often impulsive, detached from their surroundings, and have lost interest in life.<\/p>\t\t\t\t\t\t\t\t<\/div>\n\t\t\t\t<\/div>\n\t\t\t\t\t<\/div>\n\t\t<\/div>\n\t\t\t\t<div class=\"elementor-column elementor-col-33 elementor-top-column elementor-element elementor-element-21fea36\" data-id=\"21fea36\" data-element_type=\"column\">\n\t\t\t<div class=\"elementor-widget-wrap elementor-element-populated\">\n\t\t\t\t\t\t<div class=\"elementor-element elementor-element-47ae41b elementor-widget elementor-widget-text-editor\" data-id=\"47ae41b\" data-element_type=\"widget\" data-widget_type=\"text-editor.default\">\n\t\t\t\t<div class=\"elementor-widget-container\">\n\t\t\t\t\t\t\t\t\t<p style=\"text-align: justify;\"><strong>Schizoaffective<\/strong>\u00a0<strong>disorder<\/strong>\u00a0\u2013 this disease is characterized by periodic attacks, during which symptoms of both bipolar disorder (depression, mania, intense mood swings, decreased need for sleep) and schizophrenia (delusions, hallucinations, psychosis, thinking and behavioral disorders) occur.<\/p>\t\t\t\t\t\t\t\t<\/div>\n\t\t\t\t<\/div>\n\t\t\t\t\t<\/div>\n\t\t<\/div>\n\t\t\t\t<div class=\"elementor-column elementor-col-33 elementor-top-column elementor-element elementor-element-fc988aa\" data-id=\"fc988aa\" data-element_type=\"column\">\n\t\t\t<div class=\"elementor-widget-wrap elementor-element-populated\">\n\t\t\t\t\t\t<div class=\"elementor-element elementor-element-53c74c8 elementor-widget elementor-widget-text-editor\" data-id=\"53c74c8\" data-element_type=\"widget\" data-widget_type=\"text-editor.default\">\n\t\t\t\t<div class=\"elementor-widget-container\">\n\t\t\t\t\t\t\t\t\t<p style=\"text-align: justify;\"><strong>Schizotypal disorder \u2013\u00a0<\/strong>a disorder that is sometimes characterized by inappropriate, strange behavior, suspiciousness and paranoid thoughts, and difficulty maintaining and creating close social relationships. People with this disorder also experience strange disregard for normal social norms or beliefs, experiences of depersonalization and derealization, severe anxiety, and occasional, short-term, semi-psychotic episodes with vivid illusions and hallucinations.<\/p>\t\t\t\t\t\t\t\t<\/div>\n\t\t\t\t<\/div>\n\t\t\t\t\t<\/div>\n\t\t<\/div>\n\t\t\t\t\t<\/div>\n\t\t<\/section>\n\t\t\t\t<section class=\"elementor-section elementor-top-section elementor-element elementor-element-2663affc elementor-section-boxed elementor-section-height-default elementor-section-height-default parallax_section_no qode_elementor_container_no\" data-id=\"2663affc\" data-element_type=\"section\">\n\t\t\t\t\t\t<div class=\"elementor-container elementor-column-gap-default\">\n\t\t\t\t\t<div class=\"elementor-column elementor-col-100 elementor-top-column elementor-element elementor-element-6a7c1e28\" data-id=\"6a7c1e28\" data-element_type=\"column\">\n\t\t\t<div class=\"elementor-widget-wrap elementor-element-populated\">\n\t\t\t\t\t\t<div class=\"elementor-element elementor-element-1cd48ecc elementor-align-center elementor-widget elementor-widget-button\" data-id=\"1cd48ecc\" data-element_type=\"widget\" data-widget_type=\"button.default\">\n\t\t\t\t<div class=\"elementor-widget-container\">\n\t\t\t\t\t\t\t\t\t<div class=\"elementor-button-wrapper\">\n\t\t\t\t\t<a class=\"elementor-button elementor-button-link elementor-size-md\" href=\"https:\/\/galibuti.lt\/en\/schizophrenic-disorders\/\">\n\t\t\t\t\t\t<span class=\"elementor-button-content-wrapper\">\n\t\t\t\t\t\t\t\t\t<span class=\"elementor-button-text\">Register<\/span>\n\t\t\t\t\t<\/span>\n\t\t\t\t\t<\/a>\n\t\t\t\t<\/div>\n\t\t\t\t\t\t\t\t<\/div>\n\t\t\t\t<\/div>\n\t\t\t\t\t<\/div>\n\t\t<\/div>\n\t\t\t\t\t<\/div>\n\t\t<\/section>\n\t\t\t\t<\/div>","protected":false},"excerpt":{"rendered":"<p>\u0160izofreniniai sutrikimai (\u0160izoafektinis, \u0160izotopinis, \u0160izofrenija) \u0160izofreniniai sutrikimai \u2013 tai l\u0117tiniai psichikos sutrikimai, pasirei\u0161kiantys sutrikusiu realyb\u0117s suvokimu, emocij\u0173, m\u0105stymo, elgesio, bendravimo poky\u010diais, ry\u0161k\u0117jan\u010dia socialine atskirtimi. \u0160izofrenija \u012fprastai diagnozuojama jauname am\u017eiuje: vyrams \u2013 20\u201325 m., moterims \u2013 20\u201330 m. \u00a0 \u012eprastai min\u0117tiems sutrikimams gydyti taikomas kompleksinis gydymas&#8230;<\/p>","protected":false},"author":77,"featured_media":0,"parent":0,"menu_order":0,"comment_status":"closed","ping_status":"closed","template":"","meta":{"inline_featured_image":false,"footnotes":""},"class_list":["post-3581","page","type-page","status-publish","hentry"],"yoast_head":"<!-- This site is optimized with the Yoast SEO plugin v27.3 - https:\/\/yoast.com\/product\/yoast-seo-wordpress\/ -->\n<title>\u0160izofreniniai sutrikimai ir gydymas - Gali b\u016bti<\/title>\n<meta name=\"robots\" content=\"index, follow, max-snippet:-1, max-image-preview:large, max-video-preview:-1\" \/>\n<link rel=\"canonical\" href=\"https:\/\/galibuti.lt\/en\/schizophrenic-disorders-and-treatment\/\" \/>\n<meta property=\"og:locale\" content=\"en_US\" \/>\n<meta property=\"og:type\" content=\"article\" \/>\n<meta property=\"og:title\" content=\"\u0160izofreniniai sutrikimai ir gydymas - Gali b\u016bti\" \/>\n<meta property=\"og:description\" content=\"\u0160izofreniniai sutrikimai (\u0160izoafektinis, \u0160izotopinis, \u0160izofrenija) \u0160izofreniniai sutrikimai \u2013 tai l\u0117tiniai psichikos sutrikimai, pasirei\u0161kiantys sutrikusiu realyb\u0117s suvokimu, emocij\u0173, m\u0105stymo, elgesio, bendravimo poky\u010diais, ry\u0161k\u0117jan\u010dia socialine atskirtimi. \u0160izofrenija \u012fprastai diagnozuojama jauname am\u017eiuje: vyrams \u2013 20\u201325 m., moterims \u2013 20\u201330 m. \u00a0 \u012eprastai min\u0117tiems sutrikimams gydyti taikomas kompleksinis gydymas...\" \/>\n<meta property=\"og:url\" content=\"https:\/\/galibuti.lt\/en\/schizophrenic-disorders-and-treatment\/\" \/>\n<meta property=\"og:site_name\" content=\"Gali b\u016bti\" \/>\n<meta property=\"article:publisher\" content=\"https:\/\/www.facebook.com\/galibuti.lt\" \/>\n<meta property=\"article:modified_time\" content=\"2024-09-29T13:54:12+00:00\" \/>\n<meta property=\"og:image\" content=\"https:\/\/galibuti.lt\/wp-content\/uploads\/2022\/04\/Galibuti_sizofreniniai_sutrikmai_550x330.jpg\" \/>\n<meta name=\"twitter:card\" content=\"summary_large_image\" \/>\n<meta name=\"twitter:label1\" content=\"Est. reading time\" \/>\n\t<meta name=\"twitter:data1\" content=\"2 minutes\" \/>\n<script type=\"application\/ld+json\" class=\"yoast-schema-graph\">{\"@context\":\"https:\\\/\\\/schema.org\",\"@graph\":[{\"@type\":\"WebPage\",\"@id\":\"https:\\\/\\\/galibuti.lt\\\/sizofreniniai-sutrikimai-ir-gydymas\\\/\",\"url\":\"https:\\\/\\\/galibuti.lt\\\/sizofreniniai-sutrikimai-ir-gydymas\\\/\",\"name\":\"\u0160izofreniniai sutrikimai ir gydymas - Gali b\u016bti\",\"isPartOf\":{\"@id\":\"https:\\\/\\\/galibuti.lt\\\/#website\"},\"primaryImageOfPage\":{\"@id\":\"https:\\\/\\\/galibuti.lt\\\/sizofreniniai-sutrikimai-ir-gydymas\\\/#primaryimage\"},\"image\":{\"@id\":\"https:\\\/\\\/galibuti.lt\\\/sizofreniniai-sutrikimai-ir-gydymas\\\/#primaryimage\"},\"thumbnailUrl\":\"https:\\\/\\\/galibuti.lt\\\/wp-content\\\/uploads\\\/2022\\\/04\\\/Galibuti_sizofreniniai_sutrikmai_550x330.jpg\",\"datePublished\":\"2022-04-10T15:49:30+00:00\",\"dateModified\":\"2024-09-29T13:54:12+00:00\",\"breadcrumb\":{\"@id\":\"https:\\\/\\\/galibuti.lt\\\/sizofreniniai-sutrikimai-ir-gydymas\\\/#breadcrumb\"},\"inLanguage\":\"en-US\",\"potentialAction\":[{\"@type\":\"ReadAction\",\"target\":[\"https:\\\/\\\/galibuti.lt\\\/sizofreniniai-sutrikimai-ir-gydymas\\\/\"]}]},{\"@type\":\"ImageObject\",\"inLanguage\":\"en-US\",\"@id\":\"https:\\\/\\\/galibuti.lt\\\/sizofreniniai-sutrikimai-ir-gydymas\\\/#primaryimage\",\"url\":\"https:\\\/\\\/galibuti.lt\\\/wp-content\\\/uploads\\\/2022\\\/04\\\/Galibuti_sizofreniniai_sutrikmai_550x330.jpg\",\"contentUrl\":\"https:\\\/\\\/galibuti.lt\\\/wp-content\\\/uploads\\\/2022\\\/04\\\/Galibuti_sizofreniniai_sutrikmai_550x330.jpg\"},{\"@type\":\"BreadcrumbList\",\"@id\":\"https:\\\/\\\/galibuti.lt\\\/sizofreniniai-sutrikimai-ir-gydymas\\\/#breadcrumb\",\"itemListElement\":[{\"@type\":\"ListItem\",\"position\":1,\"name\":\"Home\",\"item\":\"https:\\\/\\\/galibuti.lt\\\/\"},{\"@type\":\"ListItem\",\"position\":2,\"name\":\"\u0160izofreniniai sutrikimai ir gydymas\"}]},{\"@type\":\"WebSite\",\"@id\":\"https:\\\/\\\/galibuti.lt\\\/#website\",\"url\":\"https:\\\/\\\/galibuti.lt\\\/\",\"name\":\"Gali b\u016bti\",\"description\":\"Psichologijos ir Psichiatrijos klinika\",\"publisher\":{\"@id\":\"https:\\\/\\\/galibuti.lt\\\/#organization\"},\"potentialAction\":[{\"@type\":\"SearchAction\",\"target\":{\"@type\":\"EntryPoint\",\"urlTemplate\":\"https:\\\/\\\/galibuti.lt\\\/?s={search_term_string}\"},\"query-input\":{\"@type\":\"PropertyValueSpecification\",\"valueRequired\":true,\"valueName\":\"search_term_string\"}}],\"inLanguage\":\"en-US\"},{\"@type\":\"Organization\",\"@id\":\"https:\\\/\\\/galibuti.lt\\\/#organization\",\"name\":\"Galibuti.lt\",\"url\":\"https:\\\/\\\/galibuti.lt\\\/\",\"logo\":{\"@type\":\"ImageObject\",\"inLanguage\":\"en-US\",\"@id\":\"https:\\\/\\\/galibuti.lt\\\/#\\\/schema\\\/logo\\\/image\\\/\",\"url\":\"https:\\\/\\\/galibuti.lt\\\/wp-content\\\/uploads\\\/2021\\\/05\\\/galibuti_logotipas-juodas-04.png\",\"contentUrl\":\"https:\\\/\\\/galibuti.lt\\\/wp-content\\\/uploads\\\/2021\\\/05\\\/galibuti_logotipas-juodas-04.png\",\"width\":315,\"height\":315,\"caption\":\"Galibuti.lt\"},\"image\":{\"@id\":\"https:\\\/\\\/galibuti.lt\\\/#\\\/schema\\\/logo\\\/image\\\/\"},\"sameAs\":[\"https:\\\/\\\/www.facebook.com\\\/galibuti.lt\"]}]}<\/script>\n<!-- \/ Yoast SEO plugin. -->","yoast_head_json":{"title":"Schizophrenic disorders and treatment - It may be","robots":{"index":"index","follow":"follow","max-snippet":"max-snippet:-1","max-image-preview":"max-image-preview:large","max-video-preview":"max-video-preview:-1"},"canonical":"https:\/\/galibuti.lt\/en\/schizophrenic-disorders-and-treatment\/","og_locale":"en_US","og_type":"article","og_title":"\u0160izofreniniai sutrikimai ir gydymas - Gali b\u016bti","og_description":"\u0160izofreniniai sutrikimai (\u0160izoafektinis, \u0160izotopinis, \u0160izofrenija) \u0160izofreniniai sutrikimai \u2013 tai l\u0117tiniai psichikos sutrikimai, pasirei\u0161kiantys sutrikusiu realyb\u0117s suvokimu, emocij\u0173, m\u0105stymo, elgesio, bendravimo poky\u010diais, ry\u0161k\u0117jan\u010dia socialine atskirtimi. \u0160izofrenija \u012fprastai diagnozuojama jauname am\u017eiuje: vyrams \u2013 20\u201325 m., moterims \u2013 20\u201330 m. \u00a0 \u012eprastai min\u0117tiems sutrikimams gydyti taikomas kompleksinis gydymas...","og_url":"https:\/\/galibuti.lt\/en\/schizophrenic-disorders-and-treatment\/","og_site_name":"Gali b\u016bti","article_publisher":"https:\/\/www.facebook.com\/galibuti.lt","article_modified_time":"2024-09-29T13:54:12+00:00","og_image":[{"url":"https:\/\/galibuti.lt\/wp-content\/uploads\/2022\/04\/Galibuti_sizofreniniai_sutrikmai_550x330.jpg","type":"","width":"","height":""}],"twitter_card":"summary_large_image","twitter_misc":{"Est. reading time":"2 minutes"},"schema":{"@context":"https:\/\/schema.org","@graph":[{"@type":"WebPage","@id":"https:\/\/galibuti.lt\/sizofreniniai-sutrikimai-ir-gydymas\/","url":"https:\/\/galibuti.lt\/sizofreniniai-sutrikimai-ir-gydymas\/","name":"Schizophrenic disorders and treatment - It may be","isPartOf":{"@id":"https:\/\/galibuti.lt\/#website"},"primaryImageOfPage":{"@id":"https:\/\/galibuti.lt\/sizofreniniai-sutrikimai-ir-gydymas\/#primaryimage"},"image":{"@id":"https:\/\/galibuti.lt\/sizofreniniai-sutrikimai-ir-gydymas\/#primaryimage"},"thumbnailUrl":"https:\/\/galibuti.lt\/wp-content\/uploads\/2022\/04\/Galibuti_sizofreniniai_sutrikmai_550x330.jpg","datePublished":"2022-04-10T15:49:30+00:00","dateModified":"2024-09-29T13:54:12+00:00","breadcrumb":{"@id":"https:\/\/galibuti.lt\/sizofreniniai-sutrikimai-ir-gydymas\/#breadcrumb"},"inLanguage":"en-US","potentialAction":[{"@type":"ReadAction","target":["https:\/\/galibuti.lt\/sizofreniniai-sutrikimai-ir-gydymas\/"]}]},{"@type":"ImageObject","inLanguage":"en-US","@id":"https:\/\/galibuti.lt\/sizofreniniai-sutrikimai-ir-gydymas\/#primaryimage","url":"https:\/\/galibuti.lt\/wp-content\/uploads\/2022\/04\/Galibuti_sizofreniniai_sutrikmai_550x330.jpg","contentUrl":"https:\/\/galibuti.lt\/wp-content\/uploads\/2022\/04\/Galibuti_sizofreniniai_sutrikmai_550x330.jpg"},{"@type":"BreadcrumbList","@id":"https:\/\/galibuti.lt\/sizofreniniai-sutrikimai-ir-gydymas\/#breadcrumb","itemListElement":[{"@type":"ListItem","position":1,"name":"Home","item":"https:\/\/galibuti.lt\/"},{"@type":"ListItem","position":2,"name":"\u0160izofreniniai sutrikimai ir gydymas"}]},{"@type":"WebSite","@id":"https:\/\/galibuti.lt\/#website","url":"https:\/\/galibuti.lt\/","name":"It may be","description":"Clinic of Psychology and Psychiatry","publisher":{"@id":"https:\/\/galibuti.lt\/#organization"},"potentialAction":[{"@type":"SearchAction","target":{"@type":"EntryPoint","urlTemplate":"https:\/\/galibuti.lt\/?s={search_term_string}"},"query-input":{"@type":"PropertyValueSpecification","valueRequired":true,"valueName":"search_term_string"}}],"inLanguage":"en-US"},{"@type":"Organization","@id":"https:\/\/galibuti.lt\/#organization","name":"Galibuti.lt","url":"https:\/\/galibuti.lt\/","logo":{"@type":"ImageObject","inLanguage":"en-US","@id":"https:\/\/galibuti.lt\/#\/schema\/logo\/image\/","url":"https:\/\/galibuti.lt\/wp-content\/uploads\/2021\/05\/galibuti_logotipas-juodas-04.png","contentUrl":"https:\/\/galibuti.lt\/wp-content\/uploads\/2021\/05\/galibuti_logotipas-juodas-04.png","width":315,"height":315,"caption":"Galibuti.lt"},"image":{"@id":"https:\/\/galibuti.lt\/#\/schema\/logo\/image\/"},"sameAs":["https:\/\/www.facebook.com\/galibuti.lt"]}]}},"_links":{"self":[{"href":"https:\/\/galibuti.lt\/en\/wp-json\/wp\/v2\/pages\/3581","targetHints":{"allow":["GET"]}}],"collection":[{"href":"https:\/\/galibuti.lt\/en\/wp-json\/wp\/v2\/pages"}],"about":[{"href":"https:\/\/galibuti.lt\/en\/wp-json\/wp\/v2\/types\/page"}],"author":[{"embeddable":true,"href":"https:\/\/galibuti.lt\/en\/wp-json\/wp\/v2\/users\/77"}],"replies":[{"embeddable":true,"href":"https:\/\/galibuti.lt\/en\/wp-json\/wp\/v2\/comments?post=3581"}],"version-history":[{"count":15,"href":"https:\/\/galibuti.lt\/en\/wp-json\/wp\/v2\/pages\/3581\/revisions"}],"predecessor-version":[{"id":7452,"href":"https:\/\/galibuti.lt\/en\/wp-json\/wp\/v2\/pages\/3581\/revisions\/7452"}],"wp:attachment":[{"href":"https:\/\/galibuti.lt\/en\/wp-json\/wp\/v2\/media?parent=3581"}],"curies":[{"name":"wp","href":"https:\/\/api.w.org\/{rel}","templated":true}]}}