{"id":3592,"date":"2022-04-10T17:57:37","date_gmt":"2022-04-10T15:57:37","guid":{"rendered":"https:\/\/galibuti.lt\/?page_id=3592"},"modified":"2024-09-29T15:54:33","modified_gmt":"2024-09-29T13:54:33","slug":"anxiety-issues","status":"publish","type":"page","link":"https:\/\/galibuti.lt\/en\/anxiety-issues\/","title":{"rendered":"Anxiety issues"},"content":{"rendered":"<div data-elementor-type=\"wp-page\" data-elementor-id=\"3592\" class=\"elementor elementor-3592\">\n\t\t\t\t\t\t<section class=\"elementor-section elementor-top-section elementor-element elementor-element-68f8a2de elementor-section-boxed elementor-section-height-default elementor-section-height-default parallax_section_no qode_elementor_container_no\" data-id=\"68f8a2de\" data-element_type=\"section\">\n\t\t\t\t\t\t<div class=\"elementor-container elementor-column-gap-default\">\n\t\t\t\t\t<div class=\"elementor-column elementor-col-100 elementor-top-column elementor-element elementor-element-6ebea347\" data-id=\"6ebea347\" data-element_type=\"column\">\n\t\t\t<div class=\"elementor-widget-wrap elementor-element-populated\">\n\t\t\t\t\t\t<div class=\"elementor-element elementor-element-248a6bb5 elementor-widget elementor-widget-heading\" data-id=\"248a6bb5\" data-element_type=\"widget\" data-widget_type=\"heading.default\">\n\t\t\t\t<div class=\"elementor-widget-container\">\n\t\t\t\t\t<h1 class=\"elementor-heading-title elementor-size-small\">Anxiety<\/h1>\t\t\t\t<\/div>\n\t\t\t\t<\/div>\n\t\t\t\t\t<\/div>\n\t\t<\/div>\n\t\t\t\t\t<\/div>\n\t\t<\/section>\n\t\t\t\t<section class=\"elementor-section elementor-top-section elementor-element elementor-element-63c67ca elementor-section-content-middle elementor-section-boxed elementor-section-height-default elementor-section-height-default parallax_section_no qode_elementor_container_no\" data-id=\"63c67ca\" data-element_type=\"section\">\n\t\t\t\t\t\t<div class=\"elementor-container elementor-column-gap-default\">\n\t\t\t\t\t<div class=\"elementor-column elementor-col-50 elementor-top-column elementor-element elementor-element-cc85b2e\" data-id=\"cc85b2e\" data-element_type=\"column\">\n\t\t\t<div class=\"elementor-widget-wrap elementor-element-populated\">\n\t\t\t\t\t\t<div class=\"elementor-element elementor-element-1027c200 elementor-widget elementor-widget-image\" data-id=\"1027c200\" data-element_type=\"widget\" data-widget_type=\"image.default\">\n\t\t\t\t<div class=\"elementor-widget-container\">\n\t\t\t\t\t\t\t\t\t\t\t\t\t\t\t<img fetchpriority=\"high\" decoding=\"async\" width=\"550\" height=\"330\" src=\"https:\/\/galibuti.lt\/wp-content\/uploads\/2022\/04\/Galibuti_nerimas_550x330.jpg\" class=\"attachment-large size-large wp-image-3593\" alt=\"anxiety\" srcset=\"https:\/\/galibuti.lt\/wp-content\/uploads\/2022\/04\/Galibuti_nerimas_550x330.jpg 550w, https:\/\/galibuti.lt\/wp-content\/uploads\/2022\/04\/Galibuti_nerimas_550x330-300x180.jpg 300w\" sizes=\"(max-width: 550px) 100vw, 550px\" \/>\t\t\t\t\t\t\t\t\t\t\t\t\t\t\t<\/div>\n\t\t\t\t<\/div>\n\t\t\t\t\t<\/div>\n\t\t<\/div>\n\t\t\t\t<div class=\"elementor-column elementor-col-50 elementor-top-column elementor-element elementor-element-6b51207\" data-id=\"6b51207\" data-element_type=\"column\">\n\t\t\t<div class=\"elementor-widget-wrap elementor-element-populated\">\n\t\t\t\t\t\t<div class=\"elementor-element elementor-element-6063ca87 elementor-widget elementor-widget-text-editor\" data-id=\"6063ca87\" data-element_type=\"widget\" data-widget_type=\"text-editor.default\">\n\t\t\t\t<div class=\"elementor-widget-container\">\n\t\t\t\t\t\t\t\t\t<p style=\"text-align: justify;\">Anxiety is a natural, common, but often extremely depressing and unpleasant emotion. Anxiety is usually felt when experiencing great stress, when faced with an unknown, unexpected, difficult-to-control situation. However, it is worth emphasizing that more and more people complain that they experience constant anxiety: about their current existence, health (both emotional and physical), interpersonal relationships, work problems, future prospects, or simply waiting for something bad to happen. It is important to remember that a small amount of anxiety has a positive effect on a person - it stimulates resourcefulness, increases motivation, and helps to solve everyday challenges more smoothly. Strong, long-lasting or frequently recurring anxiety disrupts a person&#039;s emotional and physical stability, affects many areas of life, in which case various anxiety disorders may develop: phobias, panic attacks, post-traumatic stress syndrome, obsessive-compulsive and generalized anxiety disorder. The aforementioned disorders can be treated together with specialists, by talking and sharing what is difficult and depressing.<\/p>\t\t\t\t\t\t\t\t<\/div>\n\t\t\t\t<\/div>\n\t\t\t\t\t<\/div>\n\t\t<\/div>\n\t\t\t\t\t<\/div>\n\t\t<\/section>\n\t\t\t\t<section class=\"elementor-section elementor-top-section elementor-element elementor-element-224d8ee0 elementor-section-boxed elementor-section-height-default elementor-section-height-default parallax_section_no qode_elementor_container_no\" data-id=\"224d8ee0\" data-element_type=\"section\">\n\t\t\t\t\t\t<div class=\"elementor-container elementor-column-gap-default\">\n\t\t\t\t\t<div class=\"elementor-column elementor-col-100 elementor-top-column elementor-element elementor-element-5bf0b126\" data-id=\"5bf0b126\" data-element_type=\"column\">\n\t\t\t<div class=\"elementor-widget-wrap elementor-element-populated\">\n\t\t\t\t\t\t<div class=\"elementor-element elementor-element-13dcc46a elementor-align-center elementor-widget elementor-widget-button\" data-id=\"13dcc46a\" data-element_type=\"widget\" data-widget_type=\"button.default\">\n\t\t\t\t<div class=\"elementor-widget-container\">\n\t\t\t\t\t\t\t\t\t<div class=\"elementor-button-wrapper\">\n\t\t\t\t\t<a class=\"elementor-button elementor-button-link elementor-size-md\" href=\"https:\/\/galibuti.lt\/en\/anxiety\/\">\n\t\t\t\t\t\t<span class=\"elementor-button-content-wrapper\">\n\t\t\t\t\t\t\t\t\t<span class=\"elementor-button-text\">Register<\/span>\n\t\t\t\t\t<\/span>\n\t\t\t\t\t<\/a>\n\t\t\t\t<\/div>\n\t\t\t\t\t\t\t\t<\/div>\n\t\t\t\t<\/div>\n\t\t\t\t\t<\/div>\n\t\t<\/div>\n\t\t\t\t\t<\/div>\n\t\t<\/section>\n\t\t\t\t<\/div>","protected":false},"excerpt":{"rendered":"<p>Nerimas Nerimas \u2013 nat\u016brali, da\u017eno \u017emogaus i\u0161gyvenama, ta\u010diau neretai itin slegianti ir nemaloni emocija. Nerimas paprastai juntamas patiriant didel\u012f stres\u0105, susid\u016brus su ne\u017einoma, netik\u0117ta, sunkiai kontroliuojama situacija. Ta\u010diau verta pabr\u0117\u017eti, kad vis daugiau \u017emoni\u0173 skund\u017eiasi i\u0161gyvenantys nuolatin\u012f nerim\u0105: d\u0117l dabartin\u0117s b\u016bties, sveikatos (tiek emocin\u0117s, tiek&#8230;<\/p>","protected":false},"author":77,"featured_media":0,"parent":0,"menu_order":0,"comment_status":"closed","ping_status":"closed","template":"","meta":{"inline_featured_image":false,"footnotes":""},"class_list":["post-3592","page","type-page","status-publish","hentry"],"yoast_head":"<!-- This site is optimized with the Yoast SEO plugin v27.3 - https:\/\/yoast.com\/product\/yoast-seo-wordpress\/ -->\n<title>Nerimo klausimai - Gali b\u016bti<\/title>\n<meta name=\"robots\" content=\"index, follow, max-snippet:-1, max-image-preview:large, max-video-preview:-1\" \/>\n<link rel=\"canonical\" href=\"https:\/\/galibuti.lt\/en\/anxiety-issues\/\" \/>\n<meta property=\"og:locale\" content=\"en_US\" \/>\n<meta property=\"og:type\" content=\"article\" \/>\n<meta property=\"og:title\" content=\"Nerimo klausimai - Gali b\u016bti\" \/>\n<meta property=\"og:description\" content=\"Nerimas Nerimas \u2013 nat\u016brali, da\u017eno \u017emogaus i\u0161gyvenama, ta\u010diau neretai itin slegianti ir nemaloni emocija. Nerimas paprastai juntamas patiriant didel\u012f stres\u0105, susid\u016brus su ne\u017einoma, netik\u0117ta, sunkiai kontroliuojama situacija. Ta\u010diau verta pabr\u0117\u017eti, kad vis daugiau \u017emoni\u0173 skund\u017eiasi i\u0161gyvenantys nuolatin\u012f nerim\u0105: d\u0117l dabartin\u0117s b\u016bties, sveikatos (tiek emocin\u0117s, tiek...\" \/>\n<meta property=\"og:url\" content=\"https:\/\/galibuti.lt\/en\/anxiety-issues\/\" \/>\n<meta property=\"og:site_name\" content=\"Gali b\u016bti\" \/>\n<meta property=\"article:publisher\" content=\"https:\/\/www.facebook.com\/galibuti.lt\" \/>\n<meta property=\"article:modified_time\" content=\"2024-09-29T13:54:33+00:00\" \/>\n<meta property=\"og:image\" content=\"https:\/\/galibuti.lt\/wp-content\/uploads\/2022\/04\/Galibuti_nerimas_550x330.jpg\" \/>\n<meta name=\"twitter:card\" content=\"summary_large_image\" \/>\n<meta name=\"twitter:label1\" content=\"Est. reading time\" \/>\n\t<meta name=\"twitter:data1\" content=\"1 minute\" \/>\n<script type=\"application\/ld+json\" class=\"yoast-schema-graph\">{\"@context\":\"https:\\\/\\\/schema.org\",\"@graph\":[{\"@type\":\"WebPage\",\"@id\":\"https:\\\/\\\/galibuti.lt\\\/nerimo-klausimai\\\/\",\"url\":\"https:\\\/\\\/galibuti.lt\\\/nerimo-klausimai\\\/\",\"name\":\"Nerimo klausimai - Gali b\u016bti\",\"isPartOf\":{\"@id\":\"https:\\\/\\\/galibuti.lt\\\/#website\"},\"primaryImageOfPage\":{\"@id\":\"https:\\\/\\\/galibuti.lt\\\/nerimo-klausimai\\\/#primaryimage\"},\"image\":{\"@id\":\"https:\\\/\\\/galibuti.lt\\\/nerimo-klausimai\\\/#primaryimage\"},\"thumbnailUrl\":\"https:\\\/\\\/galibuti.lt\\\/wp-content\\\/uploads\\\/2022\\\/04\\\/Galibuti_nerimas_550x330.jpg\",\"datePublished\":\"2022-04-10T15:57:37+00:00\",\"dateModified\":\"2024-09-29T13:54:33+00:00\",\"breadcrumb\":{\"@id\":\"https:\\\/\\\/galibuti.lt\\\/nerimo-klausimai\\\/#breadcrumb\"},\"inLanguage\":\"en-US\",\"potentialAction\":[{\"@type\":\"ReadAction\",\"target\":[\"https:\\\/\\\/galibuti.lt\\\/nerimo-klausimai\\\/\"]}]},{\"@type\":\"ImageObject\",\"inLanguage\":\"en-US\",\"@id\":\"https:\\\/\\\/galibuti.lt\\\/nerimo-klausimai\\\/#primaryimage\",\"url\":\"https:\\\/\\\/galibuti.lt\\\/wp-content\\\/uploads\\\/2022\\\/04\\\/Galibuti_nerimas_550x330.jpg\",\"contentUrl\":\"https:\\\/\\\/galibuti.lt\\\/wp-content\\\/uploads\\\/2022\\\/04\\\/Galibuti_nerimas_550x330.jpg\"},{\"@type\":\"BreadcrumbList\",\"@id\":\"https:\\\/\\\/galibuti.lt\\\/nerimo-klausimai\\\/#breadcrumb\",\"itemListElement\":[{\"@type\":\"ListItem\",\"position\":1,\"name\":\"Home\",\"item\":\"https:\\\/\\\/galibuti.lt\\\/\"},{\"@type\":\"ListItem\",\"position\":2,\"name\":\"Nerimo klausimai\"}]},{\"@type\":\"WebSite\",\"@id\":\"https:\\\/\\\/galibuti.lt\\\/#website\",\"url\":\"https:\\\/\\\/galibuti.lt\\\/\",\"name\":\"Gali b\u016bti\",\"description\":\"Psichologijos ir Psichiatrijos klinika\",\"publisher\":{\"@id\":\"https:\\\/\\\/galibuti.lt\\\/#organization\"},\"potentialAction\":[{\"@type\":\"SearchAction\",\"target\":{\"@type\":\"EntryPoint\",\"urlTemplate\":\"https:\\\/\\\/galibuti.lt\\\/?s={search_term_string}\"},\"query-input\":{\"@type\":\"PropertyValueSpecification\",\"valueRequired\":true,\"valueName\":\"search_term_string\"}}],\"inLanguage\":\"en-US\"},{\"@type\":\"Organization\",\"@id\":\"https:\\\/\\\/galibuti.lt\\\/#organization\",\"name\":\"Galibuti.lt\",\"url\":\"https:\\\/\\\/galibuti.lt\\\/\",\"logo\":{\"@type\":\"ImageObject\",\"inLanguage\":\"en-US\",\"@id\":\"https:\\\/\\\/galibuti.lt\\\/#\\\/schema\\\/logo\\\/image\\\/\",\"url\":\"https:\\\/\\\/galibuti.lt\\\/wp-content\\\/uploads\\\/2021\\\/05\\\/galibuti_logotipas-juodas-04.png\",\"contentUrl\":\"https:\\\/\\\/galibuti.lt\\\/wp-content\\\/uploads\\\/2021\\\/05\\\/galibuti_logotipas-juodas-04.png\",\"width\":315,\"height\":315,\"caption\":\"Galibuti.lt\"},\"image\":{\"@id\":\"https:\\\/\\\/galibuti.lt\\\/#\\\/schema\\\/logo\\\/image\\\/\"},\"sameAs\":[\"https:\\\/\\\/www.facebook.com\\\/galibuti.lt\"]}]}<\/script>\n<!-- \/ Yoast SEO plugin. -->","yoast_head_json":{"title":"Anxiety issues - Can be","robots":{"index":"index","follow":"follow","max-snippet":"max-snippet:-1","max-image-preview":"max-image-preview:large","max-video-preview":"max-video-preview:-1"},"canonical":"https:\/\/galibuti.lt\/en\/anxiety-issues\/","og_locale":"en_US","og_type":"article","og_title":"Nerimo klausimai - Gali b\u016bti","og_description":"Nerimas Nerimas \u2013 nat\u016brali, da\u017eno \u017emogaus i\u0161gyvenama, ta\u010diau neretai itin slegianti ir nemaloni emocija. Nerimas paprastai juntamas patiriant didel\u012f stres\u0105, susid\u016brus su ne\u017einoma, netik\u0117ta, sunkiai kontroliuojama situacija. Ta\u010diau verta pabr\u0117\u017eti, kad vis daugiau \u017emoni\u0173 skund\u017eiasi i\u0161gyvenantys nuolatin\u012f nerim\u0105: d\u0117l dabartin\u0117s b\u016bties, sveikatos (tiek emocin\u0117s, tiek...","og_url":"https:\/\/galibuti.lt\/en\/anxiety-issues\/","og_site_name":"Gali b\u016bti","article_publisher":"https:\/\/www.facebook.com\/galibuti.lt","article_modified_time":"2024-09-29T13:54:33+00:00","og_image":[{"url":"https:\/\/galibuti.lt\/wp-content\/uploads\/2022\/04\/Galibuti_nerimas_550x330.jpg","type":"","width":"","height":""}],"twitter_card":"summary_large_image","twitter_misc":{"Est. reading time":"1 minute"},"schema":{"@context":"https:\/\/schema.org","@graph":[{"@type":"WebPage","@id":"https:\/\/galibuti.lt\/nerimo-klausimai\/","url":"https:\/\/galibuti.lt\/nerimo-klausimai\/","name":"Anxiety issues - Can be","isPartOf":{"@id":"https:\/\/galibuti.lt\/#website"},"primaryImageOfPage":{"@id":"https:\/\/galibuti.lt\/nerimo-klausimai\/#primaryimage"},"image":{"@id":"https:\/\/galibuti.lt\/nerimo-klausimai\/#primaryimage"},"thumbnailUrl":"https:\/\/galibuti.lt\/wp-content\/uploads\/2022\/04\/Galibuti_nerimas_550x330.jpg","datePublished":"2022-04-10T15:57:37+00:00","dateModified":"2024-09-29T13:54:33+00:00","breadcrumb":{"@id":"https:\/\/galibuti.lt\/nerimo-klausimai\/#breadcrumb"},"inLanguage":"en-US","potentialAction":[{"@type":"ReadAction","target":["https:\/\/galibuti.lt\/nerimo-klausimai\/"]}]},{"@type":"ImageObject","inLanguage":"en-US","@id":"https:\/\/galibuti.lt\/nerimo-klausimai\/#primaryimage","url":"https:\/\/galibuti.lt\/wp-content\/uploads\/2022\/04\/Galibuti_nerimas_550x330.jpg","contentUrl":"https:\/\/galibuti.lt\/wp-content\/uploads\/2022\/04\/Galibuti_nerimas_550x330.jpg"},{"@type":"BreadcrumbList","@id":"https:\/\/galibuti.lt\/nerimo-klausimai\/#breadcrumb","itemListElement":[{"@type":"ListItem","position":1,"name":"Home","item":"https:\/\/galibuti.lt\/"},{"@type":"ListItem","position":2,"name":"Nerimo klausimai"}]},{"@type":"WebSite","@id":"https:\/\/galibuti.lt\/#website","url":"https:\/\/galibuti.lt\/","name":"It may be","description":"Clinic of Psychology and Psychiatry","publisher":{"@id":"https:\/\/galibuti.lt\/#organization"},"potentialAction":[{"@type":"SearchAction","target":{"@type":"EntryPoint","urlTemplate":"https:\/\/galibuti.lt\/?s={search_term_string}"},"query-input":{"@type":"PropertyValueSpecification","valueRequired":true,"valueName":"search_term_string"}}],"inLanguage":"en-US"},{"@type":"Organization","@id":"https:\/\/galibuti.lt\/#organization","name":"Galibuti.lt","url":"https:\/\/galibuti.lt\/","logo":{"@type":"ImageObject","inLanguage":"en-US","@id":"https:\/\/galibuti.lt\/#\/schema\/logo\/image\/","url":"https:\/\/galibuti.lt\/wp-content\/uploads\/2021\/05\/galibuti_logotipas-juodas-04.png","contentUrl":"https:\/\/galibuti.lt\/wp-content\/uploads\/2021\/05\/galibuti_logotipas-juodas-04.png","width":315,"height":315,"caption":"Galibuti.lt"},"image":{"@id":"https:\/\/galibuti.lt\/#\/schema\/logo\/image\/"},"sameAs":["https:\/\/www.facebook.com\/galibuti.lt"]}]}},"_links":{"self":[{"href":"https:\/\/galibuti.lt\/en\/wp-json\/wp\/v2\/pages\/3592","targetHints":{"allow":["GET"]}}],"collection":[{"href":"https:\/\/galibuti.lt\/en\/wp-json\/wp\/v2\/pages"}],"about":[{"href":"https:\/\/galibuti.lt\/en\/wp-json\/wp\/v2\/types\/page"}],"author":[{"embeddable":true,"href":"https:\/\/galibuti.lt\/en\/wp-json\/wp\/v2\/users\/77"}],"replies":[{"embeddable":true,"href":"https:\/\/galibuti.lt\/en\/wp-json\/wp\/v2\/comments?post=3592"}],"version-history":[{"count":16,"href":"https:\/\/galibuti.lt\/en\/wp-json\/wp\/v2\/pages\/3592\/revisions"}],"predecessor-version":[{"id":7455,"href":"https:\/\/galibuti.lt\/en\/wp-json\/wp\/v2\/pages\/3592\/revisions\/7455"}],"wp:attachment":[{"href":"https:\/\/galibuti.lt\/en\/wp-json\/wp\/v2\/media?parent=3592"}],"curies":[{"name":"wp","href":"https:\/\/api.w.org\/{rel}","templated":true}]}}