{"id":3601,"date":"2022-04-10T18:00:48","date_gmt":"2022-04-10T16:00:48","guid":{"rendered":"https:\/\/galibuti.lt\/?page_id=3601"},"modified":"2024-09-29T15:54:51","modified_gmt":"2024-09-29T13:54:51","slug":"depression-issues","status":"publish","type":"page","link":"https:\/\/galibuti.lt\/en\/depression-issues\/","title":{"rendered":"Depression issues"},"content":{"rendered":"<div data-elementor-type=\"wp-page\" data-elementor-id=\"3601\" class=\"elementor elementor-3601\">\n\t\t\t\t\t\t<section class=\"elementor-section elementor-top-section elementor-element elementor-element-743b07f9 elementor-section-boxed elementor-section-height-default elementor-section-height-default parallax_section_no qode_elementor_container_no\" data-id=\"743b07f9\" data-element_type=\"section\">\n\t\t\t\t\t\t<div class=\"elementor-container elementor-column-gap-default\">\n\t\t\t\t\t<div class=\"elementor-column elementor-col-100 elementor-top-column elementor-element elementor-element-32d9bdd1\" data-id=\"32d9bdd1\" data-element_type=\"column\">\n\t\t\t<div class=\"elementor-widget-wrap elementor-element-populated\">\n\t\t\t\t\t\t<div class=\"elementor-element elementor-element-7cccb777 elementor-widget elementor-widget-heading\" data-id=\"7cccb777\" data-element_type=\"widget\" data-widget_type=\"heading.default\">\n\t\t\t\t<div class=\"elementor-widget-container\">\n\t\t\t\t\t<h1 class=\"elementor-heading-title elementor-size-small\">Depression<\/h1>\t\t\t\t<\/div>\n\t\t\t\t<\/div>\n\t\t\t\t\t<\/div>\n\t\t<\/div>\n\t\t\t\t\t<\/div>\n\t\t<\/section>\n\t\t\t\t<section class=\"elementor-section elementor-top-section elementor-element elementor-element-43432fe elementor-section-content-middle elementor-section-boxed elementor-section-height-default elementor-section-height-default parallax_section_no qode_elementor_container_no\" data-id=\"43432fe\" data-element_type=\"section\">\n\t\t\t\t\t\t<div class=\"elementor-container elementor-column-gap-default\">\n\t\t\t\t\t<div class=\"elementor-column elementor-col-50 elementor-top-column elementor-element elementor-element-5d1a3e4\" data-id=\"5d1a3e4\" data-element_type=\"column\">\n\t\t\t<div class=\"elementor-widget-wrap elementor-element-populated\">\n\t\t\t\t\t\t<div class=\"elementor-element elementor-element-12da3a4e elementor-widget elementor-widget-image\" data-id=\"12da3a4e\" data-element_type=\"widget\" data-widget_type=\"image.default\">\n\t\t\t\t<div class=\"elementor-widget-container\">\n\t\t\t\t\t\t\t\t\t\t\t\t\t\t\t<img fetchpriority=\"high\" decoding=\"async\" width=\"1024\" height=\"614\" src=\"https:\/\/galibuti.lt\/wp-content\/uploads\/2022\/04\/Galibuti_depresija_1140x684-1024x614.jpg\" class=\"attachment-large size-large wp-image-3602\" alt=\"depression\" srcset=\"https:\/\/galibuti.lt\/wp-content\/uploads\/2022\/04\/Galibuti_depresija_1140x684-1024x614.jpg 1024w, https:\/\/galibuti.lt\/wp-content\/uploads\/2022\/04\/Galibuti_depresija_1140x684-300x180.jpg 300w, https:\/\/galibuti.lt\/wp-content\/uploads\/2022\/04\/Galibuti_depresija_1140x684-768x461.jpg 768w, https:\/\/galibuti.lt\/wp-content\/uploads\/2022\/04\/Galibuti_depresija_1140x684-700x420.jpg 700w, https:\/\/galibuti.lt\/wp-content\/uploads\/2022\/04\/Galibuti_depresija_1140x684-600x360.jpg 600w, https:\/\/galibuti.lt\/wp-content\/uploads\/2022\/04\/Galibuti_depresija_1140x684.jpg 1140w\" sizes=\"(max-width: 1024px) 100vw, 1024px\" \/>\t\t\t\t\t\t\t\t\t\t\t\t\t\t\t<\/div>\n\t\t\t\t<\/div>\n\t\t\t\t\t<\/div>\n\t\t<\/div>\n\t\t\t\t<div class=\"elementor-column elementor-col-50 elementor-top-column elementor-element elementor-element-8d12b7b\" data-id=\"8d12b7b\" data-element_type=\"column\">\n\t\t\t<div class=\"elementor-widget-wrap elementor-element-populated\">\n\t\t\t\t\t\t<div class=\"elementor-element elementor-element-75066425 elementor-widget elementor-widget-text-editor\" data-id=\"75066425\" data-element_type=\"widget\" data-widget_type=\"text-editor.default\">\n\t\t\t\t<div class=\"elementor-widget-container\">\n\t\t\t\t\t\t\t\t\t<p style=\"text-align: justify;\">Depression is a mental disorder caused by various internal and external factors, most often manifested by depression, apathy, lack of energy and motivation, and mood swings. Having a tendency to depression or suffering from it, thoughts of suicide often arise, and the need to harm oneself arises. As can be seen, there are many and various warning signs of possible depression, so it is appropriate to group them. The following groups of symptoms of depression are usually distinguished - thoughts and feelings, physical symptoms (decreased sexual needs, changed eating and sleeping patterns, fatigue), activities and relationships (inability to work, lack of motivation, isolation from loved ones). In addition, these symptoms vary depending on the type of depression (postpartum depression, seasonal, masked, senile depression, dysthymia, etc.) and severity (mild, moderate, severe depression). People with depression are often stigmatized - they are called lazy, neglectful; they lack support from loved ones, respect for them and their illness. However, there are also those who engage in self-diagnosis, claiming to be depressed. It is important to understand that every person faces a more difficult life situation, when sadness does not go away for some time, a depressed mood, apathy sets in, and they do not want to do anything, but this is not necessarily a disease. Depression is an extremely complex condition that affects a person&#039;s everyday life, weakens their emotional and physical well-being, and painfully affects not only the sufferer but also their loved ones. Only a competent specialist can diagnose it, so it is very important to seek help as early as possible and look for ways to help them recover and get stronger.\t\t\t\t\t\t\t\t<\/div>\n\t\t\t\t<\/div>\n\t\t\t\t\t<\/div>\n\t\t<\/div>\n\t\t\t\t\t<\/div>\n\t\t<\/section>\n\t\t\t\t<section class=\"elementor-section elementor-top-section elementor-element elementor-element-4ce110d4 elementor-section-boxed elementor-section-height-default elementor-section-height-default parallax_section_no qode_elementor_container_no\" data-id=\"4ce110d4\" data-element_type=\"section\">\n\t\t\t\t\t\t<div class=\"elementor-container elementor-column-gap-default\">\n\t\t\t\t\t<div class=\"elementor-column elementor-col-100 elementor-top-column elementor-element elementor-element-1faa84e6\" data-id=\"1faa84e6\" data-element_type=\"column\">\n\t\t\t<div class=\"elementor-widget-wrap elementor-element-populated\">\n\t\t\t\t\t\t<div class=\"elementor-element elementor-element-414c8b40 elementor-align-center elementor-widget elementor-widget-button\" data-id=\"414c8b40\" data-element_type=\"widget\" data-widget_type=\"button.default\">\n\t\t\t\t<div class=\"elementor-widget-container\">\n\t\t\t\t\t\t\t\t\t<div class=\"elementor-button-wrapper\">\n\t\t\t\t\t<a class=\"elementor-button elementor-button-link elementor-size-md\" href=\"https:\/\/galibuti.lt\/en\/anxiety\/\">\n\t\t\t\t\t\t<span class=\"elementor-button-content-wrapper\">\n\t\t\t\t\t\t\t\t\t<span class=\"elementor-button-text\">Register<\/span>\n\t\t\t\t\t<\/span>\n\t\t\t\t\t<\/a>\n\t\t\t\t<\/div>\n\t\t\t\t\t\t\t\t<\/div>\n\t\t\t\t<\/div>\n\t\t\t\t\t<\/div>\n\t\t<\/div>\n\t\t\t\t\t<\/div>\n\t\t<\/section>\n\t\t\t\t<\/div>","protected":false},"excerpt":{"rendered":"<p>Depresija Depresija \u2013 tai \u012fvairi\u0173 vidini\u0173 ir i\u0161orini\u0173 veiksni\u0173 lemtas psichikos sutrikimas, da\u017eniausiai pasirei\u0161kiantis prisl\u0117gtumu, apatija, energijos ir motyvacijos stoka, nuotaik\u0173 kaita. Turint polink\u012f \u012f depresij\u0105 arba ja sergant, neretai kyla min\u010di\u0173 apie savi\u017eudyb\u0119, atsiranda poreikis save \u017ealoti. Kaip matyti, apie galim\u0105 depresij\u0105 \u012fsp\u0117jan\u010di\u0173 po\u017eymi\u0173&#8230;<\/p>","protected":false},"author":77,"featured_media":0,"parent":0,"menu_order":0,"comment_status":"closed","ping_status":"closed","template":"","meta":{"inline_featured_image":false,"footnotes":""},"class_list":["post-3601","page","type-page","status-publish","hentry"],"yoast_head":"<!-- This site is optimized with the Yoast SEO plugin v27.3 - https:\/\/yoast.com\/product\/yoast-seo-wordpress\/ -->\n<title>Depresijos klausimai - Gali b\u016bti<\/title>\n<meta name=\"robots\" content=\"index, follow, max-snippet:-1, max-image-preview:large, max-video-preview:-1\" \/>\n<link rel=\"canonical\" href=\"https:\/\/galibuti.lt\/en\/depression-issues\/\" \/>\n<meta property=\"og:locale\" content=\"en_US\" \/>\n<meta property=\"og:type\" content=\"article\" \/>\n<meta property=\"og:title\" content=\"Depresijos klausimai - Gali b\u016bti\" \/>\n<meta property=\"og:description\" content=\"Depresija Depresija \u2013 tai \u012fvairi\u0173 vidini\u0173 ir i\u0161orini\u0173 veiksni\u0173 lemtas psichikos sutrikimas, da\u017eniausiai pasirei\u0161kiantis prisl\u0117gtumu, apatija, energijos ir motyvacijos stoka, nuotaik\u0173 kaita. Turint polink\u012f \u012f depresij\u0105 arba ja sergant, neretai kyla min\u010di\u0173 apie savi\u017eudyb\u0119, atsiranda poreikis save \u017ealoti. Kaip matyti, apie galim\u0105 depresij\u0105 \u012fsp\u0117jan\u010di\u0173 po\u017eymi\u0173...\" \/>\n<meta property=\"og:url\" content=\"https:\/\/galibuti.lt\/en\/depression-issues\/\" \/>\n<meta property=\"og:site_name\" content=\"Gali b\u016bti\" \/>\n<meta property=\"article:publisher\" content=\"https:\/\/www.facebook.com\/galibuti.lt\" \/>\n<meta property=\"article:modified_time\" content=\"2024-09-29T13:54:51+00:00\" \/>\n<meta property=\"og:image\" content=\"https:\/\/galibuti.lt\/wp-content\/uploads\/2022\/04\/Galibuti_depresija_1140x684-1024x614.jpg\" \/>\n<meta name=\"twitter:card\" content=\"summary_large_image\" \/>\n<meta name=\"twitter:label1\" content=\"Est. reading time\" \/>\n\t<meta name=\"twitter:data1\" content=\"2 minutes\" \/>\n<script type=\"application\/ld+json\" class=\"yoast-schema-graph\">{\"@context\":\"https:\\\/\\\/schema.org\",\"@graph\":[{\"@type\":\"WebPage\",\"@id\":\"https:\\\/\\\/galibuti.lt\\\/depresijos-klausimai\\\/\",\"url\":\"https:\\\/\\\/galibuti.lt\\\/depresijos-klausimai\\\/\",\"name\":\"Depresijos klausimai - Gali b\u016bti\",\"isPartOf\":{\"@id\":\"https:\\\/\\\/galibuti.lt\\\/#website\"},\"primaryImageOfPage\":{\"@id\":\"https:\\\/\\\/galibuti.lt\\\/depresijos-klausimai\\\/#primaryimage\"},\"image\":{\"@id\":\"https:\\\/\\\/galibuti.lt\\\/depresijos-klausimai\\\/#primaryimage\"},\"thumbnailUrl\":\"https:\\\/\\\/galibuti.lt\\\/wp-content\\\/uploads\\\/2022\\\/04\\\/Galibuti_depresija_1140x684-1024x614.jpg\",\"datePublished\":\"2022-04-10T16:00:48+00:00\",\"dateModified\":\"2024-09-29T13:54:51+00:00\",\"breadcrumb\":{\"@id\":\"https:\\\/\\\/galibuti.lt\\\/depresijos-klausimai\\\/#breadcrumb\"},\"inLanguage\":\"en-US\",\"potentialAction\":[{\"@type\":\"ReadAction\",\"target\":[\"https:\\\/\\\/galibuti.lt\\\/depresijos-klausimai\\\/\"]}]},{\"@type\":\"ImageObject\",\"inLanguage\":\"en-US\",\"@id\":\"https:\\\/\\\/galibuti.lt\\\/depresijos-klausimai\\\/#primaryimage\",\"url\":\"https:\\\/\\\/galibuti.lt\\\/wp-content\\\/uploads\\\/2022\\\/04\\\/Galibuti_depresija_1140x684-1024x614.jpg\",\"contentUrl\":\"https:\\\/\\\/galibuti.lt\\\/wp-content\\\/uploads\\\/2022\\\/04\\\/Galibuti_depresija_1140x684-1024x614.jpg\"},{\"@type\":\"BreadcrumbList\",\"@id\":\"https:\\\/\\\/galibuti.lt\\\/depresijos-klausimai\\\/#breadcrumb\",\"itemListElement\":[{\"@type\":\"ListItem\",\"position\":1,\"name\":\"Home\",\"item\":\"https:\\\/\\\/galibuti.lt\\\/\"},{\"@type\":\"ListItem\",\"position\":2,\"name\":\"Depresijos klausimai\"}]},{\"@type\":\"WebSite\",\"@id\":\"https:\\\/\\\/galibuti.lt\\\/#website\",\"url\":\"https:\\\/\\\/galibuti.lt\\\/\",\"name\":\"Gali b\u016bti\",\"description\":\"Psichologijos ir Psichiatrijos klinika\",\"publisher\":{\"@id\":\"https:\\\/\\\/galibuti.lt\\\/#organization\"},\"potentialAction\":[{\"@type\":\"SearchAction\",\"target\":{\"@type\":\"EntryPoint\",\"urlTemplate\":\"https:\\\/\\\/galibuti.lt\\\/?s={search_term_string}\"},\"query-input\":{\"@type\":\"PropertyValueSpecification\",\"valueRequired\":true,\"valueName\":\"search_term_string\"}}],\"inLanguage\":\"en-US\"},{\"@type\":\"Organization\",\"@id\":\"https:\\\/\\\/galibuti.lt\\\/#organization\",\"name\":\"Galibuti.lt\",\"url\":\"https:\\\/\\\/galibuti.lt\\\/\",\"logo\":{\"@type\":\"ImageObject\",\"inLanguage\":\"en-US\",\"@id\":\"https:\\\/\\\/galibuti.lt\\\/#\\\/schema\\\/logo\\\/image\\\/\",\"url\":\"https:\\\/\\\/galibuti.lt\\\/wp-content\\\/uploads\\\/2021\\\/05\\\/galibuti_logotipas-juodas-04.png\",\"contentUrl\":\"https:\\\/\\\/galibuti.lt\\\/wp-content\\\/uploads\\\/2021\\\/05\\\/galibuti_logotipas-juodas-04.png\",\"width\":315,\"height\":315,\"caption\":\"Galibuti.lt\"},\"image\":{\"@id\":\"https:\\\/\\\/galibuti.lt\\\/#\\\/schema\\\/logo\\\/image\\\/\"},\"sameAs\":[\"https:\\\/\\\/www.facebook.com\\\/galibuti.lt\"]}]}<\/script>\n<!-- \/ Yoast SEO plugin. -->","yoast_head_json":{"title":"Depression Issues - It Could Be","robots":{"index":"index","follow":"follow","max-snippet":"max-snippet:-1","max-image-preview":"max-image-preview:large","max-video-preview":"max-video-preview:-1"},"canonical":"https:\/\/galibuti.lt\/en\/depression-issues\/","og_locale":"en_US","og_type":"article","og_title":"Depresijos klausimai - Gali b\u016bti","og_description":"Depresija Depresija \u2013 tai \u012fvairi\u0173 vidini\u0173 ir i\u0161orini\u0173 veiksni\u0173 lemtas psichikos sutrikimas, da\u017eniausiai pasirei\u0161kiantis prisl\u0117gtumu, apatija, energijos ir motyvacijos stoka, nuotaik\u0173 kaita. Turint polink\u012f \u012f depresij\u0105 arba ja sergant, neretai kyla min\u010di\u0173 apie savi\u017eudyb\u0119, atsiranda poreikis save \u017ealoti. Kaip matyti, apie galim\u0105 depresij\u0105 \u012fsp\u0117jan\u010di\u0173 po\u017eymi\u0173...","og_url":"https:\/\/galibuti.lt\/en\/depression-issues\/","og_site_name":"Gali b\u016bti","article_publisher":"https:\/\/www.facebook.com\/galibuti.lt","article_modified_time":"2024-09-29T13:54:51+00:00","og_image":[{"url":"https:\/\/galibuti.lt\/wp-content\/uploads\/2022\/04\/Galibuti_depresija_1140x684-1024x614.jpg","type":"","width":"","height":""}],"twitter_card":"summary_large_image","twitter_misc":{"Est. reading time":"2 minutes"},"schema":{"@context":"https:\/\/schema.org","@graph":[{"@type":"WebPage","@id":"https:\/\/galibuti.lt\/depresijos-klausimai\/","url":"https:\/\/galibuti.lt\/depresijos-klausimai\/","name":"Depression Issues - It Could Be","isPartOf":{"@id":"https:\/\/galibuti.lt\/#website"},"primaryImageOfPage":{"@id":"https:\/\/galibuti.lt\/depresijos-klausimai\/#primaryimage"},"image":{"@id":"https:\/\/galibuti.lt\/depresijos-klausimai\/#primaryimage"},"thumbnailUrl":"https:\/\/galibuti.lt\/wp-content\/uploads\/2022\/04\/Galibuti_depresija_1140x684-1024x614.jpg","datePublished":"2022-04-10T16:00:48+00:00","dateModified":"2024-09-29T13:54:51+00:00","breadcrumb":{"@id":"https:\/\/galibuti.lt\/depresijos-klausimai\/#breadcrumb"},"inLanguage":"en-US","potentialAction":[{"@type":"ReadAction","target":["https:\/\/galibuti.lt\/depresijos-klausimai\/"]}]},{"@type":"ImageObject","inLanguage":"en-US","@id":"https:\/\/galibuti.lt\/depresijos-klausimai\/#primaryimage","url":"https:\/\/galibuti.lt\/wp-content\/uploads\/2022\/04\/Galibuti_depresija_1140x684-1024x614.jpg","contentUrl":"https:\/\/galibuti.lt\/wp-content\/uploads\/2022\/04\/Galibuti_depresija_1140x684-1024x614.jpg"},{"@type":"BreadcrumbList","@id":"https:\/\/galibuti.lt\/depresijos-klausimai\/#breadcrumb","itemListElement":[{"@type":"ListItem","position":1,"name":"Home","item":"https:\/\/galibuti.lt\/"},{"@type":"ListItem","position":2,"name":"Depresijos klausimai"}]},{"@type":"WebSite","@id":"https:\/\/galibuti.lt\/#website","url":"https:\/\/galibuti.lt\/","name":"It may be","description":"Clinic of Psychology and Psychiatry","publisher":{"@id":"https:\/\/galibuti.lt\/#organization"},"potentialAction":[{"@type":"SearchAction","target":{"@type":"EntryPoint","urlTemplate":"https:\/\/galibuti.lt\/?s={search_term_string}"},"query-input":{"@type":"PropertyValueSpecification","valueRequired":true,"valueName":"search_term_string"}}],"inLanguage":"en-US"},{"@type":"Organization","@id":"https:\/\/galibuti.lt\/#organization","name":"Galibuti.lt","url":"https:\/\/galibuti.lt\/","logo":{"@type":"ImageObject","inLanguage":"en-US","@id":"https:\/\/galibuti.lt\/#\/schema\/logo\/image\/","url":"https:\/\/galibuti.lt\/wp-content\/uploads\/2021\/05\/galibuti_logotipas-juodas-04.png","contentUrl":"https:\/\/galibuti.lt\/wp-content\/uploads\/2021\/05\/galibuti_logotipas-juodas-04.png","width":315,"height":315,"caption":"Galibuti.lt"},"image":{"@id":"https:\/\/galibuti.lt\/#\/schema\/logo\/image\/"},"sameAs":["https:\/\/www.facebook.com\/galibuti.lt"]}]}},"_links":{"self":[{"href":"https:\/\/galibuti.lt\/en\/wp-json\/wp\/v2\/pages\/3601","targetHints":{"allow":["GET"]}}],"collection":[{"href":"https:\/\/galibuti.lt\/en\/wp-json\/wp\/v2\/pages"}],"about":[{"href":"https:\/\/galibuti.lt\/en\/wp-json\/wp\/v2\/types\/page"}],"author":[{"embeddable":true,"href":"https:\/\/galibuti.lt\/en\/wp-json\/wp\/v2\/users\/77"}],"replies":[{"embeddable":true,"href":"https:\/\/galibuti.lt\/en\/wp-json\/wp\/v2\/comments?post=3601"}],"version-history":[{"count":13,"href":"https:\/\/galibuti.lt\/en\/wp-json\/wp\/v2\/pages\/3601\/revisions"}],"predecessor-version":[{"id":7458,"href":"https:\/\/galibuti.lt\/en\/wp-json\/wp\/v2\/pages\/3601\/revisions\/7458"}],"wp:attachment":[{"href":"https:\/\/galibuti.lt\/en\/wp-json\/wp\/v2\/media?parent=3601"}],"curies":[{"name":"wp","href":"https:\/\/api.w.org\/{rel}","templated":true}]}}