{"id":3606,"date":"2022-04-10T18:03:39","date_gmt":"2022-04-10T16:03:39","guid":{"rendered":"https:\/\/galibuti.lt\/?page_id=3606"},"modified":"2024-09-29T15:55:38","modified_gmt":"2024-09-29T13:55:38","slug":"help-with-impulse-control-disorders","status":"publish","type":"page","link":"https:\/\/galibuti.lt\/en\/help-with-impulse-control-disorders\/","title":{"rendered":"Help for impulse control disorders"},"content":{"rendered":"<div data-elementor-type=\"wp-page\" data-elementor-id=\"3606\" class=\"elementor elementor-3606\">\n\t\t\t\t\t\t<section class=\"elementor-section elementor-top-section elementor-element elementor-element-9339585 elementor-section-boxed elementor-section-height-default elementor-section-height-default parallax_section_no qode_elementor_container_no\" data-id=\"9339585\" data-element_type=\"section\">\n\t\t\t\t\t\t<div class=\"elementor-container elementor-column-gap-default\">\n\t\t\t\t\t<div class=\"elementor-column elementor-col-100 elementor-top-column elementor-element elementor-element-5ba5c511\" data-id=\"5ba5c511\" data-element_type=\"column\">\n\t\t\t<div class=\"elementor-widget-wrap elementor-element-populated\">\n\t\t\t\t\t\t<div class=\"elementor-element elementor-element-62fd70c1 elementor-widget elementor-widget-heading\" data-id=\"62fd70c1\" data-element_type=\"widget\" data-widget_type=\"heading.default\">\n\t\t\t\t<div class=\"elementor-widget-container\">\n\t\t\t\t\t<h1 class=\"elementor-heading-title elementor-size-small\">Eating disorders<\/h1>\t\t\t\t<\/div>\n\t\t\t\t<\/div>\n\t\t\t\t\t<\/div>\n\t\t<\/div>\n\t\t\t\t\t<\/div>\n\t\t<\/section>\n\t\t\t\t<section class=\"elementor-section elementor-top-section elementor-element elementor-element-15fb0ff elementor-section-content-middle elementor-section-boxed elementor-section-height-default elementor-section-height-default parallax_section_no qode_elementor_container_no\" data-id=\"15fb0ff\" data-element_type=\"section\">\n\t\t\t\t\t\t<div class=\"elementor-container elementor-column-gap-default\">\n\t\t\t\t\t<div class=\"elementor-column elementor-col-50 elementor-top-column elementor-element elementor-element-a890af8\" data-id=\"a890af8\" data-element_type=\"column\">\n\t\t\t<div class=\"elementor-widget-wrap elementor-element-populated\">\n\t\t\t\t\t\t<div class=\"elementor-element elementor-element-21bf8505 elementor-widget elementor-widget-image\" data-id=\"21bf8505\" data-element_type=\"widget\" data-widget_type=\"image.default\">\n\t\t\t\t<div class=\"elementor-widget-container\">\n\t\t\t\t\t\t\t\t\t\t\t\t\t\t\t<img decoding=\"async\" src=\"https:\/\/galibuti.lt\/wp-content\/uploads\/2022\/04\/Galibuti_valgymo_sutrikimai_1140x684.jpg\" title=\"Possible_eating_disorders_1140x684\" alt=\"eating disorders\" loading=\"lazy\" \/>\t\t\t\t\t\t\t\t\t\t\t\t\t\t\t<\/div>\n\t\t\t\t<\/div>\n\t\t\t\t\t<\/div>\n\t\t<\/div>\n\t\t\t\t<div class=\"elementor-column elementor-col-50 elementor-top-column elementor-element elementor-element-3146dc5\" data-id=\"3146dc5\" data-element_type=\"column\">\n\t\t\t<div class=\"elementor-widget-wrap elementor-element-populated\">\n\t\t\t\t\t\t<div class=\"elementor-element elementor-element-64199db4 elementor-widget elementor-widget-text-editor\" data-id=\"64199db4\" data-element_type=\"widget\" data-widget_type=\"text-editor.default\">\n\t\t\t\t<div class=\"elementor-widget-container\">\n\t\t\t\t\t\t\t\t\t<p style=\"text-align: justify;\">Eating disorders are characterized by a distorted view of one&#039;s body shape, strict weight control, and a disturbed relationship with food, which leads to the formation of harmful eating habits and malnutrition. In addition, people with eating disorders often measure their value through their body image, and they are characterized by such internal attitudes as &quot;I will be happy when I lose weight&quot;, &quot;I am valuable because I know how to control the amount of food I eat&quot;, &quot;I am beautiful because I have received compliments for my changed body shape&quot;, etc. The most common eating disorders are anorexia nervosa, bulimia nervosa, and binge eating. Although eating disorders can affect people of any age, gender, or social status, adolescents and young women are the most vulnerable group. The risk of eating disorders is increased by various factors: genetics, high stress, other mental illnesses (depression, generalized anxiety disorder, or obsessive-compulsive disorder), and painful early childhood experiences. Also personality traits and tendencies (inferiority complex, perfectionism, neuroticism, morbid comparison of oneself with others), social norms (cult of a thin body), crises in interpersonal relationships. These disorders are extremely dangerous not only for emotional or mental, but also for physical human health - with the disease (and if it is not treated), death can occur in the acute form of eating disorders. Treatment of eating disorders is a long process that requires considerable patience, which is why it is important to seek help as early as possible. Usually, a person suffering from one of the disorders is treated with psychotherapy, given consultations with a dietician, during which new eating habits are learned, a different attitude towards oneself, one&#039;s body, and weight are encouraged. Sometimes, consultations with a psychiatrist are also needed, and medication is prescribed. The most important thing is not to be alone with what is difficult, depressing, to talk out loud about problems, to want to get better, to get stronger.<\/p>\t\t\t\t\t\t\t\t<\/div>\n\t\t\t\t<\/div>\n\t\t\t\t\t<\/div>\n\t\t<\/div>\n\t\t\t\t\t<\/div>\n\t\t<\/section>\n\t\t\t\t<section class=\"elementor-section elementor-top-section elementor-element elementor-element-2ed3859 elementor-section-boxed elementor-section-height-default elementor-section-height-default parallax_section_no qode_elementor_container_no\" data-id=\"2ed3859\" data-element_type=\"section\">\n\t\t\t\t\t\t<div class=\"elementor-container elementor-column-gap-default\">\n\t\t\t\t\t<div class=\"elementor-column elementor-col-100 elementor-top-column elementor-element elementor-element-d9f4cd1\" data-id=\"d9f4cd1\" data-element_type=\"column\">\n\t\t\t<div class=\"elementor-widget-wrap elementor-element-populated\">\n\t\t\t\t\t\t<div class=\"elementor-element elementor-element-44a6d36 elementor-widget elementor-widget-heading\" data-id=\"44a6d36\" data-element_type=\"widget\" data-widget_type=\"heading.default\">\n\t\t\t\t<div class=\"elementor-widget-container\">\n\t\t\t\t\t<h1 class=\"elementor-heading-title elementor-size-small\">Dependencies<\/h1>\t\t\t\t<\/div>\n\t\t\t\t<\/div>\n\t\t\t\t\t<\/div>\n\t\t<\/div>\n\t\t\t\t\t<\/div>\n\t\t<\/section>\n\t\t\t\t<section class=\"elementor-section elementor-top-section elementor-element elementor-element-78d6375 elementor-section-content-middle elementor-hidden-tablet elementor-hidden-phone elementor-section-boxed elementor-section-height-default elementor-section-height-default parallax_section_no qode_elementor_container_no\" data-id=\"78d6375\" data-element_type=\"section\">\n\t\t\t\t\t\t<div class=\"elementor-container elementor-column-gap-default\">\n\t\t\t\t\t<div class=\"elementor-column elementor-col-50 elementor-top-column elementor-element elementor-element-3c2cc69\" data-id=\"3c2cc69\" data-element_type=\"column\">\n\t\t\t<div class=\"elementor-widget-wrap elementor-element-populated\">\n\t\t\t\t\t\t<div class=\"elementor-element elementor-element-a58e7a1 elementor-widget elementor-widget-text-editor\" data-id=\"a58e7a1\" data-element_type=\"widget\" data-widget_type=\"text-editor.default\">\n\t\t\t\t<div class=\"elementor-widget-container\">\n\t\t\t\t\t\t\t\t\t<p style=\"text-align: justify;\">Addiction is a mental disorder that occurs due to a tendency to use psychoactive substances or the need to perform the same activity (e.g., gambling), despite the potential negative consequences for both oneself and those around one. Although there are many and various types of addictions, the following are most often mentioned: addiction to smoking, alcohol, drugs, gambling, computer games, shopping, sex. Usually, addictions are characterized by the following symptoms: strong cravings, an irresistible desire to use psychoactive (and not only) substances, a state of abstinence, manifested by severe anxiety, irritability, tremors, nausea, etc., increased tolerance to the addictive substance, the need to isolate oneself from professional, personal, and social areas. There are various psychological symptoms of this disorder, which differ depending on what was used, but a person with an addiction often suffers from feelings of shame, guilt, hopelessness, depression, and may have thoughts of suicide. It is also important to mention that psychoactive substances (nicotine, alcohol, drugs) greatly disrupt a person&#039;s emotional stability, and people undergoing treatment for addiction are diagnosed with concomitant mental disorders (anxiety, depression, insomnia, etc.). Addiction, like other mental illnesses, can only be diagnosed by a specialist, which is why it is important to seek help as early as possible in order to help yourself and your loved ones, because addictions harm them too.<\/p>\t\t\t\t\t\t\t\t<\/div>\n\t\t\t\t<\/div>\n\t\t\t\t\t<\/div>\n\t\t<\/div>\n\t\t\t\t<div class=\"elementor-column elementor-col-50 elementor-top-column elementor-element elementor-element-8575849\" data-id=\"8575849\" data-element_type=\"column\">\n\t\t\t<div class=\"elementor-widget-wrap elementor-element-populated\">\n\t\t\t\t\t\t<div class=\"elementor-element elementor-element-a58a5a9 elementor-widget elementor-widget-image\" data-id=\"a58a5a9\" data-element_type=\"widget\" data-widget_type=\"image.default\">\n\t\t\t\t<div class=\"elementor-widget-container\">\n\t\t\t\t\t\t\t\t\t\t\t\t\t\t\t<img fetchpriority=\"high\" decoding=\"async\" width=\"550\" height=\"330\" src=\"https:\/\/galibuti.lt\/wp-content\/uploads\/2022\/04\/Galibuti_priklausomybes_550x330.jpg\" class=\"attachment-large size-large wp-image-3608\" alt=\"addiction\" srcset=\"https:\/\/galibuti.lt\/wp-content\/uploads\/2022\/04\/Galibuti_priklausomybes_550x330.jpg 550w, https:\/\/galibuti.lt\/wp-content\/uploads\/2022\/04\/Galibuti_priklausomybes_550x330-300x180.jpg 300w\" sizes=\"(max-width: 550px) 100vw, 550px\" \/>\t\t\t\t\t\t\t\t\t\t\t\t\t\t\t<\/div>\n\t\t\t\t<\/div>\n\t\t\t\t\t<\/div>\n\t\t<\/div>\n\t\t\t\t\t<\/div>\n\t\t<\/section>\n\t\t\t\t<section class=\"elementor-section elementor-top-section elementor-element elementor-element-0c363d7 elementor-section-content-middle elementor-hidden-desktop elementor-section-boxed elementor-section-height-default elementor-section-height-default parallax_section_no qode_elementor_container_no\" data-id=\"0c363d7\" data-element_type=\"section\">\n\t\t\t\t\t\t<div class=\"elementor-container elementor-column-gap-default\">\n\t\t\t\t\t<div class=\"elementor-column elementor-col-50 elementor-top-column elementor-element elementor-element-712b013\" data-id=\"712b013\" data-element_type=\"column\">\n\t\t\t<div class=\"elementor-widget-wrap elementor-element-populated\">\n\t\t\t\t\t\t<div class=\"elementor-element elementor-element-8e7cdde elementor-widget elementor-widget-image\" data-id=\"8e7cdde\" data-element_type=\"widget\" data-widget_type=\"image.default\">\n\t\t\t\t<div class=\"elementor-widget-container\">\n\t\t\t\t\t\t\t\t\t\t\t\t\t\t\t<img fetchpriority=\"high\" decoding=\"async\" width=\"550\" height=\"330\" src=\"https:\/\/galibuti.lt\/wp-content\/uploads\/2022\/04\/Galibuti_priklausomybes_550x330.jpg\" class=\"attachment-large size-large wp-image-3608\" alt=\"addiction\" srcset=\"https:\/\/galibuti.lt\/wp-content\/uploads\/2022\/04\/Galibuti_priklausomybes_550x330.jpg 550w, https:\/\/galibuti.lt\/wp-content\/uploads\/2022\/04\/Galibuti_priklausomybes_550x330-300x180.jpg 300w\" sizes=\"(max-width: 550px) 100vw, 550px\" \/>\t\t\t\t\t\t\t\t\t\t\t\t\t\t\t<\/div>\n\t\t\t\t<\/div>\n\t\t\t\t\t<\/div>\n\t\t<\/div>\n\t\t\t\t<div class=\"elementor-column elementor-col-50 elementor-top-column elementor-element elementor-element-588fcf4\" data-id=\"588fcf4\" data-element_type=\"column\">\n\t\t\t<div class=\"elementor-widget-wrap elementor-element-populated\">\n\t\t\t\t\t\t<div class=\"elementor-element elementor-element-8cd502b elementor-widget elementor-widget-text-editor\" data-id=\"8cd502b\" data-element_type=\"widget\" data-widget_type=\"text-editor.default\">\n\t\t\t\t<div class=\"elementor-widget-container\">\n\t\t\t\t\t\t\t\t\t<p style=\"text-align: justify;\">Addiction is a mental disorder that occurs due to a tendency to use psychoactive substances or the need to perform the same activity (e.g., gambling), despite the potential negative consequences for both oneself and those around one. Although there are many and various types of addictions, the following are most often mentioned: addiction to smoking, alcohol, drugs, gambling, computer games, shopping, sex. Usually, addictions are characterized by the following symptoms: strong cravings, an irresistible desire to use psychoactive (and not only) substances, a state of abstinence, manifested by severe anxiety, irritability, tremors, nausea, etc., increased tolerance to the addictive substance, the need to isolate oneself from professional, personal, and social areas. There are various psychological symptoms of this disorder, which differ depending on what was used, but a person with an addiction often suffers from feelings of shame, guilt, hopelessness, depression, and may have thoughts of suicide. It is also important to mention that psychoactive substances (nicotine, alcohol, drugs) greatly disrupt a person&#039;s emotional stability, and people undergoing treatment for addiction are diagnosed with concomitant mental disorders (anxiety, depression, insomnia, etc.). Addiction, like other mental illnesses, can only be diagnosed by a specialist, which is why it is important to seek help as early as possible in order to help yourself and your loved ones, because addictions harm them too.<\/p>\t\t\t\t\t\t\t\t<\/div>\n\t\t\t\t<\/div>\n\t\t\t\t\t<\/div>\n\t\t<\/div>\n\t\t\t\t\t<\/div>\n\t\t<\/section>\n\t\t\t\t<section class=\"elementor-section elementor-top-section elementor-element elementor-element-1061ed3f elementor-section-boxed elementor-section-height-default elementor-section-height-default parallax_section_no qode_elementor_container_no\" data-id=\"1061ed3f\" data-element_type=\"section\">\n\t\t\t\t\t\t<div class=\"elementor-container elementor-column-gap-default\">\n\t\t\t\t\t<div class=\"elementor-column elementor-col-100 elementor-top-column elementor-element elementor-element-6c598dac\" data-id=\"6c598dac\" data-element_type=\"column\">\n\t\t\t<div class=\"elementor-widget-wrap elementor-element-populated\">\n\t\t\t\t\t\t<div class=\"elementor-element elementor-element-16dddf42 elementor-align-center elementor-widget elementor-widget-button\" data-id=\"16dddf42\" data-element_type=\"widget\" data-widget_type=\"button.default\">\n\t\t\t\t<div class=\"elementor-widget-container\">\n\t\t\t\t\t\t\t\t\t<div class=\"elementor-button-wrapper\">\n\t\t\t\t\t<a class=\"elementor-button elementor-button-link elementor-size-md\" href=\"https:\/\/galibuti.lt\/en\/impulse-control-disorders\/\">\n\t\t\t\t\t\t<span class=\"elementor-button-content-wrapper\">\n\t\t\t\t\t\t\t\t\t<span class=\"elementor-button-text\">Register<\/span>\n\t\t\t\t\t<\/span>\n\t\t\t\t\t<\/a>\n\t\t\t\t<\/div>\n\t\t\t\t\t\t\t\t<\/div>\n\t\t\t\t<\/div>\n\t\t\t\t\t<\/div>\n\t\t<\/div>\n\t\t\t\t\t<\/div>\n\t\t<\/section>\n\t\t\t\t<\/div>","protected":false},"excerpt":{"rendered":"<p>Valgymo sutrikimai Valgymo sutrikimams b\u016bdingas i\u0161kreiptas po\u017ei\u016bris \u012f savo k\u016bno formas, grie\u017eta svorio kontrol\u0117, sutrik\u0119s santykis su maistu, kas lemia \u017ealing\u0173 valgymo \u012fpro\u010di\u0173 susiformavim\u0105 ir nepakankam\u0105 mityb\u0105. Be to, \u017emon\u0117s, turintys valgymo sutrikim\u0105, da\u017enai savo vert\u0119 matuoja per k\u016bno vaizd\u0105, jiems b\u016bdingos tokios vidin\u0117s nuostatos,&#8230;<\/p>","protected":false},"author":77,"featured_media":0,"parent":0,"menu_order":0,"comment_status":"closed","ping_status":"closed","template":"","meta":{"inline_featured_image":false,"footnotes":""},"class_list":["post-3606","page","type-page","status-publish","hentry"],"yoast_head":"<!-- This site is optimized with the Yoast SEO plugin v27.3 - https:\/\/yoast.com\/product\/yoast-seo-wordpress\/ -->\n<title>Impuls\u0173 kontrol\u0117s sutrikim\u0173 pagalba - Gali b\u016bti<\/title>\n<meta name=\"robots\" content=\"index, follow, max-snippet:-1, max-image-preview:large, max-video-preview:-1\" \/>\n<link rel=\"canonical\" href=\"https:\/\/galibuti.lt\/en\/help-with-impulse-control-disorders\/\" \/>\n<meta property=\"og:locale\" content=\"en_US\" \/>\n<meta property=\"og:type\" content=\"article\" \/>\n<meta property=\"og:title\" content=\"Impuls\u0173 kontrol\u0117s sutrikim\u0173 pagalba - Gali b\u016bti\" \/>\n<meta property=\"og:description\" content=\"Valgymo sutrikimai Valgymo sutrikimams b\u016bdingas i\u0161kreiptas po\u017ei\u016bris \u012f savo k\u016bno formas, grie\u017eta svorio kontrol\u0117, sutrik\u0119s santykis su maistu, kas lemia \u017ealing\u0173 valgymo \u012fpro\u010di\u0173 susiformavim\u0105 ir nepakankam\u0105 mityb\u0105. Be to, \u017emon\u0117s, turintys valgymo sutrikim\u0105, da\u017enai savo vert\u0119 matuoja per k\u016bno vaizd\u0105, jiems b\u016bdingos tokios vidin\u0117s nuostatos,...\" \/>\n<meta property=\"og:url\" content=\"https:\/\/galibuti.lt\/en\/help-with-impulse-control-disorders\/\" \/>\n<meta property=\"og:site_name\" content=\"Gali b\u016bti\" \/>\n<meta property=\"article:publisher\" content=\"https:\/\/www.facebook.com\/galibuti.lt\" \/>\n<meta property=\"article:modified_time\" content=\"2024-09-29T13:55:38+00:00\" \/>\n<meta property=\"og:image\" content=\"https:\/\/galibuti.lt\/wp-content\/uploads\/elementor\/thumbs\/Galibuti_valgymo_sutrikimai_1140x684-qkkjgwmq47z4819fvoyjj0739f8s9syz2hyj43tug4.jpg\" \/>\n<meta name=\"twitter:card\" content=\"summary_large_image\" \/>\n<meta name=\"twitter:label1\" content=\"Est. reading time\" \/>\n\t<meta name=\"twitter:data1\" content=\"4 minutes\" \/>\n<script type=\"application\/ld+json\" class=\"yoast-schema-graph\">{\"@context\":\"https:\\\/\\\/schema.org\",\"@graph\":[{\"@type\":\"WebPage\",\"@id\":\"https:\\\/\\\/galibuti.lt\\\/impulsu-kontroles-sutrikimu-pagalba\\\/\",\"url\":\"https:\\\/\\\/galibuti.lt\\\/impulsu-kontroles-sutrikimu-pagalba\\\/\",\"name\":\"Impuls\u0173 kontrol\u0117s sutrikim\u0173 pagalba - Gali b\u016bti\",\"isPartOf\":{\"@id\":\"https:\\\/\\\/galibuti.lt\\\/#website\"},\"primaryImageOfPage\":{\"@id\":\"https:\\\/\\\/galibuti.lt\\\/impulsu-kontroles-sutrikimu-pagalba\\\/#primaryimage\"},\"image\":{\"@id\":\"https:\\\/\\\/galibuti.lt\\\/impulsu-kontroles-sutrikimu-pagalba\\\/#primaryimage\"},\"thumbnailUrl\":\"https:\\\/\\\/galibuti.lt\\\/wp-content\\\/uploads\\\/elementor\\\/thumbs\\\/Galibuti_valgymo_sutrikimai_1140x684-qkkjgwmq47z4819fvoyjj0739f8s9syz2hyj43tug4.jpg\",\"datePublished\":\"2022-04-10T16:03:39+00:00\",\"dateModified\":\"2024-09-29T13:55:38+00:00\",\"breadcrumb\":{\"@id\":\"https:\\\/\\\/galibuti.lt\\\/impulsu-kontroles-sutrikimu-pagalba\\\/#breadcrumb\"},\"inLanguage\":\"en-US\",\"potentialAction\":[{\"@type\":\"ReadAction\",\"target\":[\"https:\\\/\\\/galibuti.lt\\\/impulsu-kontroles-sutrikimu-pagalba\\\/\"]}]},{\"@type\":\"ImageObject\",\"inLanguage\":\"en-US\",\"@id\":\"https:\\\/\\\/galibuti.lt\\\/impulsu-kontroles-sutrikimu-pagalba\\\/#primaryimage\",\"url\":\"https:\\\/\\\/galibuti.lt\\\/wp-content\\\/uploads\\\/elementor\\\/thumbs\\\/Galibuti_valgymo_sutrikimai_1140x684-qkkjgwmq47z4819fvoyjj0739f8s9syz2hyj43tug4.jpg\",\"contentUrl\":\"https:\\\/\\\/galibuti.lt\\\/wp-content\\\/uploads\\\/elementor\\\/thumbs\\\/Galibuti_valgymo_sutrikimai_1140x684-qkkjgwmq47z4819fvoyjj0739f8s9syz2hyj43tug4.jpg\"},{\"@type\":\"BreadcrumbList\",\"@id\":\"https:\\\/\\\/galibuti.lt\\\/impulsu-kontroles-sutrikimu-pagalba\\\/#breadcrumb\",\"itemListElement\":[{\"@type\":\"ListItem\",\"position\":1,\"name\":\"Home\",\"item\":\"https:\\\/\\\/galibuti.lt\\\/\"},{\"@type\":\"ListItem\",\"position\":2,\"name\":\"Impuls\u0173 kontrol\u0117s sutrikim\u0173 pagalba\"}]},{\"@type\":\"WebSite\",\"@id\":\"https:\\\/\\\/galibuti.lt\\\/#website\",\"url\":\"https:\\\/\\\/galibuti.lt\\\/\",\"name\":\"Gali b\u016bti\",\"description\":\"Psichologijos ir Psichiatrijos klinika\",\"publisher\":{\"@id\":\"https:\\\/\\\/galibuti.lt\\\/#organization\"},\"potentialAction\":[{\"@type\":\"SearchAction\",\"target\":{\"@type\":\"EntryPoint\",\"urlTemplate\":\"https:\\\/\\\/galibuti.lt\\\/?s={search_term_string}\"},\"query-input\":{\"@type\":\"PropertyValueSpecification\",\"valueRequired\":true,\"valueName\":\"search_term_string\"}}],\"inLanguage\":\"en-US\"},{\"@type\":\"Organization\",\"@id\":\"https:\\\/\\\/galibuti.lt\\\/#organization\",\"name\":\"Galibuti.lt\",\"url\":\"https:\\\/\\\/galibuti.lt\\\/\",\"logo\":{\"@type\":\"ImageObject\",\"inLanguage\":\"en-US\",\"@id\":\"https:\\\/\\\/galibuti.lt\\\/#\\\/schema\\\/logo\\\/image\\\/\",\"url\":\"https:\\\/\\\/galibuti.lt\\\/wp-content\\\/uploads\\\/2021\\\/05\\\/galibuti_logotipas-juodas-04.png\",\"contentUrl\":\"https:\\\/\\\/galibuti.lt\\\/wp-content\\\/uploads\\\/2021\\\/05\\\/galibuti_logotipas-juodas-04.png\",\"width\":315,\"height\":315,\"caption\":\"Galibuti.lt\"},\"image\":{\"@id\":\"https:\\\/\\\/galibuti.lt\\\/#\\\/schema\\\/logo\\\/image\\\/\"},\"sameAs\":[\"https:\\\/\\\/www.facebook.com\\\/galibuti.lt\"]}]}<\/script>\n<!-- \/ Yoast SEO plugin. -->","yoast_head_json":{"title":"Help with Impulse Control Disorders - Can Be","robots":{"index":"index","follow":"follow","max-snippet":"max-snippet:-1","max-image-preview":"max-image-preview:large","max-video-preview":"max-video-preview:-1"},"canonical":"https:\/\/galibuti.lt\/en\/help-with-impulse-control-disorders\/","og_locale":"en_US","og_type":"article","og_title":"Impuls\u0173 kontrol\u0117s sutrikim\u0173 pagalba - Gali b\u016bti","og_description":"Valgymo sutrikimai Valgymo sutrikimams b\u016bdingas i\u0161kreiptas po\u017ei\u016bris \u012f savo k\u016bno formas, grie\u017eta svorio kontrol\u0117, sutrik\u0119s santykis su maistu, kas lemia \u017ealing\u0173 valgymo \u012fpro\u010di\u0173 susiformavim\u0105 ir nepakankam\u0105 mityb\u0105. Be to, \u017emon\u0117s, turintys valgymo sutrikim\u0105, da\u017enai savo vert\u0119 matuoja per k\u016bno vaizd\u0105, jiems b\u016bdingos tokios vidin\u0117s nuostatos,...","og_url":"https:\/\/galibuti.lt\/en\/help-with-impulse-control-disorders\/","og_site_name":"Gali b\u016bti","article_publisher":"https:\/\/www.facebook.com\/galibuti.lt","article_modified_time":"2024-09-29T13:55:38+00:00","og_image":[{"url":"https:\/\/galibuti.lt\/wp-content\/uploads\/elementor\/thumbs\/Galibuti_valgymo_sutrikimai_1140x684-qkkjgwmq47z4819fvoyjj0739f8s9syz2hyj43tug4.jpg","type":"","width":"","height":""}],"twitter_card":"summary_large_image","twitter_misc":{"Est. reading time":"4 minutes"},"schema":{"@context":"https:\/\/schema.org","@graph":[{"@type":"WebPage","@id":"https:\/\/galibuti.lt\/impulsu-kontroles-sutrikimu-pagalba\/","url":"https:\/\/galibuti.lt\/impulsu-kontroles-sutrikimu-pagalba\/","name":"Help with Impulse Control Disorders - Can Be","isPartOf":{"@id":"https:\/\/galibuti.lt\/#website"},"primaryImageOfPage":{"@id":"https:\/\/galibuti.lt\/impulsu-kontroles-sutrikimu-pagalba\/#primaryimage"},"image":{"@id":"https:\/\/galibuti.lt\/impulsu-kontroles-sutrikimu-pagalba\/#primaryimage"},"thumbnailUrl":"https:\/\/galibuti.lt\/wp-content\/uploads\/elementor\/thumbs\/Galibuti_valgymo_sutrikimai_1140x684-qkkjgwmq47z4819fvoyjj0739f8s9syz2hyj43tug4.jpg","datePublished":"2022-04-10T16:03:39+00:00","dateModified":"2024-09-29T13:55:38+00:00","breadcrumb":{"@id":"https:\/\/galibuti.lt\/impulsu-kontroles-sutrikimu-pagalba\/#breadcrumb"},"inLanguage":"en-US","potentialAction":[{"@type":"ReadAction","target":["https:\/\/galibuti.lt\/impulsu-kontroles-sutrikimu-pagalba\/"]}]},{"@type":"ImageObject","inLanguage":"en-US","@id":"https:\/\/galibuti.lt\/impulsu-kontroles-sutrikimu-pagalba\/#primaryimage","url":"https:\/\/galibuti.lt\/wp-content\/uploads\/elementor\/thumbs\/Galibuti_valgymo_sutrikimai_1140x684-qkkjgwmq47z4819fvoyjj0739f8s9syz2hyj43tug4.jpg","contentUrl":"https:\/\/galibuti.lt\/wp-content\/uploads\/elementor\/thumbs\/Galibuti_valgymo_sutrikimai_1140x684-qkkjgwmq47z4819fvoyjj0739f8s9syz2hyj43tug4.jpg"},{"@type":"BreadcrumbList","@id":"https:\/\/galibuti.lt\/impulsu-kontroles-sutrikimu-pagalba\/#breadcrumb","itemListElement":[{"@type":"ListItem","position":1,"name":"Home","item":"https:\/\/galibuti.lt\/"},{"@type":"ListItem","position":2,"name":"Impuls\u0173 kontrol\u0117s sutrikim\u0173 pagalba"}]},{"@type":"WebSite","@id":"https:\/\/galibuti.lt\/#website","url":"https:\/\/galibuti.lt\/","name":"It may be","description":"Clinic of Psychology and Psychiatry","publisher":{"@id":"https:\/\/galibuti.lt\/#organization"},"potentialAction":[{"@type":"SearchAction","target":{"@type":"EntryPoint","urlTemplate":"https:\/\/galibuti.lt\/?s={search_term_string}"},"query-input":{"@type":"PropertyValueSpecification","valueRequired":true,"valueName":"search_term_string"}}],"inLanguage":"en-US"},{"@type":"Organization","@id":"https:\/\/galibuti.lt\/#organization","name":"Galibuti.lt","url":"https:\/\/galibuti.lt\/","logo":{"@type":"ImageObject","inLanguage":"en-US","@id":"https:\/\/galibuti.lt\/#\/schema\/logo\/image\/","url":"https:\/\/galibuti.lt\/wp-content\/uploads\/2021\/05\/galibuti_logotipas-juodas-04.png","contentUrl":"https:\/\/galibuti.lt\/wp-content\/uploads\/2021\/05\/galibuti_logotipas-juodas-04.png","width":315,"height":315,"caption":"Galibuti.lt"},"image":{"@id":"https:\/\/galibuti.lt\/#\/schema\/logo\/image\/"},"sameAs":["https:\/\/www.facebook.com\/galibuti.lt"]}]}},"_links":{"self":[{"href":"https:\/\/galibuti.lt\/en\/wp-json\/wp\/v2\/pages\/3606","targetHints":{"allow":["GET"]}}],"collection":[{"href":"https:\/\/galibuti.lt\/en\/wp-json\/wp\/v2\/pages"}],"about":[{"href":"https:\/\/galibuti.lt\/en\/wp-json\/wp\/v2\/types\/page"}],"author":[{"embeddable":true,"href":"https:\/\/galibuti.lt\/en\/wp-json\/wp\/v2\/users\/77"}],"replies":[{"embeddable":true,"href":"https:\/\/galibuti.lt\/en\/wp-json\/wp\/v2\/comments?post=3606"}],"version-history":[{"count":15,"href":"https:\/\/galibuti.lt\/en\/wp-json\/wp\/v2\/pages\/3606\/revisions"}],"predecessor-version":[{"id":7467,"href":"https:\/\/galibuti.lt\/en\/wp-json\/wp\/v2\/pages\/3606\/revisions\/7467"}],"wp:attachment":[{"href":"https:\/\/galibuti.lt\/en\/wp-json\/wp\/v2\/media?parent=3606"}],"curies":[{"name":"wp","href":"https:\/\/api.w.org\/{rel}","templated":true}]}}