{"id":870,"date":"2021-01-18T06:10:08","date_gmt":"2021-01-18T08:10:08","guid":{"rendered":"https:\/\/galibuti.lt\/?page_id=870"},"modified":"2023-03-20T11:08:43","modified_gmt":"2023-03-20T09:08:43","slug":"registration-with-andrew","status":"publish","type":"page","link":"https:\/\/galibuti.lt\/en\/registration-with-andrew\/","title":{"rendered":"Registration with Andrius"},"content":{"rendered":"<div data-elementor-type=\"wp-page\" data-elementor-id=\"870\" class=\"elementor elementor-870\">\n\t\t\t\t\t\t<section class=\"elementor-section elementor-top-section elementor-element elementor-element-536e41aa elementor-section-boxed elementor-section-height-default elementor-section-height-default parallax_section_no qode_elementor_container_no\" data-id=\"536e41aa\" data-element_type=\"section\" data-e-type=\"section\" data-settings=\"{&quot;background_background&quot;:&quot;classic&quot;}\">\n\t\t\t\t\t\t<div class=\"elementor-container elementor-column-gap-default\">\n\t\t\t\t\t<div class=\"elementor-column elementor-col-100 elementor-top-column elementor-element elementor-element-4c00e021\" data-id=\"4c00e021\" data-element_type=\"column\" data-e-type=\"column\">\n\t\t\t<div class=\"elementor-widget-wrap elementor-element-populated\">\n\t\t\t\t\t\t<div class=\"elementor-element elementor-element-366f1252 elementor-widget elementor-widget-text-editor\" data-id=\"366f1252\" data-element_type=\"widget\" data-e-type=\"widget\" data-widget_type=\"text-editor.default\">\n\t\t\t\t<div class=\"elementor-widget-container\">\n\t\t\t\t\t\t\t\t\t<h3 style=\"text-align: center; color: #9d9d9d;\">Registration with Andrius<\/h3><p><\/p>\t\t\t\t\t\t\t\t<\/div>\n\t\t\t\t<\/div>\n\t\t\t\t<div class=\"elementor-element elementor-element-a1c7c12 elementor-widget elementor-widget-text-editor\" data-id=\"a1c7c12\" data-element_type=\"widget\" data-e-type=\"widget\" data-widget_type=\"text-editor.default\">\n\t\t\t\t<div class=\"elementor-widget-container\">\n\t\t\t\t\t\t\t\t\t<p style=\"text-align: center; color: #9d9d9d;\">To register with our specialist, select the topic and time that interests you.<\/p>\t\t\t\t\t\t\t\t<\/div>\n\t\t\t\t<\/div>\n\t\t\t\t\t<\/div>\n\t\t<\/div>\n\t\t\t\t\t<\/div>\n\t\t<\/section>\n\t\t\t\t<section class=\"elementor-section elementor-top-section elementor-element elementor-element-8e0e715 elementor-section-boxed elementor-section-height-default elementor-section-height-default parallax_section_no qode_elementor_container_no\" data-id=\"8e0e715\" data-element_type=\"section\" data-e-type=\"section\">\n\t\t\t\t\t\t<div class=\"elementor-container elementor-column-gap-default\">\n\t\t\t\t\t<div class=\"elementor-column elementor-col-100 elementor-top-column elementor-element elementor-element-a5ac888\" data-id=\"a5ac888\" data-element_type=\"column\" data-e-type=\"column\">\n\t\t\t<div class=\"elementor-widget-wrap elementor-element-populated\">\n\t\t\t\t\t\t<div class=\"elementor-element elementor-element-359b683 elementor-widget elementor-widget-text-editor\" data-id=\"359b683\" data-element_type=\"widget\" data-e-type=\"widget\" data-widget_type=\"text-editor.default\">\n\t\t\t\t<div class=\"elementor-widget-container\">\n\t\t\t\t\t\t\t\t\t\n<h4 style=\"text-align: center;\">This specialist currently has no available appointments.<\/h4>\n<h4 style=\"text-align: center;\">We recommend <span style=\"color: #0000ff;\"><a style=\"color: #0000ff;\" href=\"https:\/\/galibuti.lt\/en\/registration\/\"><span style=\"color: #91bdc2;\">register<\/span><\/a><\/span> to other specialists.<\/h4>\t\t\t\t\t\t\t\t<\/div>\n\t\t\t\t<\/div>\n\t\t\t\t\t<\/div>\n\t\t<\/div>\n\t\t\t\t\t<\/div>\n\t\t<\/section>\n\t\t\t\t<section class=\"elementor-section elementor-top-section elementor-element elementor-element-772ae37 elementor-section-boxed elementor-section-height-default elementor-section-height-default parallax_section_no qode_elementor_container_no\" data-id=\"772ae37\" data-element_type=\"section\" data-e-type=\"section\">\n\t\t\t\t\t\t<div class=\"elementor-container elementor-column-gap-default\">\n\t\t\t\t\t<div class=\"elementor-column elementor-col-100 elementor-top-column elementor-element elementor-element-b28d881\" data-id=\"b28d881\" data-element_type=\"column\" data-e-type=\"column\">\n\t\t\t<div class=\"elementor-widget-wrap\">\n\t\t\t\t\t\t\t<\/div>\n\t\t<\/div>\n\t\t\t\t\t<\/div>\n\t\t<\/section>\n\t\t\t\t<\/div>","protected":false},"excerpt":{"rendered":"<p>Registration with Andrius To register with our specialist, select the topic and time you are interested in. There are currently no available times with this specialist. We recommend registering with other specialists.<\/p>","protected":false},"author":77,"featured_media":0,"parent":0,"menu_order":0,"comment_status":"closed","ping_status":"closed","template":"full_width.php","meta":{"inline_featured_image":false,"footnotes":""},"class_list":["post-870","page","type-page","status-publish","hentry"],"yoast_head":"<!-- This site is optimized with the Yoast SEO plugin v27.3 - https:\/\/yoast.com\/product\/yoast-seo-wordpress\/ -->\n<title>Registracija pas Andri\u0173 - Gali b\u016bti<\/title>\n<meta name=\"robots\" content=\"index, follow, max-snippet:-1, max-image-preview:large, max-video-preview:-1\" \/>\n<link rel=\"canonical\" href=\"https:\/\/galibuti.lt\/en\/registration-with-andrew\/\" \/>\n<meta property=\"og:locale\" content=\"en_US\" \/>\n<meta property=\"og:type\" content=\"article\" \/>\n<meta property=\"og:title\" content=\"Registracija pas Andri\u0173 - Gali b\u016bti\" \/>\n<meta property=\"og:description\" content=\"Registracija pas Andri\u0173 Nor\u0117dami u\u017esiregistruoti pas m\u016bs\u0173 specialist\u0105, pasirinkite jus dominan\u010di\u0105 tem\u0105 ir laik\u0105. \u0160iuo metu pas \u0161\u012f specialist\u0105 laisv\u0173 laik\u0173 n\u0117ra. Rekomenduojame registruotis pas kitus specialistus.\" \/>\n<meta property=\"og:url\" content=\"https:\/\/galibuti.lt\/en\/registration-with-andrew\/\" \/>\n<meta property=\"og:site_name\" content=\"Gali b\u016bti\" \/>\n<meta property=\"article:publisher\" content=\"https:\/\/www.facebook.com\/galibuti.lt\" \/>\n<meta property=\"article:modified_time\" content=\"2023-03-20T09:08:43+00:00\" \/>\n<meta name=\"twitter:card\" content=\"summary_large_image\" \/>\n<meta name=\"twitter:label1\" content=\"Est. reading time\" \/>\n\t<meta name=\"twitter:data1\" content=\"1 minute\" \/>\n<script type=\"application\/ld+json\" class=\"yoast-schema-graph\">{\"@context\":\"https:\\\/\\\/schema.org\",\"@graph\":[{\"@type\":\"WebPage\",\"@id\":\"https:\\\/\\\/galibuti.lt\\\/registracija-pas-andriu\\\/\",\"url\":\"https:\\\/\\\/galibuti.lt\\\/registracija-pas-andriu\\\/\",\"name\":\"Registracija pas Andri\u0173 - Gali b\u016bti\",\"isPartOf\":{\"@id\":\"https:\\\/\\\/galibuti.lt\\\/#website\"},\"datePublished\":\"2021-01-18T08:10:08+00:00\",\"dateModified\":\"2023-03-20T09:08:43+00:00\",\"breadcrumb\":{\"@id\":\"https:\\\/\\\/galibuti.lt\\\/registracija-pas-andriu\\\/#breadcrumb\"},\"inLanguage\":\"en-US\",\"potentialAction\":[{\"@type\":\"ReadAction\",\"target\":[\"https:\\\/\\\/galibuti.lt\\\/registracija-pas-andriu\\\/\"]}]},{\"@type\":\"BreadcrumbList\",\"@id\":\"https:\\\/\\\/galibuti.lt\\\/registracija-pas-andriu\\\/#breadcrumb\",\"itemListElement\":[{\"@type\":\"ListItem\",\"position\":1,\"name\":\"Home\",\"item\":\"https:\\\/\\\/galibuti.lt\\\/\"},{\"@type\":\"ListItem\",\"position\":2,\"name\":\"Registracija pas Andri\u0173\"}]},{\"@type\":\"WebSite\",\"@id\":\"https:\\\/\\\/galibuti.lt\\\/#website\",\"url\":\"https:\\\/\\\/galibuti.lt\\\/\",\"name\":\"Gali b\u016bti\",\"description\":\"Psichologijos ir Psichiatrijos klinika\",\"publisher\":{\"@id\":\"https:\\\/\\\/galibuti.lt\\\/#organization\"},\"potentialAction\":[{\"@type\":\"SearchAction\",\"target\":{\"@type\":\"EntryPoint\",\"urlTemplate\":\"https:\\\/\\\/galibuti.lt\\\/?s={search_term_string}\"},\"query-input\":{\"@type\":\"PropertyValueSpecification\",\"valueRequired\":true,\"valueName\":\"search_term_string\"}}],\"inLanguage\":\"en-US\"},{\"@type\":\"Organization\",\"@id\":\"https:\\\/\\\/galibuti.lt\\\/#organization\",\"name\":\"Galibuti.lt\",\"url\":\"https:\\\/\\\/galibuti.lt\\\/\",\"logo\":{\"@type\":\"ImageObject\",\"inLanguage\":\"en-US\",\"@id\":\"https:\\\/\\\/galibuti.lt\\\/#\\\/schema\\\/logo\\\/image\\\/\",\"url\":\"https:\\\/\\\/galibuti.lt\\\/wp-content\\\/uploads\\\/2021\\\/05\\\/galibuti_logotipas-juodas-04.png\",\"contentUrl\":\"https:\\\/\\\/galibuti.lt\\\/wp-content\\\/uploads\\\/2021\\\/05\\\/galibuti_logotipas-juodas-04.png\",\"width\":315,\"height\":315,\"caption\":\"Galibuti.lt\"},\"image\":{\"@id\":\"https:\\\/\\\/galibuti.lt\\\/#\\\/schema\\\/logo\\\/image\\\/\"},\"sameAs\":[\"https:\\\/\\\/www.facebook.com\\\/galibuti.lt\"]}]}<\/script>\n<!-- \/ Yoast SEO plugin. -->","yoast_head_json":{"title":"Registration with Andrius - Possible","robots":{"index":"index","follow":"follow","max-snippet":"max-snippet:-1","max-image-preview":"max-image-preview:large","max-video-preview":"max-video-preview:-1"},"canonical":"https:\/\/galibuti.lt\/en\/registration-with-andrew\/","og_locale":"en_US","og_type":"article","og_title":"Registracija pas Andri\u0173 - Gali b\u016bti","og_description":"Registracija pas Andri\u0173 Nor\u0117dami u\u017esiregistruoti pas m\u016bs\u0173 specialist\u0105, pasirinkite jus dominan\u010di\u0105 tem\u0105 ir laik\u0105. \u0160iuo metu pas \u0161\u012f specialist\u0105 laisv\u0173 laik\u0173 n\u0117ra. Rekomenduojame registruotis pas kitus specialistus.","og_url":"https:\/\/galibuti.lt\/en\/registration-with-andrew\/","og_site_name":"Gali b\u016bti","article_publisher":"https:\/\/www.facebook.com\/galibuti.lt","article_modified_time":"2023-03-20T09:08:43+00:00","twitter_card":"summary_large_image","twitter_misc":{"Est. reading time":"1 minute"},"schema":{"@context":"https:\/\/schema.org","@graph":[{"@type":"WebPage","@id":"https:\/\/galibuti.lt\/registracija-pas-andriu\/","url":"https:\/\/galibuti.lt\/registracija-pas-andriu\/","name":"Registration with Andrius - Possible","isPartOf":{"@id":"https:\/\/galibuti.lt\/#website"},"datePublished":"2021-01-18T08:10:08+00:00","dateModified":"2023-03-20T09:08:43+00:00","breadcrumb":{"@id":"https:\/\/galibuti.lt\/registracija-pas-andriu\/#breadcrumb"},"inLanguage":"en-US","potentialAction":[{"@type":"ReadAction","target":["https:\/\/galibuti.lt\/registracija-pas-andriu\/"]}]},{"@type":"BreadcrumbList","@id":"https:\/\/galibuti.lt\/registracija-pas-andriu\/#breadcrumb","itemListElement":[{"@type":"ListItem","position":1,"name":"Home","item":"https:\/\/galibuti.lt\/"},{"@type":"ListItem","position":2,"name":"Registracija pas Andri\u0173"}]},{"@type":"WebSite","@id":"https:\/\/galibuti.lt\/#website","url":"https:\/\/galibuti.lt\/","name":"It may be","description":"Clinic of Psychology and Psychiatry","publisher":{"@id":"https:\/\/galibuti.lt\/#organization"},"potentialAction":[{"@type":"SearchAction","target":{"@type":"EntryPoint","urlTemplate":"https:\/\/galibuti.lt\/?s={search_term_string}"},"query-input":{"@type":"PropertyValueSpecification","valueRequired":true,"valueName":"search_term_string"}}],"inLanguage":"en-US"},{"@type":"Organization","@id":"https:\/\/galibuti.lt\/#organization","name":"Galibuti.lt","url":"https:\/\/galibuti.lt\/","logo":{"@type":"ImageObject","inLanguage":"en-US","@id":"https:\/\/galibuti.lt\/#\/schema\/logo\/image\/","url":"https:\/\/galibuti.lt\/wp-content\/uploads\/2021\/05\/galibuti_logotipas-juodas-04.png","contentUrl":"https:\/\/galibuti.lt\/wp-content\/uploads\/2021\/05\/galibuti_logotipas-juodas-04.png","width":315,"height":315,"caption":"Galibuti.lt"},"image":{"@id":"https:\/\/galibuti.lt\/#\/schema\/logo\/image\/"},"sameAs":["https:\/\/www.facebook.com\/galibuti.lt"]}]}},"_links":{"self":[{"href":"https:\/\/galibuti.lt\/en\/wp-json\/wp\/v2\/pages\/870","targetHints":{"allow":["GET"]}}],"collection":[{"href":"https:\/\/galibuti.lt\/en\/wp-json\/wp\/v2\/pages"}],"about":[{"href":"https:\/\/galibuti.lt\/en\/wp-json\/wp\/v2\/types\/page"}],"author":[{"embeddable":true,"href":"https:\/\/galibuti.lt\/en\/wp-json\/wp\/v2\/users\/77"}],"replies":[{"embeddable":true,"href":"https:\/\/galibuti.lt\/en\/wp-json\/wp\/v2\/comments?post=870"}],"version-history":[{"count":19,"href":"https:\/\/galibuti.lt\/en\/wp-json\/wp\/v2\/pages\/870\/revisions"}],"predecessor-version":[{"id":5195,"href":"https:\/\/galibuti.lt\/en\/wp-json\/wp\/v2\/pages\/870\/revisions\/5195"}],"wp:attachment":[{"href":"https:\/\/galibuti.lt\/en\/wp-json\/wp\/v2\/media?parent=870"}],"curies":[{"name":"wp","href":"https:\/\/api.w.org\/{rel}","templated":true}]}}