{"id":9920,"date":"2025-06-17T13:29:05","date_gmt":"2025-06-17T10:29:05","guid":{"rendered":"https:\/\/galibuti.lt\/?page_id=9920"},"modified":"2025-06-17T13:29:40","modified_gmt":"2025-06-17T10:29:40","slug":"psychiatrist-martinas-ruzgas","status":"publish","type":"page","link":"https:\/\/galibuti.lt\/en\/psychiatrist-martinas-ruzgas\/","title":{"rendered":"Psychiatrist Martynas Ruzgas"},"content":{"rendered":"<div data-elementor-type=\"wp-page\" data-elementor-id=\"9920\" class=\"elementor elementor-9920\">\n\t\t\t\t\t\t<section class=\"elementor-section elementor-top-section elementor-element elementor-element-2078341 elementor-section-boxed elementor-section-height-default elementor-section-height-default parallax_section_no qode_elementor_container_no\" data-id=\"2078341\" data-element_type=\"section\" data-e-type=\"section\">\n\t\t\t\t\t\t<div class=\"elementor-container elementor-column-gap-default\">\n\t\t\t\t\t<div class=\"elementor-column elementor-col-100 elementor-top-column elementor-element elementor-element-8485c77\" data-id=\"8485c77\" data-element_type=\"column\" data-e-type=\"column\">\n\t\t\t<div class=\"elementor-widget-wrap elementor-element-populated\">\n\t\t\t\t\t\t<div class=\"elementor-element elementor-element-0b208bf elementor-widget elementor-widget-heading\" data-id=\"0b208bf\" data-element_type=\"widget\" data-e-type=\"widget\" data-widget_type=\"heading.default\">\n\t\t\t\t<div class=\"elementor-widget-container\">\n\t\t\t\t\t<h2 class=\"elementor-heading-title elementor-size-default\">Psychiatrist Martynas Ruzgas <\/h2>\t\t\t\t<\/div>\n\t\t\t\t<\/div>\n\t\t\t\t\t<\/div>\n\t\t<\/div>\n\t\t\t\t\t<\/div>\n\t\t<\/section>\n\t\t\t\t<section class=\"elementor-section elementor-top-section elementor-element elementor-element-ce31daf elementor-section-boxed elementor-section-height-default elementor-section-height-default parallax_section_no qode_elementor_container_no\" data-id=\"ce31daf\" data-element_type=\"section\" data-e-type=\"section\">\n\t\t\t\t\t\t<div class=\"elementor-container elementor-column-gap-default\">\n\t\t\t\t\t<div class=\"elementor-column elementor-col-100 elementor-top-column elementor-element elementor-element-2c33eaa\" data-id=\"2c33eaa\" data-element_type=\"column\" data-e-type=\"column\">\n\t\t\t<div class=\"elementor-widget-wrap elementor-element-populated\">\n\t\t\t\t\t\t<div class=\"elementor-element elementor-element-9057bb7 elementor-widget elementor-widget-spacer\" data-id=\"9057bb7\" data-element_type=\"widget\" data-e-type=\"widget\" data-widget_type=\"spacer.default\">\n\t\t\t\t<div class=\"elementor-widget-container\">\n\t\t\t\t\t\t\t<div class=\"elementor-spacer\">\n\t\t\t<div class=\"elementor-spacer-inner\"><\/div>\n\t\t<\/div>\n\t\t\t\t\t\t<\/div>\n\t\t\t\t<\/div>\n\t\t\t\t\t<\/div>\n\t\t<\/div>\n\t\t\t\t\t<\/div>\n\t\t<\/section>\n\t\t\t\t<section class=\"elementor-section elementor-top-section elementor-element elementor-element-84fc721 elementor-section-boxed elementor-section-height-default elementor-section-height-default parallax_section_no qode_elementor_container_no\" data-id=\"84fc721\" data-element_type=\"section\" data-e-type=\"section\">\n\t\t\t\t\t\t<div class=\"elementor-container elementor-column-gap-default\">\n\t\t\t\t\t<div class=\"elementor-column elementor-col-66 elementor-top-column elementor-element elementor-element-33d779e\" data-id=\"33d779e\" data-element_type=\"column\" data-e-type=\"column\">\n\t\t\t<div class=\"elementor-widget-wrap elementor-element-populated\">\n\t\t\t\t\t\t<div class=\"elementor-element elementor-element-ef82460 elementor-widget elementor-widget-text-editor\" data-id=\"ef82460\" data-element_type=\"widget\" data-e-type=\"widget\" data-widget_type=\"text-editor.default\">\n\t\t\t\t<div class=\"elementor-widget-container\">\n\t\t\t\t\t\t\t\t\t<h5>Each client brings to the consultation a puzzle of their inner world, which requires a complex approach \u2013 both psychiatric and psychotherapeutic \u2013 to properly assemble. And in any treatment, in addition to medication or other tactics, the human connection between the client and the doctor-therapist is also extremely important.<\/h5>\t\t\t\t\t\t\t\t<\/div>\n\t\t\t\t<\/div>\n\t\t\t\t<div class=\"elementor-element elementor-element-5c79193 elementor-widget elementor-widget-bridge_button\" data-id=\"5c79193\" data-element_type=\"widget\" data-e-type=\"widget\" data-widget_type=\"bridge_button.default\">\n\t\t\t\t<div class=\"elementor-widget-container\">\n\t\t\t\t\t<a  itemprop=\"url\" href=\"https:\/\/galibuti.lt\/en\/registration-with-martina\/\" target=\"_self\"  class=\"qbutton  default\" style=\"\">Register<\/a>\t\t\t\t<\/div>\n\t\t\t\t<\/div>\n\t\t\t\t<div class=\"elementor-element elementor-element-09c5fc3 elementor-widget elementor-widget-text-editor\" data-id=\"09c5fc3\" data-element_type=\"widget\" data-e-type=\"widget\" data-widget_type=\"text-editor.default\">\n\t\t\t\t<div class=\"elementor-widget-container\">\n\t\t\t\t\t\t\t\t\t<p>I am a psychiatrist, a candidate psychotherapist. I work individually, I apply psychoanalytic psychotherapy, drug treatment. I have more than four years of clinical experience. I am currently deepening my knowledge in postgraduate studies in psychoanalytic psychotherapy at Vilnius University.\u00a0<\/p><p>\u00a0<\/p><p>I work with anxiety, depressive and personality disorders, emotional regulation difficulties, overcoming interpersonal relationship difficulties, and I am engaged in the treatment of mental trauma and crisis intervention.<\/p>\t\t\t\t\t\t\t\t<\/div>\n\t\t\t\t<\/div>\n\t\t\t\t\t<\/div>\n\t\t<\/div>\n\t\t\t\t<div class=\"elementor-column elementor-col-33 elementor-top-column elementor-element elementor-element-92f16d5\" data-id=\"92f16d5\" data-element_type=\"column\" data-e-type=\"column\">\n\t\t\t<div class=\"elementor-widget-wrap elementor-element-populated\">\n\t\t\t\t\t\t<div class=\"elementor-element elementor-element-cb7977a elementor-widget-tablet__width-initial elementor-widget elementor-widget-image\" data-id=\"cb7977a\" data-element_type=\"widget\" data-e-type=\"widget\" data-widget_type=\"image.default\">\n\t\t\t\t<div class=\"elementor-widget-container\">\n\t\t\t\t\t\t\t\t\t\t\t\t\t\t\t<img fetchpriority=\"high\" decoding=\"async\" width=\"600\" height=\"800\" src=\"https:\/\/galibuti.lt\/wp-content\/uploads\/2025\/05\/Martynas-Ruzgas-1-600x800.jpg\" class=\"attachment-portfolio-portrait size-portfolio-portrait wp-image-9743\" alt=\"psychiatrist Martynas Ruzgas\" \/>\t\t\t\t\t\t\t\t\t\t\t\t\t\t\t<\/div>\n\t\t\t\t<\/div>\n\t\t\t\t\t<\/div>\n\t\t<\/div>\n\t\t\t\t\t<\/div>\n\t\t<\/section>\n\t\t\t\t<section class=\"elementor-section elementor-top-section elementor-element elementor-element-fee87e0 elementor-section-boxed elementor-section-height-default elementor-section-height-default parallax_section_no qode_elementor_container_no\" data-id=\"fee87e0\" data-element_type=\"section\" data-e-type=\"section\">\n\t\t\t\t\t\t<div class=\"elementor-container elementor-column-gap-default\">\n\t\t\t\t\t<div class=\"elementor-column elementor-col-100 elementor-top-column elementor-element elementor-element-6ac1d51\" data-id=\"6ac1d51\" data-element_type=\"column\" data-e-type=\"column\">\n\t\t\t<div class=\"elementor-widget-wrap elementor-element-populated\">\n\t\t\t\t\t\t<div class=\"elementor-element elementor-element-df9847a elementor-widget elementor-widget-spacer\" data-id=\"df9847a\" data-element_type=\"widget\" data-e-type=\"widget\" data-widget_type=\"spacer.default\">\n\t\t\t\t<div class=\"elementor-widget-container\">\n\t\t\t\t\t\t\t<div class=\"elementor-spacer\">\n\t\t\t<div class=\"elementor-spacer-inner\"><\/div>\n\t\t<\/div>\n\t\t\t\t\t\t<\/div>\n\t\t\t\t<\/div>\n\t\t\t\t\t<\/div>\n\t\t<\/div>\n\t\t\t\t\t<\/div>\n\t\t<\/section>\n\t\t\t\t<section class=\"elementor-section elementor-top-section elementor-element elementor-element-f23fca9 elementor-section-boxed elementor-section-height-default elementor-section-height-default parallax_section_no qode_elementor_container_no\" data-id=\"f23fca9\" data-element_type=\"section\" data-e-type=\"section\">\n\t\t\t\t\t\t<div class=\"elementor-container elementor-column-gap-default\">\n\t\t\t\t\t<div class=\"elementor-column elementor-col-100 elementor-top-column elementor-element elementor-element-d5e5aeb\" data-id=\"d5e5aeb\" data-element_type=\"column\" data-e-type=\"column\">\n\t\t\t<div class=\"elementor-widget-wrap elementor-element-populated\">\n\t\t\t\t\t\t<section class=\"elementor-section elementor-inner-section elementor-element elementor-element-8c44f6f elementor-section-boxed elementor-section-height-default elementor-section-height-default parallax_section_no qode_elementor_container_no\" data-id=\"8c44f6f\" data-element_type=\"section\" data-e-type=\"section\">\n\t\t\t\t\t\t<div class=\"elementor-container elementor-column-gap-default\">\n\t\t\t\t\t<div class=\"elementor-column elementor-col-50 elementor-inner-column elementor-element elementor-element-20480f6\" data-id=\"20480f6\" data-element_type=\"column\" data-e-type=\"column\">\n\t\t\t<div class=\"elementor-widget-wrap elementor-element-populated\">\n\t\t\t\t\t\t<div class=\"elementor-element elementor-element-783d8ef elementor-widget elementor-widget-text-editor\" data-id=\"783d8ef\" data-element_type=\"widget\" data-e-type=\"widget\" data-widget_type=\"text-editor.default\">\n\t\t\t\t<div class=\"elementor-widget-container\">\n\t\t\t\t\t\t\t\t\t<p><strong>Education<\/strong><\/p><ul><li>2014-2020 Vilnius University, Medical Studies (acquired qualification as a medical doctor)<\/li><li>2020-2024 Vilnius University, Psychiatry Residency (acquired qualification as a psychiatrist)<\/li><li>2023 \u2013 present. Postgraduate studies in psychoanalytic psychotherapy, Vilnius University, Faculty of Philosophy<\/li><\/ul>\t\t\t\t\t\t\t\t<\/div>\n\t\t\t\t<\/div>\n\t\t\t\t\t<\/div>\n\t\t<\/div>\n\t\t\t\t<div class=\"elementor-column elementor-col-50 elementor-inner-column elementor-element elementor-element-a0b49d6\" data-id=\"a0b49d6\" data-element_type=\"column\" data-e-type=\"column\">\n\t\t\t<div class=\"elementor-widget-wrap elementor-element-populated\">\n\t\t\t\t\t\t<div class=\"elementor-element elementor-element-8b250c7 elementor-widget elementor-widget-text-editor\" data-id=\"8b250c7\" data-element_type=\"widget\" data-e-type=\"widget\" data-widget_type=\"text-editor.default\">\n\t\t\t\t<div class=\"elementor-widget-container\">\n\t\t\t\t\t\t\t\t\t<p><strong>Experience<\/strong><\/p><ul><li class=\"p2\">2020 \u2013 2024 work at various residency bases in Vilnius, Kaunas, Panev\u0117\u017eys<\/li><li class=\"p2\">2024 \u2013 present Psychiatrist at the Vilnius City Mental Health Center, Crisis Intervention Department and Psychiatry and Psychotherapy Day Hospitals<\/li><li class=\"p2\">since 2024. Psychiatrist and psychotherapist at the Old Town Psychiatry and Psychotherapy Center<\/li><li>\u00a0<\/li><\/ul>\t\t\t\t\t\t\t\t<\/div>\n\t\t\t\t<\/div>\n\t\t\t\t\t<\/div>\n\t\t<\/div>\n\t\t\t\t\t<\/div>\n\t\t<\/section>\n\t\t\t\t\t<\/div>\n\t\t<\/div>\n\t\t\t\t\t<\/div>\n\t\t<\/section>\n\t\t\t\t<section class=\"elementor-section elementor-top-section elementor-element elementor-element-a09b19b elementor-section-boxed elementor-section-height-default elementor-section-height-default parallax_section_no qode_elementor_container_no\" data-id=\"a09b19b\" data-element_type=\"section\" data-e-type=\"section\">\n\t\t\t\t\t\t<div class=\"elementor-container elementor-column-gap-default\">\n\t\t\t\t\t<div class=\"elementor-column elementor-col-100 elementor-top-column elementor-element elementor-element-e4afaae\" data-id=\"e4afaae\" data-element_type=\"column\" data-e-type=\"column\">\n\t\t\t<div class=\"elementor-widget-wrap elementor-element-populated\">\n\t\t\t\t\t\t<div class=\"elementor-element elementor-element-152bf1c elementor-widget elementor-widget-spacer\" data-id=\"152bf1c\" data-element_type=\"widget\" data-e-type=\"widget\" data-widget_type=\"spacer.default\">\n\t\t\t\t<div class=\"elementor-widget-container\">\n\t\t\t\t\t\t\t<div class=\"elementor-spacer\">\n\t\t\t<div class=\"elementor-spacer-inner\"><\/div>\n\t\t<\/div>\n\t\t\t\t\t\t<\/div>\n\t\t\t\t<\/div>\n\t\t\t\t\t<\/div>\n\t\t<\/div>\n\t\t\t\t\t<\/div>\n\t\t<\/section>\n\t\t\t\t<section class=\"elementor-section elementor-top-section elementor-element elementor-element-014fa38 elementor-section-boxed elementor-section-height-default elementor-section-height-default parallax_section_no qode_elementor_container_no\" data-id=\"014fa38\" data-element_type=\"section\" data-e-type=\"section\">\n\t\t\t\t\t\t<div class=\"elementor-container elementor-column-gap-default\">\n\t\t\t\t\t<div class=\"elementor-column elementor-col-100 elementor-top-column elementor-element elementor-element-90caf60\" data-id=\"90caf60\" data-element_type=\"column\" data-e-type=\"column\">\n\t\t\t<div class=\"elementor-widget-wrap elementor-element-populated\">\n\t\t\t\t\t\t<div class=\"elementor-element elementor-element-bc56e6f elementor-widget elementor-widget-text-editor\" data-id=\"bc56e6f\" data-element_type=\"widget\" data-e-type=\"widget\" data-widget_type=\"text-editor.default\">\n\t\t\t\t<div class=\"elementor-widget-container\">\n\t\t\t\t\t\t\t\t\t<p>The duration of the consultation is 50 minutes, the remaining 10 minutes are devoted to providing recommendations and prescribing medications. After discussing your difficulties, methods of assistance are suggested and treatment recommendations are provided, and if necessary, medication is prescribed. In certain cases, more than one consultation may be required for diagnosis and development of a treatment plan.<\/p><p>Consultations are marked and recommendations are provided in the e-health system.<\/p><p>\u00a0<\/p><p>Consultations are held at Gyn\u0117ju st. 14, AFFIDEA laboratory, Vilnius<\/p>\t\t\t\t\t\t\t\t<\/div>\n\t\t\t\t<\/div>\n\t\t\t\t\t<\/div>\n\t\t<\/div>\n\t\t\t\t\t<\/div>\n\t\t<\/section>\n\t\t\t\t<section class=\"elementor-section elementor-top-section elementor-element elementor-element-e8f6bea elementor-section-boxed elementor-section-height-default elementor-section-height-default parallax_section_no qode_elementor_container_no\" data-id=\"e8f6bea\" data-element_type=\"section\" data-e-type=\"section\">\n\t\t\t\t\t\t<div class=\"elementor-container elementor-column-gap-default\">\n\t\t\t\t\t<div class=\"elementor-column elementor-col-100 elementor-top-column elementor-element elementor-element-cf92edd\" data-id=\"cf92edd\" data-element_type=\"column\" data-e-type=\"column\">\n\t\t\t<div class=\"elementor-widget-wrap elementor-element-populated\">\n\t\t\t\t\t\t<div class=\"elementor-element elementor-element-7235801 elementor-widget elementor-widget-bridge_button\" data-id=\"7235801\" data-element_type=\"widget\" data-e-type=\"widget\" data-widget_type=\"bridge_button.default\">\n\t\t\t\t<div class=\"elementor-widget-container\">\n\t\t\t\t\t<a  itemprop=\"url\" href=\"https:\/\/galibuti.lt\/en\/registration-with-martina\/\" target=\"_self\"  class=\"qbutton  default\" style=\"\">Register<\/a>\t\t\t\t<\/div>\n\t\t\t\t<\/div>\n\t\t\t\t\t<\/div>\n\t\t<\/div>\n\t\t\t\t\t<\/div>\n\t\t<\/section>\n\t\t\t\t<section class=\"elementor-section elementor-top-section elementor-element elementor-element-c1f8987 elementor-section-boxed elementor-section-height-default elementor-section-height-default parallax_section_no qode_elementor_container_no\" data-id=\"c1f8987\" data-element_type=\"section\" data-e-type=\"section\">\n\t\t\t\t\t\t<div class=\"elementor-container elementor-column-gap-default\">\n\t\t\t\t\t<div class=\"elementor-column elementor-col-100 elementor-top-column elementor-element elementor-element-a6e28ac\" data-id=\"a6e28ac\" data-element_type=\"column\" data-e-type=\"column\">\n\t\t\t<div class=\"elementor-widget-wrap elementor-element-populated\">\n\t\t\t\t\t\t<div class=\"elementor-element elementor-element-23ab01e elementor-widget elementor-widget-spacer\" data-id=\"23ab01e\" data-element_type=\"widget\" data-e-type=\"widget\" data-widget_type=\"spacer.default\">\n\t\t\t\t<div class=\"elementor-widget-container\">\n\t\t\t\t\t\t\t<div class=\"elementor-spacer\">\n\t\t\t<div class=\"elementor-spacer-inner\"><\/div>\n\t\t<\/div>\n\t\t\t\t\t\t<\/div>\n\t\t\t\t<\/div>\n\t\t\t\t\t<\/div>\n\t\t<\/div>\n\t\t\t\t\t<\/div>\n\t\t<\/section>\n\t\t\t\t<\/div>","protected":false},"excerpt":{"rendered":"<p>Psichiatras Martynas Ruzgas Kiekvienas klientas \u012f konsultacij\u0105 atsine\u0161a savo vidinio pasaulio d\u0117lion\u0119, kuriai tinkamai surinkti reikia kompleksi\u0161ko &#8211; tiek psichiatrinio, tiek psichoterapinio &#8211; po\u017ei\u016brio. O bet kokiame gijime be medikamentini\u0173 ar kitoki\u0173 taktik\u0173 dar nepaprastai svarbus yra \u017emogi\u0161kas kliento ir gydytojo &#8211; terapeuto ry\u0161ys. Registruotis&#8230;<\/p>","protected":false},"author":71,"featured_media":9743,"parent":0,"menu_order":0,"comment_status":"closed","ping_status":"closed","template":"","meta":{"inline_featured_image":false,"footnotes":""},"class_list":["post-9920","page","type-page","status-publish","has-post-thumbnail","hentry"],"yoast_head":"<!-- This site is optimized with the Yoast SEO plugin v27.3 - https:\/\/yoast.com\/product\/yoast-seo-wordpress\/ -->\n<title>Psichiatras Martynas Ruzgas - Gali b\u016bti<\/title>\n<meta name=\"description\" content=\"Psichiatr\u0117 psichoterapeut\u0117 Indr\u0117 Kotryna Grinevi\u010dien\u0117. Gydytoja konsultuoja Vilniuje, individuali psichoterapija galima ir nuotoliu.\" \/>\n<meta name=\"robots\" content=\"index, follow, max-snippet:-1, max-image-preview:large, max-video-preview:-1\" \/>\n<link rel=\"canonical\" href=\"https:\/\/galibuti.lt\/en\/psychiatrist-martinas-ruzgas\/\" \/>\n<meta property=\"og:locale\" content=\"en_US\" \/>\n<meta property=\"og:type\" content=\"article\" \/>\n<meta property=\"og:title\" content=\"Psichiatras Martynas Ruzgas - Gali b\u016bti\" \/>\n<meta property=\"og:description\" content=\"Psichiatr\u0117 psichoterapeut\u0117 Indr\u0117 Kotryna Grinevi\u010dien\u0117. Gydytoja konsultuoja Vilniuje, individuali psichoterapija galima ir nuotoliu.\" \/>\n<meta property=\"og:url\" content=\"https:\/\/galibuti.lt\/en\/psychiatrist-martinas-ruzgas\/\" \/>\n<meta property=\"og:site_name\" content=\"Gali b\u016bti\" \/>\n<meta property=\"article:publisher\" content=\"https:\/\/www.facebook.com\/galibuti.lt\" \/>\n<meta property=\"article:modified_time\" content=\"2025-06-17T10:29:40+00:00\" \/>\n<meta property=\"og:image\" content=\"http:\/\/galibuti.lt\/wp-content\/uploads\/2025\/05\/Martynas-Ruzgas-1.jpg\" \/>\n\t<meta property=\"og:image:width\" content=\"1365\" \/>\n\t<meta property=\"og:image:height\" content=\"2048\" \/>\n\t<meta property=\"og:image:type\" content=\"image\/jpeg\" \/>\n<meta name=\"twitter:card\" content=\"summary_large_image\" \/>\n<meta name=\"twitter:label1\" content=\"Est. reading time\" \/>\n\t<meta name=\"twitter:data1\" content=\"2 minutes\" \/>\n<script type=\"application\/ld+json\" class=\"yoast-schema-graph\">{\"@context\":\"https:\\\/\\\/schema.org\",\"@graph\":[{\"@type\":\"WebPage\",\"@id\":\"https:\\\/\\\/galibuti.lt\\\/psichiatras-martynas-ruzgas\\\/\",\"url\":\"https:\\\/\\\/galibuti.lt\\\/psichiatras-martynas-ruzgas\\\/\",\"name\":\"Psichiatras Martynas Ruzgas - Gali b\u016bti\",\"isPartOf\":{\"@id\":\"https:\\\/\\\/galibuti.lt\\\/#website\"},\"primaryImageOfPage\":{\"@id\":\"https:\\\/\\\/galibuti.lt\\\/psichiatras-martynas-ruzgas\\\/#primaryimage\"},\"image\":{\"@id\":\"https:\\\/\\\/galibuti.lt\\\/psichiatras-martynas-ruzgas\\\/#primaryimage\"},\"thumbnailUrl\":\"https:\\\/\\\/galibuti.lt\\\/wp-content\\\/uploads\\\/2025\\\/05\\\/Martynas-Ruzgas-1.jpg\",\"datePublished\":\"2025-06-17T10:29:05+00:00\",\"dateModified\":\"2025-06-17T10:29:40+00:00\",\"description\":\"Psichiatr\u0117 psichoterapeut\u0117 Indr\u0117 Kotryna Grinevi\u010dien\u0117. Gydytoja konsultuoja Vilniuje, individuali psichoterapija galima ir nuotoliu.\",\"breadcrumb\":{\"@id\":\"https:\\\/\\\/galibuti.lt\\\/psichiatras-martynas-ruzgas\\\/#breadcrumb\"},\"inLanguage\":\"en-US\",\"potentialAction\":[{\"@type\":\"ReadAction\",\"target\":[\"https:\\\/\\\/galibuti.lt\\\/psichiatras-martynas-ruzgas\\\/\"]}]},{\"@type\":\"ImageObject\",\"inLanguage\":\"en-US\",\"@id\":\"https:\\\/\\\/galibuti.lt\\\/psichiatras-martynas-ruzgas\\\/#primaryimage\",\"url\":\"https:\\\/\\\/galibuti.lt\\\/wp-content\\\/uploads\\\/2025\\\/05\\\/Martynas-Ruzgas-1.jpg\",\"contentUrl\":\"https:\\\/\\\/galibuti.lt\\\/wp-content\\\/uploads\\\/2025\\\/05\\\/Martynas-Ruzgas-1.jpg\",\"width\":1365,\"height\":2048,\"caption\":\"psichiatras Martynas Ruzgas\"},{\"@type\":\"BreadcrumbList\",\"@id\":\"https:\\\/\\\/galibuti.lt\\\/psichiatras-martynas-ruzgas\\\/#breadcrumb\",\"itemListElement\":[{\"@type\":\"ListItem\",\"position\":1,\"name\":\"Home\",\"item\":\"https:\\\/\\\/galibuti.lt\\\/\"},{\"@type\":\"ListItem\",\"position\":2,\"name\":\"Psichiatras Martynas Ruzgas\"}]},{\"@type\":\"WebSite\",\"@id\":\"https:\\\/\\\/galibuti.lt\\\/#website\",\"url\":\"https:\\\/\\\/galibuti.lt\\\/\",\"name\":\"Gali b\u016bti\",\"description\":\"Psichologijos ir Psichiatrijos klinika\",\"publisher\":{\"@id\":\"https:\\\/\\\/galibuti.lt\\\/#organization\"},\"potentialAction\":[{\"@type\":\"SearchAction\",\"target\":{\"@type\":\"EntryPoint\",\"urlTemplate\":\"https:\\\/\\\/galibuti.lt\\\/?s={search_term_string}\"},\"query-input\":{\"@type\":\"PropertyValueSpecification\",\"valueRequired\":true,\"valueName\":\"search_term_string\"}}],\"inLanguage\":\"en-US\"},{\"@type\":\"Organization\",\"@id\":\"https:\\\/\\\/galibuti.lt\\\/#organization\",\"name\":\"Galibuti.lt\",\"url\":\"https:\\\/\\\/galibuti.lt\\\/\",\"logo\":{\"@type\":\"ImageObject\",\"inLanguage\":\"en-US\",\"@id\":\"https:\\\/\\\/galibuti.lt\\\/#\\\/schema\\\/logo\\\/image\\\/\",\"url\":\"https:\\\/\\\/galibuti.lt\\\/wp-content\\\/uploads\\\/2021\\\/05\\\/galibuti_logotipas-juodas-04.png\",\"contentUrl\":\"https:\\\/\\\/galibuti.lt\\\/wp-content\\\/uploads\\\/2021\\\/05\\\/galibuti_logotipas-juodas-04.png\",\"width\":315,\"height\":315,\"caption\":\"Galibuti.lt\"},\"image\":{\"@id\":\"https:\\\/\\\/galibuti.lt\\\/#\\\/schema\\\/logo\\\/image\\\/\"},\"sameAs\":[\"https:\\\/\\\/www.facebook.com\\\/galibuti.lt\"]}]}<\/script>\n<!-- \/ Yoast SEO plugin. -->","yoast_head_json":{"title":"Psychiatrist Martynas Ruzgas - It could be","description":"Psychiatrist and psychotherapist Indr\u0117 Kotryna Grinevi\u010dien\u0117. The doctor provides consultations in Vilnius, individual psychotherapy is also available remotely.","robots":{"index":"index","follow":"follow","max-snippet":"max-snippet:-1","max-image-preview":"max-image-preview:large","max-video-preview":"max-video-preview:-1"},"canonical":"https:\/\/galibuti.lt\/en\/psychiatrist-martinas-ruzgas\/","og_locale":"en_US","og_type":"article","og_title":"Psichiatras Martynas Ruzgas - Gali b\u016bti","og_description":"Psichiatr\u0117 psichoterapeut\u0117 Indr\u0117 Kotryna Grinevi\u010dien\u0117. Gydytoja konsultuoja Vilniuje, individuali psichoterapija galima ir nuotoliu.","og_url":"https:\/\/galibuti.lt\/en\/psychiatrist-martinas-ruzgas\/","og_site_name":"Gali b\u016bti","article_publisher":"https:\/\/www.facebook.com\/galibuti.lt","article_modified_time":"2025-06-17T10:29:40+00:00","og_image":[{"width":1365,"height":2048,"url":"http:\/\/galibuti.lt\/wp-content\/uploads\/2025\/05\/Martynas-Ruzgas-1.jpg","type":"image\/jpeg"}],"twitter_card":"summary_large_image","twitter_misc":{"Est. reading time":"2 minutes"},"schema":{"@context":"https:\/\/schema.org","@graph":[{"@type":"WebPage","@id":"https:\/\/galibuti.lt\/psichiatras-martynas-ruzgas\/","url":"https:\/\/galibuti.lt\/psichiatras-martynas-ruzgas\/","name":"Psychiatrist Martynas Ruzgas - It could be","isPartOf":{"@id":"https:\/\/galibuti.lt\/#website"},"primaryImageOfPage":{"@id":"https:\/\/galibuti.lt\/psichiatras-martynas-ruzgas\/#primaryimage"},"image":{"@id":"https:\/\/galibuti.lt\/psichiatras-martynas-ruzgas\/#primaryimage"},"thumbnailUrl":"https:\/\/galibuti.lt\/wp-content\/uploads\/2025\/05\/Martynas-Ruzgas-1.jpg","datePublished":"2025-06-17T10:29:05+00:00","dateModified":"2025-06-17T10:29:40+00:00","description":"Psychiatrist and psychotherapist Indr\u0117 Kotryna Grinevi\u010dien\u0117. The doctor provides consultations in Vilnius, individual psychotherapy is also available remotely.","breadcrumb":{"@id":"https:\/\/galibuti.lt\/psichiatras-martynas-ruzgas\/#breadcrumb"},"inLanguage":"en-US","potentialAction":[{"@type":"ReadAction","target":["https:\/\/galibuti.lt\/psichiatras-martynas-ruzgas\/"]}]},{"@type":"ImageObject","inLanguage":"en-US","@id":"https:\/\/galibuti.lt\/psichiatras-martynas-ruzgas\/#primaryimage","url":"https:\/\/galibuti.lt\/wp-content\/uploads\/2025\/05\/Martynas-Ruzgas-1.jpg","contentUrl":"https:\/\/galibuti.lt\/wp-content\/uploads\/2025\/05\/Martynas-Ruzgas-1.jpg","width":1365,"height":2048,"caption":"psichiatras Martynas Ruzgas"},{"@type":"BreadcrumbList","@id":"https:\/\/galibuti.lt\/psichiatras-martynas-ruzgas\/#breadcrumb","itemListElement":[{"@type":"ListItem","position":1,"name":"Home","item":"https:\/\/galibuti.lt\/"},{"@type":"ListItem","position":2,"name":"Psichiatras Martynas Ruzgas"}]},{"@type":"WebSite","@id":"https:\/\/galibuti.lt\/#website","url":"https:\/\/galibuti.lt\/","name":"It may be","description":"Clinic of Psychology and Psychiatry","publisher":{"@id":"https:\/\/galibuti.lt\/#organization"},"potentialAction":[{"@type":"SearchAction","target":{"@type":"EntryPoint","urlTemplate":"https:\/\/galibuti.lt\/?s={search_term_string}"},"query-input":{"@type":"PropertyValueSpecification","valueRequired":true,"valueName":"search_term_string"}}],"inLanguage":"en-US"},{"@type":"Organization","@id":"https:\/\/galibuti.lt\/#organization","name":"Galibuti.lt","url":"https:\/\/galibuti.lt\/","logo":{"@type":"ImageObject","inLanguage":"en-US","@id":"https:\/\/galibuti.lt\/#\/schema\/logo\/image\/","url":"https:\/\/galibuti.lt\/wp-content\/uploads\/2021\/05\/galibuti_logotipas-juodas-04.png","contentUrl":"https:\/\/galibuti.lt\/wp-content\/uploads\/2021\/05\/galibuti_logotipas-juodas-04.png","width":315,"height":315,"caption":"Galibuti.lt"},"image":{"@id":"https:\/\/galibuti.lt\/#\/schema\/logo\/image\/"},"sameAs":["https:\/\/www.facebook.com\/galibuti.lt"]}]}},"_links":{"self":[{"href":"https:\/\/galibuti.lt\/en\/wp-json\/wp\/v2\/pages\/9920","targetHints":{"allow":["GET"]}}],"collection":[{"href":"https:\/\/galibuti.lt\/en\/wp-json\/wp\/v2\/pages"}],"about":[{"href":"https:\/\/galibuti.lt\/en\/wp-json\/wp\/v2\/types\/page"}],"author":[{"embeddable":true,"href":"https:\/\/galibuti.lt\/en\/wp-json\/wp\/v2\/users\/71"}],"replies":[{"embeddable":true,"href":"https:\/\/galibuti.lt\/en\/wp-json\/wp\/v2\/comments?post=9920"}],"version-history":[{"count":10,"href":"https:\/\/galibuti.lt\/en\/wp-json\/wp\/v2\/pages\/9920\/revisions"}],"predecessor-version":[{"id":9933,"href":"https:\/\/galibuti.lt\/en\/wp-json\/wp\/v2\/pages\/9920\/revisions\/9933"}],"wp:featuredmedia":[{"embeddable":true,"href":"https:\/\/galibuti.lt\/en\/wp-json\/wp\/v2\/media\/9743"}],"wp:attachment":[{"href":"https:\/\/galibuti.lt\/en\/wp-json\/wp\/v2\/media?parent=9920"}],"curies":[{"name":"wp","href":"https:\/\/api.w.org\/{rel}","templated":true}]}}