{"id":3567,"date":"2022-04-10T17:39:48","date_gmt":"2022-04-10T15:39:48","guid":{"rendered":"https:\/\/galibuti.lt\/?page_id=3567"},"modified":"2024-09-29T15:53:30","modified_gmt":"2024-09-29T13:53:30","slug":"%d0%bf%d0%be%d0%bc%d0%be%d1%89%d1%8c-%d0%bf%d1%80%d0%b8-%d0%bf%d0%be%d1%81%d1%82%d1%82%d1%80%d0%b0%d0%b2%d0%bc%d0%b0%d1%82%d0%b8%d1%87%d0%b5%d1%81%d0%ba%d0%be%d0%bc-%d1%81%d1%82%d1%80%d0%b5%d1%81","status":"publish","type":"page","link":"https:\/\/galibuti.lt\/ru\/%d0%bf%d0%be%d0%bc%d0%be%d1%89%d1%8c-%d0%bf%d1%80%d0%b8-%d0%bf%d0%be%d1%81%d1%82%d1%82%d1%80%d0%b0%d0%b2%d0%bc%d0%b0%d1%82%d0%b8%d1%87%d0%b5%d1%81%d0%ba%d0%be%d0%bc-%d1%81%d1%82%d1%80%d0%b5%d1%81\/","title":{"rendered":"\u041f\u043e\u0441\u0442\u0442\u0440\u0430\u0432\u043c\u0430\u0442\u0438\u0447\u0435\u0441\u043a\u043e\u0435 \u0441\u0442\u0440\u0435\u0441\u0441\u043e\u0432\u043e\u0435 \u0440\u0430\u0441\u0441\u0442\u0440\u043e\u0439\u0441\u0442\u0432\u043e"},"content":{"rendered":"<div data-elementor-type=\"wp-page\" data-elementor-id=\"3567\" class=\"elementor elementor-3567\">\n\t\t\t\t\t\t<section class=\"elementor-section elementor-top-section elementor-element elementor-element-11e20dab elementor-section-boxed elementor-section-height-default elementor-section-height-default parallax_section_no qode_elementor_container_no\" data-id=\"11e20dab\" data-element_type=\"section\">\n\t\t\t\t\t\t<div class=\"elementor-container elementor-column-gap-default\">\n\t\t\t\t\t<div class=\"elementor-column elementor-col-100 elementor-top-column elementor-element elementor-element-17c4b962\" data-id=\"17c4b962\" data-element_type=\"column\">\n\t\t\t<div class=\"elementor-widget-wrap elementor-element-populated\">\n\t\t\t\t\t\t<div class=\"elementor-element elementor-element-20d47fbd elementor-widget elementor-widget-heading\" data-id=\"20d47fbd\" data-element_type=\"widget\" data-widget_type=\"heading.default\">\n\t\t\t\t<div class=\"elementor-widget-container\">\n\t\t\t\t\t<h1 class=\"elementor-heading-title elementor-size-small\">\u041f\u043e\u0441\u0442\u0442\u0440\u0430\u0432\u043c\u0430\u0442\u0438\u0447\u0435\u0441\u043a\u043e\u0435 \u0441\u0442\u0440\u0435\u0441\u0441\u043e\u0432\u043e\u0435 \u0440\u0430\u0441\u0441\u0442\u0440\u043e\u0439\u0441\u0442\u0432\u043e<\/h1>\t\t\t\t<\/div>\n\t\t\t\t<\/div>\n\t\t\t\t\t<\/div>\n\t\t<\/div>\n\t\t\t\t\t<\/div>\n\t\t<\/section>\n\t\t\t\t<section class=\"elementor-section elementor-top-section elementor-element elementor-element-4122cc6 elementor-section-content-middle elementor-section-boxed elementor-section-height-default elementor-section-height-default parallax_section_no qode_elementor_container_no\" data-id=\"4122cc6\" data-element_type=\"section\">\n\t\t\t\t\t\t<div class=\"elementor-container elementor-column-gap-default\">\n\t\t\t\t\t<div class=\"elementor-column elementor-col-50 elementor-top-column elementor-element elementor-element-9a6c622\" data-id=\"9a6c622\" data-element_type=\"column\">\n\t\t\t<div class=\"elementor-widget-wrap elementor-element-populated\">\n\t\t\t\t\t\t<div class=\"elementor-element elementor-element-720b69f9 elementor-widget elementor-widget-image\" data-id=\"720b69f9\" data-element_type=\"widget\" data-widget_type=\"image.default\">\n\t\t\t\t<div class=\"elementor-widget-container\">\n\t\t\t\t\t\t\t\t\t\t\t\t\t\t\t<img fetchpriority=\"high\" decoding=\"async\" width=\"550\" height=\"330\" src=\"https:\/\/galibuti.lt\/wp-content\/uploads\/2022\/04\/Galibuti_Potrauminis_550x330.jpg\" class=\"attachment-large size-large wp-image-3571\" alt=\"\u043f\u043e\u0441\u0442\u0442\u0440\u0430\u0432\u043c\u0430\u0442\u0438\u0447\u0435\u0441\u043a\u0438\u0439 \u0441\u0442\u0440\u0435\u0441\u0441\" srcset=\"https:\/\/galibuti.lt\/wp-content\/uploads\/2022\/04\/Galibuti_Potrauminis_550x330.jpg 550w, https:\/\/galibuti.lt\/wp-content\/uploads\/2022\/04\/Galibuti_Potrauminis_550x330-300x180.jpg 300w\" sizes=\"(max-width: 550px) 100vw, 550px\" \/>\t\t\t\t\t\t\t\t\t\t\t\t\t\t\t<\/div>\n\t\t\t\t<\/div>\n\t\t\t\t\t<\/div>\n\t\t<\/div>\n\t\t\t\t<div class=\"elementor-column elementor-col-50 elementor-top-column elementor-element elementor-element-16556d2\" data-id=\"16556d2\" data-element_type=\"column\">\n\t\t\t<div class=\"elementor-widget-wrap elementor-element-populated\">\n\t\t\t\t\t\t<div class=\"elementor-element elementor-element-43f7552a elementor-widget elementor-widget-text-editor\" data-id=\"43f7552a\" data-element_type=\"widget\" data-widget_type=\"text-editor.default\">\n\t\t\t\t<div class=\"elementor-widget-container\">\n\t\t\t\t\t\t\t\t\t<p style=\"text-align: justify;\">\u041f\u043e\u0441\u0442\u0442\u0440\u0430\u0432\u043c\u0430\u0442\u0438\u0447\u0435\u0441\u043a\u043e\u0435 \u0441\u0442\u0440\u0435\u0441\u0441\u043e\u0432\u043e\u0435 \u0440\u0430\u0441\u0441\u0442\u0440\u043e\u0439\u0441\u0442\u0432\u043e (\u041f\u0422\u0421\u0420) \u2014 \u044d\u0442\u043e \u044d\u043c\u043e\u0446\u0438\u043e\u043d\u0430\u043b\u044c\u043d\u043e\u0435 \u0440\u0430\u0441\u0441\u0442\u0440\u043e\u0439\u0441\u0442\u0432\u043e, \u043a\u043e\u0442\u043e\u0440\u043e\u0435 \u0432\u043e\u0437\u043d\u0438\u043a\u0430\u0435\u0442 \u043f\u043e\u0441\u043b\u0435 \u043f\u0435\u0440\u0435\u0436\u0438\u0442\u043e\u0433\u043e \u0447\u0440\u0435\u0437\u0432\u044b\u0447\u0430\u0439\u043d\u043e \u0442\u0440\u0430\u0432\u043c\u0438\u0440\u0443\u044e\u0449\u0435\u0433\u043e \u0441\u043e\u0431\u044b\u0442\u0438\u044f (\u043d\u0430\u0441\u0438\u043b\u0438\u044f, \u0443\u0442\u0440\u0430\u0442\u044b, \u0440\u0430\u0437\u0432\u043e\u0434\u0430, \u0431\u043e\u043b\u0435\u0437\u043d\u0438, \u0430\u0432\u0442\u043e\u043c\u043e\u0431\u0438\u043b\u044c\u043d\u043e\u0439 \u0430\u0432\u0430\u0440\u0438\u0438 \u0438 \u0442. \u0434.), \u0441\u043e\u043f\u0440\u043e\u0432\u043e\u0436\u0434\u0430\u044e\u0449\u0435\u0433\u043e\u0441\u044f \u0441\u0438\u043b\u044c\u043d\u044b\u043c \u043d\u0430\u043f\u0440\u044f\u0436\u0435\u043d\u0438\u0435\u043c, \u0441\u0442\u0440\u0430\u0445\u043e\u043c, \u0433\u043e\u0440\u0435\u043c. \u0421\u0438\u043c\u043f\u0442\u043e\u043c\u044b \u043f\u043e\u0441\u0442\u0442\u0440\u0430\u0432\u043c\u0430\u0442\u0438\u0447\u0435\u0441\u043a\u043e\u0433\u043e \u0441\u0442\u0440\u0435\u0441\u0441\u0430 \u043c\u043d\u043e\u0433\u043e\u0447\u0438\u0441\u043b\u0435\u043d\u043d\u044b \u0438 \u0440\u0430\u0437\u043d\u043e\u043e\u0431\u0440\u0430\u0437\u043d\u044b, \u043d\u043e \u043d\u0430\u0438\u0431\u043e\u043b\u0435\u0435 \u0440\u0430\u0441\u043f\u0440\u043e\u0441\u0442\u0440\u0430\u043d\u0435\u043d\u043d\u044b\u043c\u0438 \u044f\u0432\u043b\u044f\u044e\u0442\u0441\u044f: \u0432\u0441\u043f\u044b\u0448\u043a\u0438 \u0433\u043d\u0435\u0432\u0430, \u0430\u0433\u0440\u0435\u0441\u0441\u0438\u0438, \u0440\u0430\u0437\u0434\u0440\u0430\u0436\u0438\u0442\u0435\u043b\u044c\u043d\u043e\u0441\u0442\u044c, \u043d\u0430\u0440\u0443\u0448\u0435\u043d\u0438\u044f \u0441\u043d\u0430, \u0443\u0441\u0442\u0430\u043b\u043e\u0441\u0442\u044c, \u043f\u0430\u043d\u0438\u0447\u0435\u0441\u043a\u0438\u0435 \u0430\u0442\u0430\u043a\u0438, \u043d\u0430\u0432\u044f\u0437\u0447\u0438\u0432\u044b\u0435 \u0432\u043e\u0441\u043f\u043e\u043c\u0438\u043d\u0430\u043d\u0438\u044f, \u00ab\u043b\u0438\u043f\u043a\u0438\u0435\u00bb \u043c\u044b\u0441\u043b\u0438, \u043f\u043e\u0441\u0442\u043e\u044f\u043d\u043d\u043e\u0435 \u043d\u0430\u043f\u0440\u044f\u0436\u0435\u043d\u0438\u0435, \u043d\u0430\u0440\u0443\u0448\u0435\u043d\u0438\u044f \u0432\u043d\u0438\u043c\u0430\u043d\u0438\u044f \u0438 \u043f\u0430\u043c\u044f\u0442\u0438. \u041a\u0430\u0436\u0434\u044b\u0439 \u0441\u0438\u043c\u043f\u0442\u043e\u043c \u043f\u0440\u043e\u044f\u0432\u043b\u044f\u0435\u0442\u0441\u044f \u043f\u043e-\u0440\u0430\u0437\u043d\u043e\u043c\u0443 \u0432 \u0437\u0430\u0432\u0438\u0441\u0438\u043c\u043e\u0441\u0442\u0438 \u043e\u0442 \u0442\u043e\u0433\u043e, \u043a\u0430\u043a \u0447\u0435\u043b\u043e\u0432\u0435\u043a \u0441\u0442\u0440\u0435\u043c\u0438\u0442\u0441\u044f \u043f\u043e\u043c\u043e\u0447\u044c \u0441\u0435\u0431\u0435, \u0441\u043b\u043e\u0436\u043d\u043e\u0441\u0442\u0438 \u043f\u0435\u0440\u0435\u0436\u0438\u0432\u0430\u043d\u0438\u044f, \u0447\u0435\u0440\u0442 \u0445\u0430\u0440\u0430\u043a\u0442\u0435\u0440\u0430 \u0447\u0435\u043b\u043e\u0432\u0435\u043a\u0430 \u0438 \u044d\u043c\u043e\u0446\u0438\u043e\u043d\u0430\u043b\u044c\u043d\u043e\u0439 \u0443\u0441\u0442\u043e\u0439\u0447\u0438\u0432\u043e\u0441\u0442\u0438. \u0415\u0441\u043b\u0438 \u0441\u0438\u043c\u043f\u0442\u043e\u043c\u044b \u043f\u043e\u0441\u0442\u0442\u0440\u0430\u0432\u043c\u0430\u0442\u0438\u0447\u0435\u0441\u043a\u043e\u0433\u043e \u0441\u0442\u0440\u0435\u0441\u0441\u0430 \u0441\u043e\u0445\u0440\u0430\u043d\u044f\u044e\u0442\u0441\u044f \u0432 \u0442\u0435\u0447\u0435\u043d\u0438\u0435 \u0434\u043b\u0438\u0442\u0435\u043b\u044c\u043d\u043e\u0433\u043e \u0432\u0440\u0435\u043c\u0435\u043d\u0438 (\u0431\u043e\u043b\u0435\u0435 \u043c\u0435\u0441\u044f\u0446\u0430), \u0432\u044b \u043d\u0435 \u043c\u043e\u0436\u0435\u0442\u0435 \u0441\u043f\u0440\u0430\u0432\u0438\u0442\u044c\u0441\u044f \u0441 \u043d\u0438\u043c\u0438 \u0441\u0430\u043c\u043e\u0441\u0442\u043e\u044f\u0442\u0435\u043b\u044c\u043d\u043e, \u043e\u043d\u0438 \u043c\u0435\u0448\u0430\u044e\u0442 \u0432\u0430\u043c \u0432\u0435\u0440\u043d\u0443\u0442\u044c\u0441\u044f \u043a \u043f\u043e\u043b\u043d\u043e\u0446\u0435\u043d\u043d\u043e\u0439 \u043f\u043e\u0432\u0441\u0435\u0434\u043d\u0435\u0432\u043d\u043e\u0439 \u0436\u0438\u0437\u043d\u0438 \u0438\u043b\u0438 \u0432\u043b\u0438\u044f\u044e\u0442 \u043d\u0430 \u0432\u0430\u0448\u0438 \u043e\u0442\u043d\u043e\u0448\u0435\u043d\u0438\u044f \u0441 \u043e\u043a\u0440\u0443\u0436\u0430\u044e\u0449\u0438\u043c\u0438, \u0441\u0442\u043e\u0438\u0442 \u043e\u0431\u0440\u0430\u0442\u0438\u0442\u044c\u0441\u044f \u0437\u0430 \u043f\u0440\u043e\u0444\u0435\u0441\u0441\u0438\u043e\u043d\u0430\u043b\u044c\u043d\u043e\u0439 \u043f\u043e\u043c\u043e\u0449\u044c\u044e.<\/p>\t\t\t\t\t\t\t\t<\/div>\n\t\t\t\t<\/div>\n\t\t\t\t\t<\/div>\n\t\t<\/div>\n\t\t\t\t\t<\/div>\n\t\t<\/section>\n\t\t\t\t<section class=\"elementor-section elementor-top-section elementor-element elementor-element-1c81db1a elementor-section-boxed elementor-section-height-default elementor-section-height-default parallax_section_no qode_elementor_container_no\" data-id=\"1c81db1a\" data-element_type=\"section\">\n\t\t\t\t\t\t<div class=\"elementor-container elementor-column-gap-default\">\n\t\t\t\t\t<div class=\"elementor-column elementor-col-100 elementor-top-column elementor-element elementor-element-1c13969b\" data-id=\"1c13969b\" data-element_type=\"column\">\n\t\t\t<div class=\"elementor-widget-wrap elementor-element-populated\">\n\t\t\t\t\t\t<div class=\"elementor-element elementor-element-18cd331f elementor-align-center elementor-widget elementor-widget-button\" data-id=\"18cd331f\" data-element_type=\"widget\" data-widget_type=\"button.default\">\n\t\t\t\t<div class=\"elementor-widget-container\">\n\t\t\t\t\t\t\t\t\t<div class=\"elementor-button-wrapper\">\n\t\t\t\t\t<a class=\"elementor-button elementor-button-link elementor-size-md\" href=\"https:\/\/galibuti.lt\/ru\/%d0%bf%d0%be%d1%81%d1%82%d1%82%d1%80%d0%b0%d0%b2%d0%bc%d0%b0%d1%82%d0%b8%d1%87%d0%b5%d1%81%d0%ba%d0%be%d0%b5-%d1%81%d1%82%d1%80%d0%b5%d1%81%d1%81%d0%be%d0%b2%d0%be%d0%b5-%d1%80%d0%b0%d1%81%d1%81%d1%82\/\">\n\t\t\t\t\t\t<span class=\"elementor-button-content-wrapper\">\n\t\t\t\t\t\t\t\t\t<span class=\"elementor-button-text\">\u0417\u0430\u0440\u0435\u0433\u0438\u0441\u0442\u0440\u0438\u0440\u043e\u0432\u0430\u0442\u044c\u0441\u044f<\/span>\n\t\t\t\t\t<\/span>\n\t\t\t\t\t<\/a>\n\t\t\t\t<\/div>\n\t\t\t\t\t\t\t\t<\/div>\n\t\t\t\t<\/div>\n\t\t\t\t\t<\/div>\n\t\t<\/div>\n\t\t\t\t\t<\/div>\n\t\t<\/section>\n\t\t\t\t<\/div>","protected":false},"excerpt":{"rendered":"<p>Potrauminis streso sutrikimas Potrauminis streso sutrikimas (PTSS) \u2013 tai emocinis sutrikimas, atsirandantis i\u0161gyvenus k\u0105 nors itin sukre\u010dian\u010dio (smurt\u0105, netekt\u012f, skyrybas, lig\u0105, automobilio avarij\u0105 ir pan.), patyrus didel\u0119 \u012ftamp\u0105, i\u0161g\u0105st\u012f, sielvart\u0105. Potrauminio streso simptom\u0173 yra daug ir \u012fvairi\u0173, bet da\u017eniausiai \u012fvardijami \u0161ie: pyk\u010dio, agresijos protr\u016bkiai, dirglumas,&#8230;<\/p>","protected":false},"author":77,"featured_media":0,"parent":0,"menu_order":0,"comment_status":"closed","ping_status":"closed","template":"","meta":{"inline_featured_image":false,"footnotes":""},"class_list":["post-3567","page","type-page","status-publish","hentry"],"yoast_head":"<!-- This site is optimized with the Yoast SEO plugin v27.3 - https:\/\/yoast.com\/product\/yoast-seo-wordpress\/ -->\n<title>Potrauminis streso sutrikimas - Gali b\u016bti<\/title>\n<meta name=\"robots\" content=\"index, follow, max-snippet:-1, max-image-preview:large, max-video-preview:-1\" \/>\n<link rel=\"canonical\" href=\"https:\/\/galibuti.lt\/ru\/\u043f\u043e\u043c\u043e\u0449\u044c-\u043f\u0440\u0438-\u043f\u043e\u0441\u0442\u0442\u0440\u0430\u0432\u043c\u0430\u0442\u0438\u0447\u0435\u0441\u043a\u043e\u043c-\u0441\u0442\u0440\u0435\u0441\/\" \/>\n<meta property=\"og:locale\" content=\"ru_RU\" \/>\n<meta property=\"og:type\" content=\"article\" \/>\n<meta property=\"og:title\" content=\"Potrauminis streso sutrikimas - Gali b\u016bti\" \/>\n<meta property=\"og:description\" content=\"Potrauminis streso sutrikimas Potrauminis streso sutrikimas (PTSS) \u2013 tai emocinis sutrikimas, atsirandantis i\u0161gyvenus k\u0105 nors itin sukre\u010dian\u010dio (smurt\u0105, netekt\u012f, skyrybas, lig\u0105, automobilio avarij\u0105 ir pan.), patyrus didel\u0119 \u012ftamp\u0105, i\u0161g\u0105st\u012f, sielvart\u0105. Potrauminio streso simptom\u0173 yra daug ir \u012fvairi\u0173, bet da\u017eniausiai \u012fvardijami \u0161ie: pyk\u010dio, agresijos protr\u016bkiai, dirglumas,...\" \/>\n<meta property=\"og:url\" content=\"https:\/\/galibuti.lt\/ru\/\u043f\u043e\u043c\u043e\u0449\u044c-\u043f\u0440\u0438-\u043f\u043e\u0441\u0442\u0442\u0440\u0430\u0432\u043c\u0430\u0442\u0438\u0447\u0435\u0441\u043a\u043e\u043c-\u0441\u0442\u0440\u0435\u0441\/\" \/>\n<meta property=\"og:site_name\" content=\"Gali b\u016bti\" \/>\n<meta property=\"article:publisher\" content=\"https:\/\/www.facebook.com\/galibuti.lt\" \/>\n<meta property=\"article:modified_time\" content=\"2024-09-29T13:53:30+00:00\" \/>\n<meta property=\"og:image\" content=\"https:\/\/galibuti.lt\/wp-content\/uploads\/2022\/04\/Galibuti_Potrauminis_550x330.jpg\" \/>\n<meta name=\"twitter:card\" content=\"summary_large_image\" \/>\n<meta name=\"twitter:label1\" content=\"\u041f\u0440\u0438\u043c\u0435\u0440\u043d\u043e\u0435 \u0432\u0440\u0435\u043c\u044f \u0434\u043b\u044f \u0447\u0442\u0435\u043d\u0438\u044f\" \/>\n\t<meta name=\"twitter:data1\" content=\"1 \u043c\u0438\u043d\u0443\u0442\u0430\" \/>\n<script type=\"application\/ld+json\" class=\"yoast-schema-graph\">{\"@context\":\"https:\\\/\\\/schema.org\",\"@graph\":[{\"@type\":\"WebPage\",\"@id\":\"https:\\\/\\\/galibuti.lt\\\/potrauminio-streso-sutrikimo-pagalba\\\/\",\"url\":\"https:\\\/\\\/galibuti.lt\\\/potrauminio-streso-sutrikimo-pagalba\\\/\",\"name\":\"Potrauminis streso sutrikimas - Gali b\u016bti\",\"isPartOf\":{\"@id\":\"https:\\\/\\\/galibuti.lt\\\/#website\"},\"primaryImageOfPage\":{\"@id\":\"https:\\\/\\\/galibuti.lt\\\/potrauminio-streso-sutrikimo-pagalba\\\/#primaryimage\"},\"image\":{\"@id\":\"https:\\\/\\\/galibuti.lt\\\/potrauminio-streso-sutrikimo-pagalba\\\/#primaryimage\"},\"thumbnailUrl\":\"https:\\\/\\\/galibuti.lt\\\/wp-content\\\/uploads\\\/2022\\\/04\\\/Galibuti_Potrauminis_550x330.jpg\",\"datePublished\":\"2022-04-10T15:39:48+00:00\",\"dateModified\":\"2024-09-29T13:53:30+00:00\",\"breadcrumb\":{\"@id\":\"https:\\\/\\\/galibuti.lt\\\/potrauminio-streso-sutrikimo-pagalba\\\/#breadcrumb\"},\"inLanguage\":\"ru-RU\",\"potentialAction\":[{\"@type\":\"ReadAction\",\"target\":[\"https:\\\/\\\/galibuti.lt\\\/potrauminio-streso-sutrikimo-pagalba\\\/\"]}]},{\"@type\":\"ImageObject\",\"inLanguage\":\"ru-RU\",\"@id\":\"https:\\\/\\\/galibuti.lt\\\/potrauminio-streso-sutrikimo-pagalba\\\/#primaryimage\",\"url\":\"https:\\\/\\\/galibuti.lt\\\/wp-content\\\/uploads\\\/2022\\\/04\\\/Galibuti_Potrauminis_550x330.jpg\",\"contentUrl\":\"https:\\\/\\\/galibuti.lt\\\/wp-content\\\/uploads\\\/2022\\\/04\\\/Galibuti_Potrauminis_550x330.jpg\"},{\"@type\":\"BreadcrumbList\",\"@id\":\"https:\\\/\\\/galibuti.lt\\\/potrauminio-streso-sutrikimo-pagalba\\\/#breadcrumb\",\"itemListElement\":[{\"@type\":\"ListItem\",\"position\":1,\"name\":\"Home\",\"item\":\"https:\\\/\\\/galibuti.lt\\\/\"},{\"@type\":\"ListItem\",\"position\":2,\"name\":\"Potrauminis streso sutrikimas\"}]},{\"@type\":\"WebSite\",\"@id\":\"https:\\\/\\\/galibuti.lt\\\/#website\",\"url\":\"https:\\\/\\\/galibuti.lt\\\/\",\"name\":\"Gali b\u016bti\",\"description\":\"Psichologijos ir Psichiatrijos klinika\",\"publisher\":{\"@id\":\"https:\\\/\\\/galibuti.lt\\\/#organization\"},\"potentialAction\":[{\"@type\":\"SearchAction\",\"target\":{\"@type\":\"EntryPoint\",\"urlTemplate\":\"https:\\\/\\\/galibuti.lt\\\/?s={search_term_string}\"},\"query-input\":{\"@type\":\"PropertyValueSpecification\",\"valueRequired\":true,\"valueName\":\"search_term_string\"}}],\"inLanguage\":\"ru-RU\"},{\"@type\":\"Organization\",\"@id\":\"https:\\\/\\\/galibuti.lt\\\/#organization\",\"name\":\"Galibuti.lt\",\"url\":\"https:\\\/\\\/galibuti.lt\\\/\",\"logo\":{\"@type\":\"ImageObject\",\"inLanguage\":\"ru-RU\",\"@id\":\"https:\\\/\\\/galibuti.lt\\\/#\\\/schema\\\/logo\\\/image\\\/\",\"url\":\"https:\\\/\\\/galibuti.lt\\\/wp-content\\\/uploads\\\/2021\\\/05\\\/galibuti_logotipas-juodas-04.png\",\"contentUrl\":\"https:\\\/\\\/galibuti.lt\\\/wp-content\\\/uploads\\\/2021\\\/05\\\/galibuti_logotipas-juodas-04.png\",\"width\":315,\"height\":315,\"caption\":\"Galibuti.lt\"},\"image\":{\"@id\":\"https:\\\/\\\/galibuti.lt\\\/#\\\/schema\\\/logo\\\/image\\\/\"},\"sameAs\":[\"https:\\\/\\\/www.facebook.com\\\/galibuti.lt\"]}]}<\/script>\n<!-- \/ Yoast SEO plugin. -->","yoast_head_json":{"title":"\u041f\u043e\u0441\u0442\u0442\u0440\u0430\u0432\u043c\u0430\u0442\u0438\u0447\u0435\u0441\u043a\u043e\u0435 \u0441\u0442\u0440\u0435\u0441\u0441\u043e\u0432\u043e\u0435 \u0440\u0430\u0441\u0441\u0442\u0440\u043e\u0439\u0441\u0442\u0432\u043e - \u041c\u043e\u0436\u0435\u0442 \u0431\u044b\u0442\u044c","robots":{"index":"index","follow":"follow","max-snippet":"max-snippet:-1","max-image-preview":"max-image-preview:large","max-video-preview":"max-video-preview:-1"},"canonical":"https:\/\/galibuti.lt\/ru\/\u043f\u043e\u043c\u043e\u0449\u044c-\u043f\u0440\u0438-\u043f\u043e\u0441\u0442\u0442\u0440\u0430\u0432\u043c\u0430\u0442\u0438\u0447\u0435\u0441\u043a\u043e\u043c-\u0441\u0442\u0440\u0435\u0441\/","og_locale":"ru_RU","og_type":"article","og_title":"Potrauminis streso sutrikimas - Gali b\u016bti","og_description":"Potrauminis streso sutrikimas Potrauminis streso sutrikimas (PTSS) \u2013 tai emocinis sutrikimas, atsirandantis i\u0161gyvenus k\u0105 nors itin sukre\u010dian\u010dio (smurt\u0105, netekt\u012f, skyrybas, lig\u0105, automobilio avarij\u0105 ir pan.), patyrus didel\u0119 \u012ftamp\u0105, i\u0161g\u0105st\u012f, sielvart\u0105. Potrauminio streso simptom\u0173 yra daug ir \u012fvairi\u0173, bet da\u017eniausiai \u012fvardijami \u0161ie: pyk\u010dio, agresijos protr\u016bkiai, dirglumas,...","og_url":"https:\/\/galibuti.lt\/ru\/\u043f\u043e\u043c\u043e\u0449\u044c-\u043f\u0440\u0438-\u043f\u043e\u0441\u0442\u0442\u0440\u0430\u0432\u043c\u0430\u0442\u0438\u0447\u0435\u0441\u043a\u043e\u043c-\u0441\u0442\u0440\u0435\u0441\/","og_site_name":"Gali b\u016bti","article_publisher":"https:\/\/www.facebook.com\/galibuti.lt","article_modified_time":"2024-09-29T13:53:30+00:00","og_image":[{"url":"https:\/\/galibuti.lt\/wp-content\/uploads\/2022\/04\/Galibuti_Potrauminis_550x330.jpg","type":"","width":"","height":""}],"twitter_card":"summary_large_image","twitter_misc":{"\u041f\u0440\u0438\u043c\u0435\u0440\u043d\u043e\u0435 \u0432\u0440\u0435\u043c\u044f \u0434\u043b\u044f \u0447\u0442\u0435\u043d\u0438\u044f":"1 \u043c\u0438\u043d\u0443\u0442\u0430"},"schema":{"@context":"https:\/\/schema.org","@graph":[{"@type":"WebPage","@id":"https:\/\/galibuti.lt\/potrauminio-streso-sutrikimo-pagalba\/","url":"https:\/\/galibuti.lt\/potrauminio-streso-sutrikimo-pagalba\/","name":"\u041f\u043e\u0441\u0442\u0442\u0440\u0430\u0432\u043c\u0430\u0442\u0438\u0447\u0435\u0441\u043a\u043e\u0435 \u0441\u0442\u0440\u0435\u0441\u0441\u043e\u0432\u043e\u0435 \u0440\u0430\u0441\u0441\u0442\u0440\u043e\u0439\u0441\u0442\u0432\u043e - \u041c\u043e\u0436\u0435\u0442 \u0431\u044b\u0442\u044c","isPartOf":{"@id":"https:\/\/galibuti.lt\/#website"},"primaryImageOfPage":{"@id":"https:\/\/galibuti.lt\/potrauminio-streso-sutrikimo-pagalba\/#primaryimage"},"image":{"@id":"https:\/\/galibuti.lt\/potrauminio-streso-sutrikimo-pagalba\/#primaryimage"},"thumbnailUrl":"https:\/\/galibuti.lt\/wp-content\/uploads\/2022\/04\/Galibuti_Potrauminis_550x330.jpg","datePublished":"2022-04-10T15:39:48+00:00","dateModified":"2024-09-29T13:53:30+00:00","breadcrumb":{"@id":"https:\/\/galibuti.lt\/potrauminio-streso-sutrikimo-pagalba\/#breadcrumb"},"inLanguage":"ru-RU","potentialAction":[{"@type":"ReadAction","target":["https:\/\/galibuti.lt\/potrauminio-streso-sutrikimo-pagalba\/"]}]},{"@type":"ImageObject","inLanguage":"ru-RU","@id":"https:\/\/galibuti.lt\/potrauminio-streso-sutrikimo-pagalba\/#primaryimage","url":"https:\/\/galibuti.lt\/wp-content\/uploads\/2022\/04\/Galibuti_Potrauminis_550x330.jpg","contentUrl":"https:\/\/galibuti.lt\/wp-content\/uploads\/2022\/04\/Galibuti_Potrauminis_550x330.jpg"},{"@type":"BreadcrumbList","@id":"https:\/\/galibuti.lt\/potrauminio-streso-sutrikimo-pagalba\/#breadcrumb","itemListElement":[{"@type":"ListItem","position":1,"name":"Home","item":"https:\/\/galibuti.lt\/"},{"@type":"ListItem","position":2,"name":"Potrauminis streso sutrikimas"}]},{"@type":"WebSite","@id":"https:\/\/galibuti.lt\/#website","url":"https:\/\/galibuti.lt\/","name":"\u042d\u0442\u043e \u043c\u043e\u0436\u0435\u0442 \u0431\u044b\u0442\u044c","description":"\u041a\u043b\u0438\u043d\u0438\u043a\u0430 \u043f\u0441\u0438\u0445\u043e\u043b\u043e\u0433\u0438\u0438 \u0438 \u043f\u0441\u0438\u0445\u0438\u0430\u0442\u0440\u0438\u0438","publisher":{"@id":"https:\/\/galibuti.lt\/#organization"},"potentialAction":[{"@type":"SearchAction","target":{"@type":"EntryPoint","urlTemplate":"https:\/\/galibuti.lt\/?s={search_term_string}"},"query-input":{"@type":"PropertyValueSpecification","valueRequired":true,"valueName":"search_term_string"}}],"inLanguage":"ru-RU"},{"@type":"Organization","@id":"https:\/\/galibuti.lt\/#organization","name":"\u0413\u0430\u043b\u0438\u0431\u0443\u0442\u0438.lt","url":"https:\/\/galibuti.lt\/","logo":{"@type":"ImageObject","inLanguage":"ru-RU","@id":"https:\/\/galibuti.lt\/#\/schema\/logo\/image\/","url":"https:\/\/galibuti.lt\/wp-content\/uploads\/2021\/05\/galibuti_logotipas-juodas-04.png","contentUrl":"https:\/\/galibuti.lt\/wp-content\/uploads\/2021\/05\/galibuti_logotipas-juodas-04.png","width":315,"height":315,"caption":"Galibuti.lt"},"image":{"@id":"https:\/\/galibuti.lt\/#\/schema\/logo\/image\/"},"sameAs":["https:\/\/www.facebook.com\/galibuti.lt"]}]}},"_links":{"self":[{"href":"https:\/\/galibuti.lt\/ru\/wp-json\/wp\/v2\/pages\/3567","targetHints":{"allow":["GET"]}}],"collection":[{"href":"https:\/\/galibuti.lt\/ru\/wp-json\/wp\/v2\/pages"}],"about":[{"href":"https:\/\/galibuti.lt\/ru\/wp-json\/wp\/v2\/types\/page"}],"author":[{"embeddable":true,"href":"https:\/\/galibuti.lt\/ru\/wp-json\/wp\/v2\/users\/77"}],"replies":[{"embeddable":true,"href":"https:\/\/galibuti.lt\/ru\/wp-json\/wp\/v2\/comments?post=3567"}],"version-history":[{"count":15,"href":"https:\/\/galibuti.lt\/ru\/wp-json\/wp\/v2\/pages\/3567\/revisions"}],"predecessor-version":[{"id":7446,"href":"https:\/\/galibuti.lt\/ru\/wp-json\/wp\/v2\/pages\/3567\/revisions\/7446"}],"wp:attachment":[{"href":"https:\/\/galibuti.lt\/ru\/wp-json\/wp\/v2\/media?parent=3567"}],"curies":[{"name":"wp","href":"https:\/\/api.w.org\/{rel}","templated":true}]}}