{"id":3601,"date":"2022-04-10T18:00:48","date_gmt":"2022-04-10T16:00:48","guid":{"rendered":"https:\/\/galibuti.lt\/?page_id=3601"},"modified":"2024-09-29T15:54:51","modified_gmt":"2024-09-29T13:54:51","slug":"%d0%bf%d1%80%d0%be%d0%b1%d0%bb%d0%b5%d0%bc%d1%8b-%d1%81-%d0%b4%d0%b5%d0%bf%d1%80%d0%b5%d1%81%d1%81%d0%b8%d0%b5%d0%b9","status":"publish","type":"page","link":"https:\/\/galibuti.lt\/ru\/%d0%bf%d1%80%d0%be%d0%b1%d0%bb%d0%b5%d0%bc%d1%8b-%d1%81-%d0%b4%d0%b5%d0%bf%d1%80%d0%b5%d1%81%d1%81%d0%b8%d0%b5%d0%b9\/","title":{"rendered":"\u041f\u0440\u043e\u0431\u043b\u0435\u043c\u044b \u0441 \u0434\u0435\u043f\u0440\u0435\u0441\u0441\u0438\u0435\u0439"},"content":{"rendered":"<div data-elementor-type=\"wp-page\" data-elementor-id=\"3601\" class=\"elementor elementor-3601\">\n\t\t\t\t\t\t<section class=\"elementor-section elementor-top-section elementor-element elementor-element-743b07f9 elementor-section-boxed elementor-section-height-default elementor-section-height-default parallax_section_no qode_elementor_container_no\" data-id=\"743b07f9\" data-element_type=\"section\">\n\t\t\t\t\t\t<div class=\"elementor-container elementor-column-gap-default\">\n\t\t\t\t\t<div class=\"elementor-column elementor-col-100 elementor-top-column elementor-element elementor-element-32d9bdd1\" data-id=\"32d9bdd1\" data-element_type=\"column\">\n\t\t\t<div class=\"elementor-widget-wrap elementor-element-populated\">\n\t\t\t\t\t\t<div class=\"elementor-element elementor-element-7cccb777 elementor-widget elementor-widget-heading\" data-id=\"7cccb777\" data-element_type=\"widget\" data-widget_type=\"heading.default\">\n\t\t\t\t<div class=\"elementor-widget-container\">\n\t\t\t\t\t<h1 class=\"elementor-heading-title elementor-size-small\">\u0414\u0435\u043f\u0440\u0435\u0441\u0441\u0438\u044f<\/h1>\t\t\t\t<\/div>\n\t\t\t\t<\/div>\n\t\t\t\t\t<\/div>\n\t\t<\/div>\n\t\t\t\t\t<\/div>\n\t\t<\/section>\n\t\t\t\t<section class=\"elementor-section elementor-top-section elementor-element elementor-element-43432fe elementor-section-content-middle elementor-section-boxed elementor-section-height-default elementor-section-height-default parallax_section_no qode_elementor_container_no\" data-id=\"43432fe\" data-element_type=\"section\">\n\t\t\t\t\t\t<div class=\"elementor-container elementor-column-gap-default\">\n\t\t\t\t\t<div class=\"elementor-column elementor-col-50 elementor-top-column elementor-element elementor-element-5d1a3e4\" data-id=\"5d1a3e4\" data-element_type=\"column\">\n\t\t\t<div class=\"elementor-widget-wrap elementor-element-populated\">\n\t\t\t\t\t\t<div class=\"elementor-element elementor-element-12da3a4e elementor-widget elementor-widget-image\" data-id=\"12da3a4e\" data-element_type=\"widget\" data-widget_type=\"image.default\">\n\t\t\t\t<div class=\"elementor-widget-container\">\n\t\t\t\t\t\t\t\t\t\t\t\t\t\t\t<img fetchpriority=\"high\" decoding=\"async\" width=\"1024\" height=\"614\" src=\"https:\/\/galibuti.lt\/wp-content\/uploads\/2022\/04\/Galibuti_depresija_1140x684-1024x614.jpg\" class=\"attachment-large size-large wp-image-3602\" alt=\"\u0434\u0435\u043f\u0440\u0435\u0441\u0441\u0438\u044f\" srcset=\"https:\/\/galibuti.lt\/wp-content\/uploads\/2022\/04\/Galibuti_depresija_1140x684-1024x614.jpg 1024w, https:\/\/galibuti.lt\/wp-content\/uploads\/2022\/04\/Galibuti_depresija_1140x684-300x180.jpg 300w, https:\/\/galibuti.lt\/wp-content\/uploads\/2022\/04\/Galibuti_depresija_1140x684-768x461.jpg 768w, https:\/\/galibuti.lt\/wp-content\/uploads\/2022\/04\/Galibuti_depresija_1140x684-700x420.jpg 700w, https:\/\/galibuti.lt\/wp-content\/uploads\/2022\/04\/Galibuti_depresija_1140x684-600x360.jpg 600w, https:\/\/galibuti.lt\/wp-content\/uploads\/2022\/04\/Galibuti_depresija_1140x684.jpg 1140w\" sizes=\"(max-width: 1024px) 100vw, 1024px\" \/>\t\t\t\t\t\t\t\t\t\t\t\t\t\t\t<\/div>\n\t\t\t\t<\/div>\n\t\t\t\t\t<\/div>\n\t\t<\/div>\n\t\t\t\t<div class=\"elementor-column elementor-col-50 elementor-top-column elementor-element elementor-element-8d12b7b\" data-id=\"8d12b7b\" data-element_type=\"column\">\n\t\t\t<div class=\"elementor-widget-wrap elementor-element-populated\">\n\t\t\t\t\t\t<div class=\"elementor-element elementor-element-75066425 elementor-widget elementor-widget-text-editor\" data-id=\"75066425\" data-element_type=\"widget\" data-widget_type=\"text-editor.default\">\n\t\t\t\t<div class=\"elementor-widget-container\">\n\t\t\t\t\t\t\t\t\t<p style=\"text-align: justify;\">\u0414\u0435\u043f\u0440\u0435\u0441\u0441\u0438\u044f \u2014 \u044d\u0442\u043e \u043f\u0441\u0438\u0445\u0438\u0447\u0435\u0441\u043a\u043e\u0435 \u0440\u0430\u0441\u0441\u0442\u0440\u043e\u0439\u0441\u0442\u0432\u043e, \u0432\u044b\u0437\u0432\u0430\u043d\u043d\u043e\u0435 \u0440\u0430\u0437\u043b\u0438\u0447\u043d\u044b\u043c\u0438 \u0432\u043d\u0443\u0442\u0440\u0435\u043d\u043d\u0438\u043c\u0438 \u0438 \u0432\u043d\u0435\u0448\u043d\u0438\u043c\u0438 \u0444\u0430\u043a\u0442\u043e\u0440\u0430\u043c\u0438, \u043a\u043e\u0442\u043e\u0440\u043e\u0435 \u0447\u0430\u0449\u0435 \u0432\u0441\u0435\u0433\u043e \u043f\u0440\u043e\u044f\u0432\u043b\u044f\u0435\u0442\u0441\u044f \u043f\u043e\u0434\u0430\u0432\u043b\u0435\u043d\u043d\u043e\u0441\u0442\u044c\u044e, \u0430\u043f\u0430\u0442\u0438\u0435\u0439, \u043e\u0442\u0441\u0443\u0442\u0441\u0442\u0432\u0438\u0435\u043c \u044d\u043d\u0435\u0440\u0433\u0438\u0438 \u0438 \u043c\u043e\u0442\u0438\u0432\u0430\u0446\u0438\u0438, \u0430 \u0442\u0430\u043a\u0436\u0435 \u043f\u0435\u0440\u0435\u043f\u0430\u0434\u0430\u043c\u0438 \u043d\u0430\u0441\u0442\u0440\u043e\u0435\u043d\u0438\u044f. \u0423 \u043b\u044e\u0434\u0435\u0439, \u0441\u043a\u043b\u043e\u043d\u043d\u044b\u0445 \u043a \u0434\u0435\u043f\u0440\u0435\u0441\u0441\u0438\u0438 \u0438\u043b\u0438 \u0441\u0442\u0440\u0430\u0434\u0430\u044e\u0449\u0438\u0445 \u0435\u044e, \u0447\u0430\u0441\u0442\u043e \u0432\u043e\u0437\u043d\u0438\u043a\u0430\u044e\u0442 \u043c\u044b\u0441\u043b\u0438 \u043e \u0441\u0430\u043c\u043e\u0443\u0431\u0438\u0439\u0441\u0442\u0432\u0435 \u0438 \u043f\u043e\u0442\u0440\u0435\u0431\u043d\u043e\u0441\u0442\u044c \u043f\u0440\u0438\u0447\u0438\u043d\u0438\u0442\u044c \u0441\u0435\u0431\u0435 \u0432\u0440\u0435\u0434. \u041a\u0430\u043a \u0432\u0438\u0434\u043d\u043e, \u0441\u0443\u0449\u0435\u0441\u0442\u0432\u0443\u0435\u0442 \u043c\u043d\u043e\u0436\u0435\u0441\u0442\u0432\u043e \u0440\u0430\u0437\u043d\u043e\u043e\u0431\u0440\u0430\u0437\u043d\u044b\u0445 \u043f\u0440\u0438\u0437\u043d\u0430\u043a\u043e\u0432, \u043f\u0440\u0435\u0434\u0443\u043f\u0440\u0435\u0436\u0434\u0430\u044e\u0449\u0438\u0445 \u043e \u0432\u043e\u0437\u043c\u043e\u0436\u043d\u043e\u0439 \u0434\u0435\u043f\u0440\u0435\u0441\u0441\u0438\u0438, \u043f\u043e\u044d\u0442\u043e\u043c\u0443 \u0438\u0445 \u0446\u0435\u043b\u0435\u0441\u043e\u043e\u0431\u0440\u0430\u0437\u043d\u043e \u0441\u0433\u0440\u0443\u043f\u043f\u0438\u0440\u043e\u0432\u0430\u0442\u044c. \u041e\u0431\u044b\u0447\u043d\u043e \u0432\u044b\u0434\u0435\u043b\u044f\u044e\u0442 \u0441\u043b\u0435\u0434\u0443\u044e\u0449\u0438\u0435 \u0433\u0440\u0443\u043f\u043f\u044b \u0441\u0438\u043c\u043f\u0442\u043e\u043c\u043e\u0432 \u0434\u0435\u043f\u0440\u0435\u0441\u0441\u0438\u0438: \u043c\u044b\u0441\u043b\u0438 \u0438 \u0447\u0443\u0432\u0441\u0442\u0432\u0430, \u0444\u0438\u0437\u0438\u0447\u0435\u0441\u043a\u0438\u0435 \u0441\u0438\u043c\u043f\u0442\u043e\u043c\u044b (\u0441\u043d\u0438\u0436\u0435\u043d\u0438\u0435 \u0441\u0435\u043a\u0441\u0443\u0430\u043b\u044c\u043d\u043e\u0439 \u043f\u043e\u0442\u0440\u0435\u0431\u043d\u043e\u0441\u0442\u0438, \u0438\u0437\u043c\u0435\u043d\u0435\u043d\u0438\u0435 \u0440\u0435\u0436\u0438\u043c\u0430 \u043f\u0438\u0442\u0430\u043d\u0438\u044f \u0438 \u0441\u043d\u0430, \u0443\u0442\u043e\u043c\u043b\u044f\u0435\u043c\u043e\u0441\u0442\u044c), \u0434\u0435\u044f\u0442\u0435\u043b\u044c\u043d\u043e\u0441\u0442\u044c \u0438 \u043e\u0442\u043d\u043e\u0448\u0435\u043d\u0438\u044f (\u043d\u0435\u0441\u043f\u043e\u0441\u043e\u0431\u043d\u043e\u0441\u0442\u044c \u0440\u0430\u0431\u043e\u0442\u0430\u0442\u044c, \u043e\u0442\u0441\u0443\u0442\u0441\u0442\u0432\u0438\u0435 \u043c\u043e\u0442\u0438\u0432\u0430\u0446\u0438\u0438, \u0438\u0437\u043e\u043b\u044f\u0446\u0438\u044f \u043e\u0442 \u0431\u043b\u0438\u0437\u043a\u0438\u0445). \u041a\u0440\u043e\u043c\u0435 \u0442\u043e\u0433\u043e, \u044d\u0442\u0438 \u0441\u0438\u043c\u043f\u0442\u043e\u043c\u044b \u0440\u0430\u0437\u043b\u0438\u0447\u0430\u044e\u0442\u0441\u044f \u0432 \u0437\u0430\u0432\u0438\u0441\u0438\u043c\u043e\u0441\u0442\u0438 \u043e\u0442 \u0442\u0438\u043f\u0430 \u0434\u0435\u043f\u0440\u0435\u0441\u0441\u0438\u0438 (\u043f\u043e\u0441\u043b\u0435\u0440\u043e\u0434\u043e\u0432\u0430\u044f \u0434\u0435\u043f\u0440\u0435\u0441\u0441\u0438\u044f, \u0441\u0435\u0437\u043e\u043d\u043d\u0430\u044f, \u043c\u0430\u0441\u043a\u0438\u0440\u043e\u0432\u0430\u043d\u043d\u0430\u044f, \u0441\u0442\u0430\u0440\u0447\u0435\u0441\u043a\u0430\u044f \u0434\u0435\u043f\u0440\u0435\u0441\u0441\u0438\u044f, \u0434\u0438\u0441\u0442\u0438\u043c\u0438\u044f \u0438 \u0442. \u0434.) \u0438 \u0441\u0442\u0435\u043f\u0435\u043d\u0438 \u0442\u044f\u0436\u0435\u0441\u0442\u0438 (\u043b\u0451\u0433\u043a\u0430\u044f, \u0443\u043c\u0435\u0440\u0435\u043d\u043d\u0430\u044f, \u0442\u044f\u0436\u0451\u043b\u0430\u044f). \u041b\u044e\u0434\u0435\u0439 \u0441 \u0434\u0435\u043f\u0440\u0435\u0441\u0441\u0438\u0435\u0439 \u0447\u0430\u0441\u0442\u043e \u0441\u0442\u0438\u0433\u043c\u0430\u0442\u0438\u0437\u0438\u0440\u0443\u044e\u0442 \u2014 \u0438\u0445 \u043d\u0430\u0437\u044b\u0432\u0430\u044e\u0442 \u043b\u0435\u043d\u0438\u0432\u044b\u043c\u0438, \u043d\u0435\u0440\u0430\u0434\u0438\u0432\u044b\u043c\u0438; \u0438\u043c \u043d\u0435 \u0445\u0432\u0430\u0442\u0430\u0435\u0442 \u043f\u043e\u0434\u0434\u0435\u0440\u0436\u043a\u0438 \u0441\u043e \u0441\u0442\u043e\u0440\u043e\u043d\u044b \u0431\u043b\u0438\u0437\u043a\u0438\u0445, \u0443\u0432\u0430\u0436\u0435\u043d\u0438\u044f \u043a \u043d\u0438\u043c \u0438 \u0438\u0445 \u0431\u043e\u043b\u0435\u0437\u043d\u0438. \u041e\u0434\u043d\u0430\u043a\u043e \u0435\u0441\u0442\u044c \u0438 \u0442\u0435, \u043a\u0442\u043e \u0437\u0430\u043d\u0438\u043c\u0430\u0435\u0442\u0441\u044f \u0441\u0430\u043c\u043e\u0434\u0438\u0430\u0433\u043d\u043e\u0441\u0442\u0438\u043a\u043e\u0439, \u0443\u0442\u0432\u0435\u0440\u0436\u0434\u0430\u044f, \u0447\u0442\u043e \u0443 \u043d\u0438\u0445 \u0434\u0435\u043f\u0440\u0435\u0441\u0441\u0438\u044f. \u0412\u0430\u0436\u043d\u043e \u043f\u043e\u043d\u0438\u043c\u0430\u0442\u044c, \u0447\u0442\u043e \u043a\u0430\u0436\u0434\u044b\u0439 \u0447\u0435\u043b\u043e\u0432\u0435\u043a \u0441\u0442\u0430\u043b\u043a\u0438\u0432\u0430\u0435\u0442\u0441\u044f \u0441 \u0431\u043e\u043b\u0435\u0435 \u0441\u043b\u043e\u0436\u043d\u043e\u0439 \u0436\u0438\u0437\u043d\u0435\u043d\u043d\u043e\u0439 \u0441\u0438\u0442\u0443\u0430\u0446\u0438\u0435\u0439, \u043a\u043e\u0433\u0434\u0430 \u0433\u0440\u0443\u0441\u0442\u044c \u043d\u0435 \u043f\u0440\u043e\u0445\u043e\u0434\u0438\u0442 \u043a\u0430\u043a\u043e\u0435-\u0442\u043e \u0432\u0440\u0435\u043c\u044f, \u043d\u0430\u0441\u0442\u0443\u043f\u0430\u0435\u0442 \u043f\u043e\u0434\u0430\u0432\u043b\u0435\u043d\u043d\u043e\u0435 \u043d\u0430\u0441\u0442\u0440\u043e\u0435\u043d\u0438\u0435, \u0430\u043f\u0430\u0442\u0438\u044f, \u0438 \u043d\u0435 \u0445\u043e\u0447\u0435\u0442\u0441\u044f \u043d\u0438\u0447\u0435\u0433\u043e \u0434\u0435\u043b\u0430\u0442\u044c, \u043d\u043e \u044d\u0442\u043e \u043d\u0435 \u043e\u0431\u044f\u0437\u0430\u0442\u0435\u043b\u044c\u043d\u043e \u0431\u043e\u043b\u0435\u0437\u043d\u044c. \u0414\u0435\u043f\u0440\u0435\u0441\u0441\u0438\u044f \u2014 \u0447\u0440\u0435\u0437\u0432\u044b\u0447\u0430\u0439\u043d\u043e \u0441\u043b\u043e\u0436\u043d\u043e\u0435 \u0441\u043e\u0441\u0442\u043e\u044f\u043d\u0438\u0435, \u043a\u043e\u0442\u043e\u0440\u043e\u0435 \u0432\u043b\u0438\u044f\u0435\u0442 \u043d\u0430 \u043f\u043e\u0432\u0441\u0435\u0434\u043d\u0435\u0432\u043d\u0443\u044e \u0436\u0438\u0437\u043d\u044c \u0447\u0435\u043b\u043e\u0432\u0435\u043a\u0430, \u043e\u0441\u043b\u0430\u0431\u043b\u044f\u0435\u0442 \u0435\u0433\u043e \u044d\u043c\u043e\u0446\u0438\u043e\u043d\u0430\u043b\u044c\u043d\u043e\u0435 \u0438 \u0444\u0438\u0437\u0438\u0447\u0435\u0441\u043a\u043e\u0435 \u0431\u043b\u0430\u0433\u043e\u043f\u043e\u043b\u0443\u0447\u0438\u0435 \u0438 \u0431\u043e\u043b\u0435\u0437\u043d\u0435\u043d\u043d\u043e \u0432\u043b\u0438\u044f\u0435\u0442 \u043d\u0435 \u0442\u043e\u043b\u044c\u043a\u043e \u043d\u0430 \u0441\u0430\u043c\u043e\u0433\u043e \u0441\u0442\u0440\u0430\u0434\u0430\u044e\u0449\u0435\u0433\u043e, \u043d\u043e \u0438 \u043d\u0430 \u0435\u0433\u043e \u0431\u043b\u0438\u0437\u043a\u0438\u0445. \u0414\u0438\u0430\u0433\u043d\u043e\u0441\u0442\u0438\u0440\u043e\u0432\u0430\u0442\u044c \u0435\u0451 \u043c\u043e\u0436\u0435\u0442 \u0442\u043e\u043b\u044c\u043a\u043e \u0433\u0440\u0430\u043c\u043e\u0442\u043d\u044b\u0439 \u0441\u043f\u0435\u0446\u0438\u0430\u043b\u0438\u0441\u0442, \u043f\u043e\u044d\u0442\u043e\u043c\u0443 \u043e\u0447\u0435\u043d\u044c \u0432\u0430\u0436\u043d\u043e \u043a\u0430\u043a \u043c\u043e\u0436\u043d\u043e \u0440\u0430\u043d\u044c\u0448\u0435 \u043e\u0431\u0440\u0430\u0442\u0438\u0442\u044c\u0441\u044f \u0437\u0430 \u043f\u043e\u043c\u043e\u0449\u044c\u044e \u0438 \u043d\u0430\u0439\u0442\u0438 \u0441\u043f\u043e\u0441\u043e\u0431\u044b \u043f\u043e\u043c\u043e\u0447\u044c \u0435\u043c\u0443 \u0432\u043e\u0441\u0441\u0442\u0430\u043d\u043e\u0432\u0438\u0442\u044c\u0441\u044f \u0438 \u0441\u0442\u0430\u0442\u044c \u0441\u0438\u043b\u044c\u043d\u0435\u0435.\t\t\t\t\t\t\t\t<\/div>\n\t\t\t\t<\/div>\n\t\t\t\t\t<\/div>\n\t\t<\/div>\n\t\t\t\t\t<\/div>\n\t\t<\/section>\n\t\t\t\t<section class=\"elementor-section elementor-top-section elementor-element elementor-element-4ce110d4 elementor-section-boxed elementor-section-height-default elementor-section-height-default parallax_section_no qode_elementor_container_no\" data-id=\"4ce110d4\" data-element_type=\"section\">\n\t\t\t\t\t\t<div class=\"elementor-container elementor-column-gap-default\">\n\t\t\t\t\t<div class=\"elementor-column elementor-col-100 elementor-top-column elementor-element elementor-element-1faa84e6\" data-id=\"1faa84e6\" data-element_type=\"column\">\n\t\t\t<div class=\"elementor-widget-wrap elementor-element-populated\">\n\t\t\t\t\t\t<div class=\"elementor-element elementor-element-414c8b40 elementor-align-center elementor-widget elementor-widget-button\" data-id=\"414c8b40\" data-element_type=\"widget\" data-widget_type=\"button.default\">\n\t\t\t\t<div class=\"elementor-widget-container\">\n\t\t\t\t\t\t\t\t\t<div class=\"elementor-button-wrapper\">\n\t\t\t\t\t<a class=\"elementor-button elementor-button-link elementor-size-md\" href=\"https:\/\/galibuti.lt\/ru\/%d0%b1%d0%b5%d1%81%d0%bf%d0%be%d0%ba%d0%be%d0%b9%d1%81%d1%82%d0%b2%d0%be\/\">\n\t\t\t\t\t\t<span class=\"elementor-button-content-wrapper\">\n\t\t\t\t\t\t\t\t\t<span class=\"elementor-button-text\">\u0417\u0430\u0440\u0435\u0433\u0438\u0441\u0442\u0440\u0438\u0440\u043e\u0432\u0430\u0442\u044c\u0441\u044f<\/span>\n\t\t\t\t\t<\/span>\n\t\t\t\t\t<\/a>\n\t\t\t\t<\/div>\n\t\t\t\t\t\t\t\t<\/div>\n\t\t\t\t<\/div>\n\t\t\t\t\t<\/div>\n\t\t<\/div>\n\t\t\t\t\t<\/div>\n\t\t<\/section>\n\t\t\t\t<\/div>","protected":false},"excerpt":{"rendered":"<p>Depresija Depresija \u2013 tai \u012fvairi\u0173 vidini\u0173 ir i\u0161orini\u0173 veiksni\u0173 lemtas psichikos sutrikimas, da\u017eniausiai pasirei\u0161kiantis prisl\u0117gtumu, apatija, energijos ir motyvacijos stoka, nuotaik\u0173 kaita. Turint polink\u012f \u012f depresij\u0105 arba ja sergant, neretai kyla min\u010di\u0173 apie savi\u017eudyb\u0119, atsiranda poreikis save \u017ealoti. Kaip matyti, apie galim\u0105 depresij\u0105 \u012fsp\u0117jan\u010di\u0173 po\u017eymi\u0173&#8230;<\/p>","protected":false},"author":77,"featured_media":0,"parent":0,"menu_order":0,"comment_status":"closed","ping_status":"closed","template":"","meta":{"inline_featured_image":false,"footnotes":""},"class_list":["post-3601","page","type-page","status-publish","hentry"],"yoast_head":"<!-- This site is optimized with the Yoast SEO plugin v27.3 - https:\/\/yoast.com\/product\/yoast-seo-wordpress\/ -->\n<title>Depresijos klausimai - Gali b\u016bti<\/title>\n<meta name=\"robots\" content=\"index, follow, max-snippet:-1, max-image-preview:large, max-video-preview:-1\" \/>\n<link rel=\"canonical\" href=\"https:\/\/galibuti.lt\/ru\/\u043f\u0440\u043e\u0431\u043b\u0435\u043c\u044b-\u0441-\u0434\u0435\u043f\u0440\u0435\u0441\u0441\u0438\u0435\u0439\/\" \/>\n<meta property=\"og:locale\" content=\"ru_RU\" \/>\n<meta property=\"og:type\" content=\"article\" \/>\n<meta property=\"og:title\" content=\"Depresijos klausimai - Gali b\u016bti\" \/>\n<meta property=\"og:description\" content=\"Depresija Depresija \u2013 tai \u012fvairi\u0173 vidini\u0173 ir i\u0161orini\u0173 veiksni\u0173 lemtas psichikos sutrikimas, da\u017eniausiai pasirei\u0161kiantis prisl\u0117gtumu, apatija, energijos ir motyvacijos stoka, nuotaik\u0173 kaita. Turint polink\u012f \u012f depresij\u0105 arba ja sergant, neretai kyla min\u010di\u0173 apie savi\u017eudyb\u0119, atsiranda poreikis save \u017ealoti. Kaip matyti, apie galim\u0105 depresij\u0105 \u012fsp\u0117jan\u010di\u0173 po\u017eymi\u0173...\" \/>\n<meta property=\"og:url\" content=\"https:\/\/galibuti.lt\/ru\/\u043f\u0440\u043e\u0431\u043b\u0435\u043c\u044b-\u0441-\u0434\u0435\u043f\u0440\u0435\u0441\u0441\u0438\u0435\u0439\/\" \/>\n<meta property=\"og:site_name\" content=\"Gali b\u016bti\" \/>\n<meta property=\"article:publisher\" content=\"https:\/\/www.facebook.com\/galibuti.lt\" \/>\n<meta property=\"article:modified_time\" content=\"2024-09-29T13:54:51+00:00\" \/>\n<meta property=\"og:image\" content=\"https:\/\/galibuti.lt\/wp-content\/uploads\/2022\/04\/Galibuti_depresija_1140x684-1024x614.jpg\" \/>\n<meta name=\"twitter:card\" content=\"summary_large_image\" \/>\n<meta name=\"twitter:label1\" content=\"\u041f\u0440\u0438\u043c\u0435\u0440\u043d\u043e\u0435 \u0432\u0440\u0435\u043c\u044f \u0434\u043b\u044f \u0447\u0442\u0435\u043d\u0438\u044f\" \/>\n\t<meta name=\"twitter:data1\" content=\"2 \u043c\u0438\u043d\u0443\u0442\u044b\" \/>\n<script type=\"application\/ld+json\" class=\"yoast-schema-graph\">{\"@context\":\"https:\\\/\\\/schema.org\",\"@graph\":[{\"@type\":\"WebPage\",\"@id\":\"https:\\\/\\\/galibuti.lt\\\/depresijos-klausimai\\\/\",\"url\":\"https:\\\/\\\/galibuti.lt\\\/depresijos-klausimai\\\/\",\"name\":\"Depresijos klausimai - Gali b\u016bti\",\"isPartOf\":{\"@id\":\"https:\\\/\\\/galibuti.lt\\\/#website\"},\"primaryImageOfPage\":{\"@id\":\"https:\\\/\\\/galibuti.lt\\\/depresijos-klausimai\\\/#primaryimage\"},\"image\":{\"@id\":\"https:\\\/\\\/galibuti.lt\\\/depresijos-klausimai\\\/#primaryimage\"},\"thumbnailUrl\":\"https:\\\/\\\/galibuti.lt\\\/wp-content\\\/uploads\\\/2022\\\/04\\\/Galibuti_depresija_1140x684-1024x614.jpg\",\"datePublished\":\"2022-04-10T16:00:48+00:00\",\"dateModified\":\"2024-09-29T13:54:51+00:00\",\"breadcrumb\":{\"@id\":\"https:\\\/\\\/galibuti.lt\\\/depresijos-klausimai\\\/#breadcrumb\"},\"inLanguage\":\"ru-RU\",\"potentialAction\":[{\"@type\":\"ReadAction\",\"target\":[\"https:\\\/\\\/galibuti.lt\\\/depresijos-klausimai\\\/\"]}]},{\"@type\":\"ImageObject\",\"inLanguage\":\"ru-RU\",\"@id\":\"https:\\\/\\\/galibuti.lt\\\/depresijos-klausimai\\\/#primaryimage\",\"url\":\"https:\\\/\\\/galibuti.lt\\\/wp-content\\\/uploads\\\/2022\\\/04\\\/Galibuti_depresija_1140x684-1024x614.jpg\",\"contentUrl\":\"https:\\\/\\\/galibuti.lt\\\/wp-content\\\/uploads\\\/2022\\\/04\\\/Galibuti_depresija_1140x684-1024x614.jpg\"},{\"@type\":\"BreadcrumbList\",\"@id\":\"https:\\\/\\\/galibuti.lt\\\/depresijos-klausimai\\\/#breadcrumb\",\"itemListElement\":[{\"@type\":\"ListItem\",\"position\":1,\"name\":\"Home\",\"item\":\"https:\\\/\\\/galibuti.lt\\\/\"},{\"@type\":\"ListItem\",\"position\":2,\"name\":\"Depresijos klausimai\"}]},{\"@type\":\"WebSite\",\"@id\":\"https:\\\/\\\/galibuti.lt\\\/#website\",\"url\":\"https:\\\/\\\/galibuti.lt\\\/\",\"name\":\"Gali b\u016bti\",\"description\":\"Psichologijos ir Psichiatrijos klinika\",\"publisher\":{\"@id\":\"https:\\\/\\\/galibuti.lt\\\/#organization\"},\"potentialAction\":[{\"@type\":\"SearchAction\",\"target\":{\"@type\":\"EntryPoint\",\"urlTemplate\":\"https:\\\/\\\/galibuti.lt\\\/?s={search_term_string}\"},\"query-input\":{\"@type\":\"PropertyValueSpecification\",\"valueRequired\":true,\"valueName\":\"search_term_string\"}}],\"inLanguage\":\"ru-RU\"},{\"@type\":\"Organization\",\"@id\":\"https:\\\/\\\/galibuti.lt\\\/#organization\",\"name\":\"Galibuti.lt\",\"url\":\"https:\\\/\\\/galibuti.lt\\\/\",\"logo\":{\"@type\":\"ImageObject\",\"inLanguage\":\"ru-RU\",\"@id\":\"https:\\\/\\\/galibuti.lt\\\/#\\\/schema\\\/logo\\\/image\\\/\",\"url\":\"https:\\\/\\\/galibuti.lt\\\/wp-content\\\/uploads\\\/2021\\\/05\\\/galibuti_logotipas-juodas-04.png\",\"contentUrl\":\"https:\\\/\\\/galibuti.lt\\\/wp-content\\\/uploads\\\/2021\\\/05\\\/galibuti_logotipas-juodas-04.png\",\"width\":315,\"height\":315,\"caption\":\"Galibuti.lt\"},\"image\":{\"@id\":\"https:\\\/\\\/galibuti.lt\\\/#\\\/schema\\\/logo\\\/image\\\/\"},\"sameAs\":[\"https:\\\/\\\/www.facebook.com\\\/galibuti.lt\"]}]}<\/script>\n<!-- \/ Yoast SEO plugin. -->","yoast_head_json":{"title":"\u041f\u0440\u043e\u0431\u043b\u0435\u043c\u044b \u0441 \u0434\u0435\u043f\u0440\u0435\u0441\u0441\u0438\u0435\u0439 - \u044d\u0442\u043e \u043c\u043e\u0436\u0435\u0442 \u0431\u044b\u0442\u044c","robots":{"index":"index","follow":"follow","max-snippet":"max-snippet:-1","max-image-preview":"max-image-preview:large","max-video-preview":"max-video-preview:-1"},"canonical":"https:\/\/galibuti.lt\/ru\/\u043f\u0440\u043e\u0431\u043b\u0435\u043c\u044b-\u0441-\u0434\u0435\u043f\u0440\u0435\u0441\u0441\u0438\u0435\u0439\/","og_locale":"ru_RU","og_type":"article","og_title":"Depresijos klausimai - Gali b\u016bti","og_description":"Depresija Depresija \u2013 tai \u012fvairi\u0173 vidini\u0173 ir i\u0161orini\u0173 veiksni\u0173 lemtas psichikos sutrikimas, da\u017eniausiai pasirei\u0161kiantis prisl\u0117gtumu, apatija, energijos ir motyvacijos stoka, nuotaik\u0173 kaita. Turint polink\u012f \u012f depresij\u0105 arba ja sergant, neretai kyla min\u010di\u0173 apie savi\u017eudyb\u0119, atsiranda poreikis save \u017ealoti. Kaip matyti, apie galim\u0105 depresij\u0105 \u012fsp\u0117jan\u010di\u0173 po\u017eymi\u0173...","og_url":"https:\/\/galibuti.lt\/ru\/\u043f\u0440\u043e\u0431\u043b\u0435\u043c\u044b-\u0441-\u0434\u0435\u043f\u0440\u0435\u0441\u0441\u0438\u0435\u0439\/","og_site_name":"Gali b\u016bti","article_publisher":"https:\/\/www.facebook.com\/galibuti.lt","article_modified_time":"2024-09-29T13:54:51+00:00","og_image":[{"url":"https:\/\/galibuti.lt\/wp-content\/uploads\/2022\/04\/Galibuti_depresija_1140x684-1024x614.jpg","type":"","width":"","height":""}],"twitter_card":"summary_large_image","twitter_misc":{"\u041f\u0440\u0438\u043c\u0435\u0440\u043d\u043e\u0435 \u0432\u0440\u0435\u043c\u044f \u0434\u043b\u044f \u0447\u0442\u0435\u043d\u0438\u044f":"2 \u043c\u0438\u043d\u0443\u0442\u044b"},"schema":{"@context":"https:\/\/schema.org","@graph":[{"@type":"WebPage","@id":"https:\/\/galibuti.lt\/depresijos-klausimai\/","url":"https:\/\/galibuti.lt\/depresijos-klausimai\/","name":"\u041f\u0440\u043e\u0431\u043b\u0435\u043c\u044b \u0441 \u0434\u0435\u043f\u0440\u0435\u0441\u0441\u0438\u0435\u0439 - \u044d\u0442\u043e \u043c\u043e\u0436\u0435\u0442 \u0431\u044b\u0442\u044c","isPartOf":{"@id":"https:\/\/galibuti.lt\/#website"},"primaryImageOfPage":{"@id":"https:\/\/galibuti.lt\/depresijos-klausimai\/#primaryimage"},"image":{"@id":"https:\/\/galibuti.lt\/depresijos-klausimai\/#primaryimage"},"thumbnailUrl":"https:\/\/galibuti.lt\/wp-content\/uploads\/2022\/04\/Galibuti_depresija_1140x684-1024x614.jpg","datePublished":"2022-04-10T16:00:48+00:00","dateModified":"2024-09-29T13:54:51+00:00","breadcrumb":{"@id":"https:\/\/galibuti.lt\/depresijos-klausimai\/#breadcrumb"},"inLanguage":"ru-RU","potentialAction":[{"@type":"ReadAction","target":["https:\/\/galibuti.lt\/depresijos-klausimai\/"]}]},{"@type":"ImageObject","inLanguage":"ru-RU","@id":"https:\/\/galibuti.lt\/depresijos-klausimai\/#primaryimage","url":"https:\/\/galibuti.lt\/wp-content\/uploads\/2022\/04\/Galibuti_depresija_1140x684-1024x614.jpg","contentUrl":"https:\/\/galibuti.lt\/wp-content\/uploads\/2022\/04\/Galibuti_depresija_1140x684-1024x614.jpg"},{"@type":"BreadcrumbList","@id":"https:\/\/galibuti.lt\/depresijos-klausimai\/#breadcrumb","itemListElement":[{"@type":"ListItem","position":1,"name":"Home","item":"https:\/\/galibuti.lt\/"},{"@type":"ListItem","position":2,"name":"Depresijos klausimai"}]},{"@type":"WebSite","@id":"https:\/\/galibuti.lt\/#website","url":"https:\/\/galibuti.lt\/","name":"\u042d\u0442\u043e \u043c\u043e\u0436\u0435\u0442 \u0431\u044b\u0442\u044c","description":"\u041a\u043b\u0438\u043d\u0438\u043a\u0430 \u043f\u0441\u0438\u0445\u043e\u043b\u043e\u0433\u0438\u0438 \u0438 \u043f\u0441\u0438\u0445\u0438\u0430\u0442\u0440\u0438\u0438","publisher":{"@id":"https:\/\/galibuti.lt\/#organization"},"potentialAction":[{"@type":"SearchAction","target":{"@type":"EntryPoint","urlTemplate":"https:\/\/galibuti.lt\/?s={search_term_string}"},"query-input":{"@type":"PropertyValueSpecification","valueRequired":true,"valueName":"search_term_string"}}],"inLanguage":"ru-RU"},{"@type":"Organization","@id":"https:\/\/galibuti.lt\/#organization","name":"\u0413\u0430\u043b\u0438\u0431\u0443\u0442\u0438.lt","url":"https:\/\/galibuti.lt\/","logo":{"@type":"ImageObject","inLanguage":"ru-RU","@id":"https:\/\/galibuti.lt\/#\/schema\/logo\/image\/","url":"https:\/\/galibuti.lt\/wp-content\/uploads\/2021\/05\/galibuti_logotipas-juodas-04.png","contentUrl":"https:\/\/galibuti.lt\/wp-content\/uploads\/2021\/05\/galibuti_logotipas-juodas-04.png","width":315,"height":315,"caption":"Galibuti.lt"},"image":{"@id":"https:\/\/galibuti.lt\/#\/schema\/logo\/image\/"},"sameAs":["https:\/\/www.facebook.com\/galibuti.lt"]}]}},"_links":{"self":[{"href":"https:\/\/galibuti.lt\/ru\/wp-json\/wp\/v2\/pages\/3601","targetHints":{"allow":["GET"]}}],"collection":[{"href":"https:\/\/galibuti.lt\/ru\/wp-json\/wp\/v2\/pages"}],"about":[{"href":"https:\/\/galibuti.lt\/ru\/wp-json\/wp\/v2\/types\/page"}],"author":[{"embeddable":true,"href":"https:\/\/galibuti.lt\/ru\/wp-json\/wp\/v2\/users\/77"}],"replies":[{"embeddable":true,"href":"https:\/\/galibuti.lt\/ru\/wp-json\/wp\/v2\/comments?post=3601"}],"version-history":[{"count":13,"href":"https:\/\/galibuti.lt\/ru\/wp-json\/wp\/v2\/pages\/3601\/revisions"}],"predecessor-version":[{"id":7458,"href":"https:\/\/galibuti.lt\/ru\/wp-json\/wp\/v2\/pages\/3601\/revisions\/7458"}],"wp:attachment":[{"href":"https:\/\/galibuti.lt\/ru\/wp-json\/wp\/v2\/media?parent=3601"}],"curies":[{"name":"wp","href":"https:\/\/api.w.org\/{rel}","templated":true}]}}