{"id":1066,"date":"2021-02-02T15:49:36","date_gmt":"2021-02-02T17:49:36","guid":{"rendered":"https:\/\/galibuti.lt\/?page_id=1066"},"modified":"2021-02-02T15:49:57","modified_gmt":"2021-02-02T17:49:57","slug":"%d0%bf%d1%80%d0%be%d0%b1%d0%bb%d0%b5%d0%bc%d0%b8-%d1%83-%d1%81%d1%82%d0%be%d1%81%d1%83%d0%bd%d0%ba%d0%b0%d1%85","status":"publish","type":"page","link":"https:\/\/galibuti.lt\/uk\/%d0%bf%d1%80%d0%be%d0%b1%d0%bb%d0%b5%d0%bc%d0%b8-%d1%83-%d1%81%d1%82%d0%be%d1%81%d1%83%d0%bd%d0%ba%d0%b0%d1%85\/","title":{"rendered":"\u041f\u0440\u043e\u0431\u043b\u0435\u043c\u0438 \u0443 \u0441\u0442\u043e\u0441\u0443\u043d\u043a\u0430\u0445"},"content":{"rendered":"\t\t<div data-elementor-type=\"wp-page\" data-elementor-id=\"1066\" class=\"elementor elementor-1066\">\n\t\t\t\t\t\t<section class=\"elementor-section elementor-top-section elementor-element elementor-element-536e41aa elementor-section-boxed elementor-section-height-default elementor-section-height-default parallax_section_no qode_elementor_container_no\" data-id=\"536e41aa\" data-element_type=\"section\" data-settings=\"{&quot;background_background&quot;:&quot;classic&quot;}\">\n\t\t\t\t\t\t<div class=\"elementor-container elementor-column-gap-default\">\n\t\t\t\t\t<div class=\"elementor-column elementor-col-100 elementor-top-column elementor-element elementor-element-4c00e021\" data-id=\"4c00e021\" data-element_type=\"column\">\n\t\t\t<div class=\"elementor-widget-wrap elementor-element-populated\">\n\t\t\t\t\t\t<div class=\"elementor-element elementor-element-366f1252 elementor-widget elementor-widget-text-editor\" data-id=\"366f1252\" data-element_type=\"widget\" data-widget_type=\"text-editor.default\">\n\t\t\t\t<div class=\"elementor-widget-container\">\n\t\t\t\t\t\t\t\t\t<h3 style=\"text-align: center; color: #9d9d9d;\">Santyki\u0173 klausimai<\/h3><p><\/p>\t\t\t\t\t\t\t\t<\/div>\n\t\t\t\t<\/div>\n\t\t\t\t<div class=\"elementor-element elementor-element-a1c7c12 elementor-widget elementor-widget-text-editor\" data-id=\"a1c7c12\" data-element_type=\"widget\" data-widget_type=\"text-editor.default\">\n\t\t\t\t<div class=\"elementor-widget-container\">\n\t\t\t\t\t\t\t\t\t<p style=\"text-align: center; color: #9d9d9d;\">Nor\u0117dami u\u017esiregistruoti\u00a0 pasirinkite specialist\u0105 ir laik\u0105.<\/p><p><\/p>\t\t\t\t\t\t\t\t<\/div>\n\t\t\t\t<\/div>\n\t\t\t\t\t<\/div>\n\t\t<\/div>\n\t\t\t\t\t<\/div>\n\t\t<\/section>\n\t\t\t\t<section class=\"elementor-section elementor-top-section elementor-element elementor-element-8e0e715 elementor-section-boxed elementor-section-height-default elementor-section-height-default parallax_section_no qode_elementor_container_no\" data-id=\"8e0e715\" data-element_type=\"section\">\n\t\t\t\t\t\t<div class=\"elementor-container elementor-column-gap-default\">\n\t\t\t\t\t<div class=\"elementor-column elementor-col-100 elementor-top-column elementor-element elementor-element-a5ac888\" data-id=\"a5ac888\" data-element_type=\"column\">\n\t\t\t<div class=\"elementor-widget-wrap elementor-element-populated\">\n\t\t\t\t\t\t<div class=\"elementor-element elementor-element-359b683 elementor-widget elementor-widget-text-editor\" data-id=\"359b683\" data-element_type=\"widget\" data-widget_type=\"text-editor.default\">\n\t\t\t\t<div class=\"elementor-widget-container\">\n\t\t\t\t\t\t\t\t\t<p>\n<script>\n  if (typeof hasAmeliaEntitiesApiCall === 'undefined' && ('' === '' && '' !== '1')) {\n    var hasAmeliaEntitiesApiCall = true;\n  }\n  var ameliaShortcodeData = (typeof ameliaShortcodeData === 'undefined') ? [] : ameliaShortcodeData;\n  ameliaShortcodeData.push(\n    {\n      'hasApiCall': (typeof hasAmeliaEntitiesApiCall !== 'undefined') && hasAmeliaEntitiesApiCall,\n      'trigger': '',\n      'trigger_type': '',\n      'triggered_form': 'sbsNew',\n      'in_dialog': '',\n      'show': '',\n      'counter': '1000',\n      'category': '',\n      'service': '16',\n      'employee': '',\n      'location': '',\n      'package': '',\n      'layout': '',\n    }\n  );\n\n  var ameliaShortcodeDataTriggered = (typeof ameliaShortcodeDataTriggered === 'undefined') ? [] : ameliaShortcodeDataTriggered;\n  if (ameliaShortcodeData[ameliaShortcodeData.length - 1].trigger !== '') {\n    if (ameliaShortcodeDataTriggered.filter(a => a.counter === ameliaShortcodeData[ameliaShortcodeData.length - 1].counter).length === 0) {\n      ameliaShortcodeDataTriggered.push(ameliaShortcodeData.pop());\n    } else {\n      ameliaShortcodeData.pop()\n    }\n  }\n  if (typeof hasAmeliaEntitiesApiCall !== 'undefined' && hasAmeliaEntitiesApiCall) {\n    hasAmeliaEntitiesApiCall = false;\n  }\n<\/script>\n\n<div\n  id=\"amelia-v2-booking-1000\"\n  class=\"amelia-v2-booking\"\n >\n    <step-form-wrapper><\/step-form-wrapper><\/div>\n<\/p><p><\/p>\t\t\t\t\t\t\t\t<\/div>\n\t\t\t\t<\/div>\n\t\t\t\t\t<\/div>\n\t\t<\/div>\n\t\t\t\t\t<\/div>\n\t\t<\/section>\n\t\t\t\t<\/div>\n\t\t","protected":false},"excerpt":{"rendered":"<p>\u041f\u0440\u043e\u0431\u043b\u0435\u043c\u0438 \u0443 \u0441\u0442\u043e\u0441\u0443\u043d\u043a\u0430\u0445. \u0429\u043e\u0431 \u0437\u0430\u0440\u0435\u0454\u0441\u0442\u0440\u0443\u0432\u0430\u0442\u0438\u0441\u044f, \u0432\u0438\u0431\u0435\u0440\u0456\u0442\u044c \u0441\u043f\u0435\u0446\u0456\u0430\u043b\u0456\u0441\u0442\u0430 \u0442\u0430 \u0447\u0430\u0441.<\/p>","protected":false},"author":77,"featured_media":0,"parent":0,"menu_order":0,"comment_status":"closed","ping_status":"closed","template":"full_width.php","meta":{"inline_featured_image":false,"footnotes":""},"class_list":["post-1066","page","type-page","status-publish","hentry"],"yoast_head":"<!-- This site is optimized with the Yoast SEO plugin v27.3 - https:\/\/yoast.com\/product\/yoast-seo-wordpress\/ -->\n<title>Santyki\u0173 klausimai - Gali b\u016bti<\/title>\n<meta name=\"robots\" content=\"index, follow, max-snippet:-1, max-image-preview:large, max-video-preview:-1\" \/>\n<link rel=\"canonical\" href=\"https:\/\/galibuti.lt\/uk\/\u043f\u0440\u043e\u0431\u043b\u0435\u043c\u0438-\u0443-\u0441\u0442\u043e\u0441\u0443\u043d\u043a\u0430\u0445\/\" \/>\n<meta property=\"og:locale\" content=\"uk_UA\" \/>\n<meta property=\"og:type\" content=\"article\" \/>\n<meta property=\"og:title\" content=\"Santyki\u0173 klausimai - Gali b\u016bti\" \/>\n<meta property=\"og:description\" content=\"Santyki\u0173 klausimai Nor\u0117dami u\u017esiregistruoti\u00a0 pasirinkite specialist\u0105 ir laik\u0105.\" \/>\n<meta property=\"og:url\" content=\"https:\/\/galibuti.lt\/uk\/\u043f\u0440\u043e\u0431\u043b\u0435\u043c\u0438-\u0443-\u0441\u0442\u043e\u0441\u0443\u043d\u043a\u0430\u0445\/\" \/>\n<meta property=\"og:site_name\" content=\"Gali b\u016bti\" \/>\n<meta property=\"article:publisher\" content=\"https:\/\/www.facebook.com\/galibuti.lt\" \/>\n<meta property=\"article:modified_time\" content=\"2021-02-02T17:49:57+00:00\" \/>\n<meta name=\"twitter:card\" content=\"summary_large_image\" \/>\n<script type=\"application\/ld+json\" class=\"yoast-schema-graph\">{\"@context\":\"https:\\\/\\\/schema.org\",\"@graph\":[{\"@type\":\"WebPage\",\"@id\":\"https:\\\/\\\/galibuti.lt\\\/santykiu-klausimai\\\/\",\"url\":\"https:\\\/\\\/galibuti.lt\\\/santykiu-klausimai\\\/\",\"name\":\"Santyki\u0173 klausimai - Gali b\u016bti\",\"isPartOf\":{\"@id\":\"https:\\\/\\\/galibuti.lt\\\/#website\"},\"datePublished\":\"2021-02-02T17:49:36+00:00\",\"dateModified\":\"2021-02-02T17:49:57+00:00\",\"breadcrumb\":{\"@id\":\"https:\\\/\\\/galibuti.lt\\\/santykiu-klausimai\\\/#breadcrumb\"},\"inLanguage\":\"uk\",\"potentialAction\":[{\"@type\":\"ReadAction\",\"target\":[\"https:\\\/\\\/galibuti.lt\\\/santykiu-klausimai\\\/\"]}]},{\"@type\":\"BreadcrumbList\",\"@id\":\"https:\\\/\\\/galibuti.lt\\\/santykiu-klausimai\\\/#breadcrumb\",\"itemListElement\":[{\"@type\":\"ListItem\",\"position\":1,\"name\":\"Home\",\"item\":\"https:\\\/\\\/galibuti.lt\\\/\"},{\"@type\":\"ListItem\",\"position\":2,\"name\":\"Santyki\u0173 klausimai\"}]},{\"@type\":\"WebSite\",\"@id\":\"https:\\\/\\\/galibuti.lt\\\/#website\",\"url\":\"https:\\\/\\\/galibuti.lt\\\/\",\"name\":\"Gali b\u016bti\",\"description\":\"Psichologijos ir Psichiatrijos klinika\",\"publisher\":{\"@id\":\"https:\\\/\\\/galibuti.lt\\\/#organization\"},\"potentialAction\":[{\"@type\":\"SearchAction\",\"target\":{\"@type\":\"EntryPoint\",\"urlTemplate\":\"https:\\\/\\\/galibuti.lt\\\/?s={search_term_string}\"},\"query-input\":{\"@type\":\"PropertyValueSpecification\",\"valueRequired\":true,\"valueName\":\"search_term_string\"}}],\"inLanguage\":\"uk\"},{\"@type\":\"Organization\",\"@id\":\"https:\\\/\\\/galibuti.lt\\\/#organization\",\"name\":\"Galibuti.lt\",\"url\":\"https:\\\/\\\/galibuti.lt\\\/\",\"logo\":{\"@type\":\"ImageObject\",\"inLanguage\":\"uk\",\"@id\":\"https:\\\/\\\/galibuti.lt\\\/#\\\/schema\\\/logo\\\/image\\\/\",\"url\":\"https:\\\/\\\/galibuti.lt\\\/wp-content\\\/uploads\\\/2021\\\/05\\\/galibuti_logotipas-juodas-04.png\",\"contentUrl\":\"https:\\\/\\\/galibuti.lt\\\/wp-content\\\/uploads\\\/2021\\\/05\\\/galibuti_logotipas-juodas-04.png\",\"width\":315,\"height\":315,\"caption\":\"Galibuti.lt\"},\"image\":{\"@id\":\"https:\\\/\\\/galibuti.lt\\\/#\\\/schema\\\/logo\\\/image\\\/\"},\"sameAs\":[\"https:\\\/\\\/www.facebook.com\\\/galibuti.lt\"]}]}<\/script>\n<!-- \/ Yoast SEO plugin. -->","yoast_head_json":{"title":"\u041f\u0440\u043e\u0431\u043b\u0435\u043c\u0438 \u0443 \u0441\u0442\u043e\u0441\u0443\u043d\u043a\u0430\u0445 \u2013 \u043c\u043e\u0436\u043b\u0438\u0432\u043e","robots":{"index":"index","follow":"follow","max-snippet":"max-snippet:-1","max-image-preview":"max-image-preview:large","max-video-preview":"max-video-preview:-1"},"canonical":"https:\/\/galibuti.lt\/uk\/\u043f\u0440\u043e\u0431\u043b\u0435\u043c\u0438-\u0443-\u0441\u0442\u043e\u0441\u0443\u043d\u043a\u0430\u0445\/","og_locale":"uk_UA","og_type":"article","og_title":"Santyki\u0173 klausimai - Gali b\u016bti","og_description":"Santyki\u0173 klausimai Nor\u0117dami u\u017esiregistruoti\u00a0 pasirinkite specialist\u0105 ir laik\u0105.","og_url":"https:\/\/galibuti.lt\/uk\/\u043f\u0440\u043e\u0431\u043b\u0435\u043c\u0438-\u0443-\u0441\u0442\u043e\u0441\u0443\u043d\u043a\u0430\u0445\/","og_site_name":"Gali b\u016bti","article_publisher":"https:\/\/www.facebook.com\/galibuti.lt","article_modified_time":"2021-02-02T17:49:57+00:00","twitter_card":"summary_large_image","schema":{"@context":"https:\/\/schema.org","@graph":[{"@type":"WebPage","@id":"https:\/\/galibuti.lt\/santykiu-klausimai\/","url":"https:\/\/galibuti.lt\/santykiu-klausimai\/","name":"\u041f\u0440\u043e\u0431\u043b\u0435\u043c\u0438 \u0443 \u0441\u0442\u043e\u0441\u0443\u043d\u043a\u0430\u0445 \u2013 \u043c\u043e\u0436\u043b\u0438\u0432\u043e","isPartOf":{"@id":"https:\/\/galibuti.lt\/#website"},"datePublished":"2021-02-02T17:49:36+00:00","dateModified":"2021-02-02T17:49:57+00:00","breadcrumb":{"@id":"https:\/\/galibuti.lt\/santykiu-klausimai\/#breadcrumb"},"inLanguage":"uk","potentialAction":[{"@type":"ReadAction","target":["https:\/\/galibuti.lt\/santykiu-klausimai\/"]}]},{"@type":"BreadcrumbList","@id":"https:\/\/galibuti.lt\/santykiu-klausimai\/#breadcrumb","itemListElement":[{"@type":"ListItem","position":1,"name":"Home","item":"https:\/\/galibuti.lt\/"},{"@type":"ListItem","position":2,"name":"Santyki\u0173 klausimai"}]},{"@type":"WebSite","@id":"https:\/\/galibuti.lt\/#website","url":"https:\/\/galibuti.lt\/","name":"\u041c\u043e\u0436\u043b\u0438\u0432\u043e,","description":"\u041a\u043b\u0456\u043d\u0456\u043a\u0430 \u043f\u0441\u0438\u0445\u043e\u043b\u043e\u0433\u0456\u0457 \u0442\u0430 \u043f\u0441\u0438\u0445\u0456\u0430\u0442\u0440\u0456\u0457","publisher":{"@id":"https:\/\/galibuti.lt\/#organization"},"potentialAction":[{"@type":"SearchAction","target":{"@type":"EntryPoint","urlTemplate":"https:\/\/galibuti.lt\/?s={search_term_string}"},"query-input":{"@type":"PropertyValueSpecification","valueRequired":true,"valueName":"search_term_string"}}],"inLanguage":"uk"},{"@type":"Organization","@id":"https:\/\/galibuti.lt\/#organization","name":"Galibuti.lt","url":"https:\/\/galibuti.lt\/","logo":{"@type":"ImageObject","inLanguage":"uk","@id":"https:\/\/galibuti.lt\/#\/schema\/logo\/image\/","url":"https:\/\/galibuti.lt\/wp-content\/uploads\/2021\/05\/galibuti_logotipas-juodas-04.png","contentUrl":"https:\/\/galibuti.lt\/wp-content\/uploads\/2021\/05\/galibuti_logotipas-juodas-04.png","width":315,"height":315,"caption":"Galibuti.lt"},"image":{"@id":"https:\/\/galibuti.lt\/#\/schema\/logo\/image\/"},"sameAs":["https:\/\/www.facebook.com\/galibuti.lt"]}]}},"_links":{"self":[{"href":"https:\/\/galibuti.lt\/uk\/wp-json\/wp\/v2\/pages\/1066","targetHints":{"allow":["GET"]}}],"collection":[{"href":"https:\/\/galibuti.lt\/uk\/wp-json\/wp\/v2\/pages"}],"about":[{"href":"https:\/\/galibuti.lt\/uk\/wp-json\/wp\/v2\/types\/page"}],"author":[{"embeddable":true,"href":"https:\/\/galibuti.lt\/uk\/wp-json\/wp\/v2\/users\/77"}],"replies":[{"embeddable":true,"href":"https:\/\/galibuti.lt\/uk\/wp-json\/wp\/v2\/comments?post=1066"}],"version-history":[{"count":4,"href":"https:\/\/galibuti.lt\/uk\/wp-json\/wp\/v2\/pages\/1066\/revisions"}],"predecessor-version":[{"id":1070,"href":"https:\/\/galibuti.lt\/uk\/wp-json\/wp\/v2\/pages\/1066\/revisions\/1070"}],"wp:attachment":[{"href":"https:\/\/galibuti.lt\/uk\/wp-json\/wp\/v2\/media?parent=1066"}],"curies":[{"name":"wp","href":"https:\/\/api.w.org\/{rel}","templated":true}]}}