{"id":3053,"date":"2021-10-20T17:33:45","date_gmt":"2021-10-20T15:33:45","guid":{"rendered":"https:\/\/galibuti.lt\/?page_id=3053"},"modified":"2021-10-20T20:26:22","modified_gmt":"2021-10-20T18:26:22","slug":"%d1%80%d0%b5%d1%94%d1%81%d1%82%d1%80%d0%b0%d1%86%d1%96%d1%8f-%d1%83-%d0%bb%d0%b0%d1%83%d1%80%d0%b8","status":"publish","type":"page","link":"https:\/\/galibuti.lt\/uk\/%d1%80%d0%b5%d1%94%d1%81%d1%82%d1%80%d0%b0%d1%86%d1%96%d1%8f-%d1%83-%d0%bb%d0%b0%d1%83%d1%80%d0%b8\/","title":{"rendered":"\u0420\u0435\u0454\u0441\u0442\u0440\u0430\u0446\u0456\u044f \u0443 \u041b\u0430\u0443\u0440\u0438"},"content":{"rendered":"\t\t<div data-elementor-type=\"wp-page\" data-elementor-id=\"3053\" class=\"elementor elementor-3053\">\n\t\t\t\t\t\t<section class=\"elementor-section elementor-top-section elementor-element elementor-element-6422f109 elementor-section-boxed elementor-section-height-default elementor-section-height-default parallax_section_no qode_elementor_container_no\" data-id=\"6422f109\" data-element_type=\"section\" data-settings=\"{&quot;background_background&quot;:&quot;classic&quot;}\">\n\t\t\t\t\t\t<div class=\"elementor-container elementor-column-gap-default\">\n\t\t\t\t\t<div class=\"elementor-column elementor-col-100 elementor-top-column elementor-element elementor-element-42b3b25c\" data-id=\"42b3b25c\" data-element_type=\"column\">\n\t\t\t<div class=\"elementor-widget-wrap elementor-element-populated\">\n\t\t\t\t\t\t<div class=\"elementor-element elementor-element-11555cd2 elementor-widget elementor-widget-text-editor\" data-id=\"11555cd2\" data-element_type=\"widget\" data-widget_type=\"text-editor.default\">\n\t\t\t\t<div class=\"elementor-widget-container\">\n\t\t\t\t\t\t\t\t\t<h3 style=\"text-align: center; color: #9d9d9d;\">Registracija pas Laur\u0105<\/h3>\n<p><\/p>\t\t\t\t\t\t\t\t<\/div>\n\t\t\t\t<\/div>\n\t\t\t\t<div class=\"elementor-element elementor-element-412a08c elementor-widget elementor-widget-text-editor\" data-id=\"412a08c\" data-element_type=\"widget\" data-widget_type=\"text-editor.default\">\n\t\t\t\t<div class=\"elementor-widget-container\">\n\t\t\t\t\t\t\t\t\t<p style=\"text-align: center; color: #9d9d9d;\">Nor\u0117dami u\u017esiregistruoti pas m\u016bs\u0173 specialist\u0105, pasirinkite jus dominan\u010di\u0105 tem\u0105 ir laik\u0105.<\/p>\t\t\t\t\t\t\t\t<\/div>\n\t\t\t\t<\/div>\n\t\t\t\t\t<\/div>\n\t\t<\/div>\n\t\t\t\t\t<\/div>\n\t\t<\/section>\n\t\t\t\t<section class=\"elementor-section elementor-top-section elementor-element elementor-element-201a8020 elementor-section-boxed elementor-section-height-default elementor-section-height-default parallax_section_no qode_elementor_container_no\" data-id=\"201a8020\" data-element_type=\"section\">\n\t\t\t\t\t\t<div class=\"elementor-container elementor-column-gap-default\">\n\t\t\t\t\t<div class=\"elementor-column elementor-col-100 elementor-top-column elementor-element elementor-element-63c05d40\" data-id=\"63c05d40\" data-element_type=\"column\">\n\t\t\t<div class=\"elementor-widget-wrap elementor-element-populated\">\n\t\t\t\t\t\t<div class=\"elementor-element elementor-element-1a088b82 elementor-widget elementor-widget-text-editor\" data-id=\"1a088b82\" data-element_type=\"widget\" data-widget_type=\"text-editor.default\">\n\t\t\t\t<div class=\"elementor-widget-container\">\n\t\t\t\t\t\t\t\t\t<p>\n<script>\n  if (typeof hasAmeliaEntitiesApiCall === 'undefined' && ('' === '' && '' !== '1')) {\n    var hasAmeliaEntitiesApiCall = true;\n  }\n  var ameliaShortcodeData = (typeof ameliaShortcodeData === 'undefined') ? [] : ameliaShortcodeData;\n  ameliaShortcodeData.push(\n    {\n      'hasApiCall': (typeof hasAmeliaEntitiesApiCall !== 'undefined') && hasAmeliaEntitiesApiCall,\n      'trigger': '',\n      'trigger_type': '',\n      'triggered_form': 'sbsNew',\n      'in_dialog': '',\n      'show': '',\n      'counter': '1000',\n      'category': '',\n      'service': '',\n      'employee': '332',\n      'location': '',\n      'package': '',\n      'layout': '',\n    }\n  );\n\n  var ameliaShortcodeDataTriggered = (typeof ameliaShortcodeDataTriggered === 'undefined') ? [] : ameliaShortcodeDataTriggered;\n  if (ameliaShortcodeData[ameliaShortcodeData.length - 1].trigger !== '') {\n    if (ameliaShortcodeDataTriggered.filter(a => a.counter === ameliaShortcodeData[ameliaShortcodeData.length - 1].counter).length === 0) {\n      ameliaShortcodeDataTriggered.push(ameliaShortcodeData.pop());\n    } else {\n      ameliaShortcodeData.pop()\n    }\n  }\n  if (typeof hasAmeliaEntitiesApiCall !== 'undefined' && hasAmeliaEntitiesApiCall) {\n    hasAmeliaEntitiesApiCall = false;\n  }\n<\/script>\n\n<div\n  id=\"amelia-v2-booking-1000\"\n  class=\"amelia-v2-booking\"\n >\n    <step-form-wrapper><\/step-form-wrapper><\/div>\n<\/p>\t\t\t\t\t\t\t\t<\/div>\n\t\t\t\t<\/div>\n\t\t\t\t\t<\/div>\n\t\t<\/div>\n\t\t\t\t\t<\/div>\n\t\t<\/section>\n\t\t\t\t<\/div>\n\t\t","protected":false},"excerpt":{"rendered":"<p>\u0420\u0435\u0454\u0441\u0442\u0440\u0430\u0446\u0456\u044f \u0443 \u041b\u0430\u0443\u0440\u0438 \u0429\u043e\u0431 \u0437\u0430\u0440\u0435\u0454\u0441\u0442\u0440\u0443\u0432\u0430\u0442\u0438\u0441\u044f \u0443 \u043d\u0430\u0448\u043e\u0433\u043e \u0441\u043f\u0435\u0446\u0456\u0430\u043b\u0456\u0441\u0442\u0430, \u0432\u0438\u0431\u0435\u0440\u0456\u0442\u044c \u0442\u0435\u043c\u0443 \u0442\u0430 \u0447\u0430\u0441, \u044f\u043a\u0456 \u0432\u0430\u0441 \u0446\u0456\u043a\u0430\u0432\u043b\u044f\u0442\u044c.<\/p>","protected":false},"author":77,"featured_media":0,"parent":0,"menu_order":0,"comment_status":"closed","ping_status":"closed","template":"","meta":{"inline_featured_image":false,"footnotes":""},"class_list":["post-3053","page","type-page","status-publish","hentry"],"yoast_head":"<!-- This site is optimized with the Yoast SEO plugin v27.3 - https:\/\/yoast.com\/product\/yoast-seo-wordpress\/ -->\n<title>Registracija pas Laur\u0105 - Gali b\u016bti<\/title>\n<meta name=\"robots\" content=\"index, follow, max-snippet:-1, max-image-preview:large, max-video-preview:-1\" \/>\n<link rel=\"canonical\" href=\"https:\/\/galibuti.lt\/uk\/\u0440\u0435\u0454\u0441\u0442\u0440\u0430\u0446\u0456\u044f-\u0443-\u043b\u0430\u0443\u0440\u0438\/\" \/>\n<meta property=\"og:locale\" content=\"uk_UA\" \/>\n<meta property=\"og:type\" content=\"article\" \/>\n<meta property=\"og:title\" content=\"Registracija pas Laur\u0105 - Gali b\u016bti\" \/>\n<meta property=\"og:description\" content=\"Registracija pas Laur\u0105 Nor\u0117dami u\u017esiregistruoti pas m\u016bs\u0173 specialist\u0105, pasirinkite jus dominan\u010di\u0105 tem\u0105 ir laik\u0105.\" \/>\n<meta property=\"og:url\" content=\"https:\/\/galibuti.lt\/uk\/\u0440\u0435\u0454\u0441\u0442\u0440\u0430\u0446\u0456\u044f-\u0443-\u043b\u0430\u0443\u0440\u0438\/\" \/>\n<meta property=\"og:site_name\" content=\"Gali b\u016bti\" \/>\n<meta property=\"article:publisher\" content=\"https:\/\/www.facebook.com\/galibuti.lt\" \/>\n<meta property=\"article:modified_time\" content=\"2021-10-20T18:26:22+00:00\" \/>\n<meta name=\"twitter:card\" content=\"summary_large_image\" \/>\n<script type=\"application\/ld+json\" class=\"yoast-schema-graph\">{\"@context\":\"https:\\\/\\\/schema.org\",\"@graph\":[{\"@type\":\"WebPage\",\"@id\":\"https:\\\/\\\/galibuti.lt\\\/registracija-pas-laura\\\/\",\"url\":\"https:\\\/\\\/galibuti.lt\\\/registracija-pas-laura\\\/\",\"name\":\"Registracija pas Laur\u0105 - Gali b\u016bti\",\"isPartOf\":{\"@id\":\"https:\\\/\\\/galibuti.lt\\\/#website\"},\"datePublished\":\"2021-10-20T15:33:45+00:00\",\"dateModified\":\"2021-10-20T18:26:22+00:00\",\"breadcrumb\":{\"@id\":\"https:\\\/\\\/galibuti.lt\\\/registracija-pas-laura\\\/#breadcrumb\"},\"inLanguage\":\"uk\",\"potentialAction\":[{\"@type\":\"ReadAction\",\"target\":[\"https:\\\/\\\/galibuti.lt\\\/registracija-pas-laura\\\/\"]}]},{\"@type\":\"BreadcrumbList\",\"@id\":\"https:\\\/\\\/galibuti.lt\\\/registracija-pas-laura\\\/#breadcrumb\",\"itemListElement\":[{\"@type\":\"ListItem\",\"position\":1,\"name\":\"Home\",\"item\":\"https:\\\/\\\/galibuti.lt\\\/\"},{\"@type\":\"ListItem\",\"position\":2,\"name\":\"Registracija pas Laur\u0105\"}]},{\"@type\":\"WebSite\",\"@id\":\"https:\\\/\\\/galibuti.lt\\\/#website\",\"url\":\"https:\\\/\\\/galibuti.lt\\\/\",\"name\":\"Gali b\u016bti\",\"description\":\"Psichologijos ir Psichiatrijos klinika\",\"publisher\":{\"@id\":\"https:\\\/\\\/galibuti.lt\\\/#organization\"},\"potentialAction\":[{\"@type\":\"SearchAction\",\"target\":{\"@type\":\"EntryPoint\",\"urlTemplate\":\"https:\\\/\\\/galibuti.lt\\\/?s={search_term_string}\"},\"query-input\":{\"@type\":\"PropertyValueSpecification\",\"valueRequired\":true,\"valueName\":\"search_term_string\"}}],\"inLanguage\":\"uk\"},{\"@type\":\"Organization\",\"@id\":\"https:\\\/\\\/galibuti.lt\\\/#organization\",\"name\":\"Galibuti.lt\",\"url\":\"https:\\\/\\\/galibuti.lt\\\/\",\"logo\":{\"@type\":\"ImageObject\",\"inLanguage\":\"uk\",\"@id\":\"https:\\\/\\\/galibuti.lt\\\/#\\\/schema\\\/logo\\\/image\\\/\",\"url\":\"https:\\\/\\\/galibuti.lt\\\/wp-content\\\/uploads\\\/2021\\\/05\\\/galibuti_logotipas-juodas-04.png\",\"contentUrl\":\"https:\\\/\\\/galibuti.lt\\\/wp-content\\\/uploads\\\/2021\\\/05\\\/galibuti_logotipas-juodas-04.png\",\"width\":315,\"height\":315,\"caption\":\"Galibuti.lt\"},\"image\":{\"@id\":\"https:\\\/\\\/galibuti.lt\\\/#\\\/schema\\\/logo\\\/image\\\/\"},\"sameAs\":[\"https:\\\/\\\/www.facebook.com\\\/galibuti.lt\"]}]}<\/script>\n<!-- \/ Yoast SEO plugin. -->","yoast_head_json":{"title":"\u0420\u0435\u0454\u0441\u0442\u0440\u0430\u0446\u0456\u044f \u0443 \u041b\u0430\u0443\u0440\u0438 - \u041c\u043e\u0436\u043b\u0438\u0432\u0430","robots":{"index":"index","follow":"follow","max-snippet":"max-snippet:-1","max-image-preview":"max-image-preview:large","max-video-preview":"max-video-preview:-1"},"canonical":"https:\/\/galibuti.lt\/uk\/\u0440\u0435\u0454\u0441\u0442\u0440\u0430\u0446\u0456\u044f-\u0443-\u043b\u0430\u0443\u0440\u0438\/","og_locale":"uk_UA","og_type":"article","og_title":"Registracija pas Laur\u0105 - Gali b\u016bti","og_description":"Registracija pas Laur\u0105 Nor\u0117dami u\u017esiregistruoti pas m\u016bs\u0173 specialist\u0105, pasirinkite jus dominan\u010di\u0105 tem\u0105 ir laik\u0105.","og_url":"https:\/\/galibuti.lt\/uk\/\u0440\u0435\u0454\u0441\u0442\u0440\u0430\u0446\u0456\u044f-\u0443-\u043b\u0430\u0443\u0440\u0438\/","og_site_name":"Gali b\u016bti","article_publisher":"https:\/\/www.facebook.com\/galibuti.lt","article_modified_time":"2021-10-20T18:26:22+00:00","twitter_card":"summary_large_image","schema":{"@context":"https:\/\/schema.org","@graph":[{"@type":"WebPage","@id":"https:\/\/galibuti.lt\/registracija-pas-laura\/","url":"https:\/\/galibuti.lt\/registracija-pas-laura\/","name":"\u0420\u0435\u0454\u0441\u0442\u0440\u0430\u0446\u0456\u044f \u0443 \u041b\u0430\u0443\u0440\u0438 - \u041c\u043e\u0436\u043b\u0438\u0432\u0430","isPartOf":{"@id":"https:\/\/galibuti.lt\/#website"},"datePublished":"2021-10-20T15:33:45+00:00","dateModified":"2021-10-20T18:26:22+00:00","breadcrumb":{"@id":"https:\/\/galibuti.lt\/registracija-pas-laura\/#breadcrumb"},"inLanguage":"uk","potentialAction":[{"@type":"ReadAction","target":["https:\/\/galibuti.lt\/registracija-pas-laura\/"]}]},{"@type":"BreadcrumbList","@id":"https:\/\/galibuti.lt\/registracija-pas-laura\/#breadcrumb","itemListElement":[{"@type":"ListItem","position":1,"name":"Home","item":"https:\/\/galibuti.lt\/"},{"@type":"ListItem","position":2,"name":"Registracija pas Laur\u0105"}]},{"@type":"WebSite","@id":"https:\/\/galibuti.lt\/#website","url":"https:\/\/galibuti.lt\/","name":"\u041c\u043e\u0436\u043b\u0438\u0432\u043e,","description":"\u041a\u043b\u0456\u043d\u0456\u043a\u0430 \u043f\u0441\u0438\u0445\u043e\u043b\u043e\u0433\u0456\u0457 \u0442\u0430 \u043f\u0441\u0438\u0445\u0456\u0430\u0442\u0440\u0456\u0457","publisher":{"@id":"https:\/\/galibuti.lt\/#organization"},"potentialAction":[{"@type":"SearchAction","target":{"@type":"EntryPoint","urlTemplate":"https:\/\/galibuti.lt\/?s={search_term_string}"},"query-input":{"@type":"PropertyValueSpecification","valueRequired":true,"valueName":"search_term_string"}}],"inLanguage":"uk"},{"@type":"Organization","@id":"https:\/\/galibuti.lt\/#organization","name":"Galibuti.lt","url":"https:\/\/galibuti.lt\/","logo":{"@type":"ImageObject","inLanguage":"uk","@id":"https:\/\/galibuti.lt\/#\/schema\/logo\/image\/","url":"https:\/\/galibuti.lt\/wp-content\/uploads\/2021\/05\/galibuti_logotipas-juodas-04.png","contentUrl":"https:\/\/galibuti.lt\/wp-content\/uploads\/2021\/05\/galibuti_logotipas-juodas-04.png","width":315,"height":315,"caption":"Galibuti.lt"},"image":{"@id":"https:\/\/galibuti.lt\/#\/schema\/logo\/image\/"},"sameAs":["https:\/\/www.facebook.com\/galibuti.lt"]}]}},"_links":{"self":[{"href":"https:\/\/galibuti.lt\/uk\/wp-json\/wp\/v2\/pages\/3053","targetHints":{"allow":["GET"]}}],"collection":[{"href":"https:\/\/galibuti.lt\/uk\/wp-json\/wp\/v2\/pages"}],"about":[{"href":"https:\/\/galibuti.lt\/uk\/wp-json\/wp\/v2\/types\/page"}],"author":[{"embeddable":true,"href":"https:\/\/galibuti.lt\/uk\/wp-json\/wp\/v2\/users\/77"}],"replies":[{"embeddable":true,"href":"https:\/\/galibuti.lt\/uk\/wp-json\/wp\/v2\/comments?post=3053"}],"version-history":[{"count":10,"href":"https:\/\/galibuti.lt\/uk\/wp-json\/wp\/v2\/pages\/3053\/revisions"}],"predecessor-version":[{"id":3066,"href":"https:\/\/galibuti.lt\/uk\/wp-json\/wp\/v2\/pages\/3053\/revisions\/3066"}],"wp:attachment":[{"href":"https:\/\/galibuti.lt\/uk\/wp-json\/wp\/v2\/media?parent=3053"}],"curies":[{"name":"wp","href":"https:\/\/api.w.org\/{rel}","templated":true}]}}