{"id":3562,"date":"2022-04-10T17:35:53","date_gmt":"2022-04-10T15:35:53","guid":{"rendered":"https:\/\/galibuti.lt\/?page_id=3562"},"modified":"2024-09-29T15:53:11","modified_gmt":"2024-09-29T13:53:11","slug":"%d0%ba%d1%80%d0%b8%d0%b7%d0%b0-%d1%81%d0%b0%d0%bc%d0%be%d0%b3%d1%83%d0%b1%d1%81%d1%82%d0%b2%d0%b0","status":"publish","type":"page","link":"https:\/\/galibuti.lt\/uk\/%d0%ba%d1%80%d0%b8%d0%b7%d0%b0-%d1%81%d0%b0%d0%bc%d0%be%d0%b3%d1%83%d0%b1%d1%81%d1%82%d0%b2%d0%b0\/","title":{"rendered":"\u041a\u0440\u0438\u0437\u0430 \u0441\u0430\u043c\u043e\u0433\u0443\u0431\u0441\u0442\u0432\u0430"},"content":{"rendered":"<div data-elementor-type=\"wp-page\" data-elementor-id=\"3562\" class=\"elementor elementor-3562\">\n\t\t\t\t\t\t<section class=\"elementor-section elementor-top-section elementor-element elementor-element-466d09e0 elementor-section-boxed elementor-section-height-default elementor-section-height-default parallax_section_no qode_elementor_container_no\" data-id=\"466d09e0\" data-element_type=\"section\">\n\t\t\t\t\t\t<div class=\"elementor-container elementor-column-gap-default\">\n\t\t\t\t\t<div class=\"elementor-column elementor-col-100 elementor-top-column elementor-element elementor-element-14ed6d3b\" data-id=\"14ed6d3b\" data-element_type=\"column\">\n\t\t\t<div class=\"elementor-widget-wrap elementor-element-populated\">\n\t\t\t\t\t\t<div class=\"elementor-element elementor-element-50a107c7 elementor-widget elementor-widget-heading\" data-id=\"50a107c7\" data-element_type=\"widget\" data-widget_type=\"heading.default\">\n\t\t\t\t<div class=\"elementor-widget-container\">\n\t\t\t\t\t<h1 class=\"elementor-heading-title elementor-size-small\">\u0421\u0430\u043c\u043e\u0433\u0443\u0431\u0441\u0442\u0432\u043e<\/h1>\t\t\t\t<\/div>\n\t\t\t\t<\/div>\n\t\t\t\t\t<\/div>\n\t\t<\/div>\n\t\t\t\t\t<\/div>\n\t\t<\/section>\n\t\t\t\t<section class=\"elementor-section elementor-top-section elementor-element elementor-element-c2bbbc5 elementor-section-content-middle elementor-section-boxed elementor-section-height-default elementor-section-height-default parallax_section_no qode_elementor_container_no\" data-id=\"c2bbbc5\" data-element_type=\"section\">\n\t\t\t\t\t\t<div class=\"elementor-container elementor-column-gap-default\">\n\t\t\t\t\t<div class=\"elementor-column elementor-col-50 elementor-top-column elementor-element elementor-element-c3721be\" data-id=\"c3721be\" data-element_type=\"column\">\n\t\t\t<div class=\"elementor-widget-wrap elementor-element-populated\">\n\t\t\t\t\t\t<div class=\"elementor-element elementor-element-2b116116 elementor-widget elementor-widget-image\" data-id=\"2b116116\" data-element_type=\"widget\" data-widget_type=\"image.default\">\n\t\t\t\t<div class=\"elementor-widget-container\">\n\t\t\t\t\t\t\t\t\t\t\t\t\t\t\t<img fetchpriority=\"high\" decoding=\"async\" width=\"550\" height=\"330\" src=\"https:\/\/galibuti.lt\/wp-content\/uploads\/2022\/04\/Galibuti_savizudybe_550x330.jpg\" class=\"attachment-large size-large wp-image-3563\" alt=\"\u043a\u0440\u0438\u0437\u0430 \u0441\u0430\u043c\u043e\u0433\u0443\u0431\u0441\u0442\u0432\u0430\" srcset=\"https:\/\/galibuti.lt\/wp-content\/uploads\/2022\/04\/Galibuti_savizudybe_550x330.jpg 550w, https:\/\/galibuti.lt\/wp-content\/uploads\/2022\/04\/Galibuti_savizudybe_550x330-300x180.jpg 300w\" sizes=\"(max-width: 550px) 100vw, 550px\" \/>\t\t\t\t\t\t\t\t\t\t\t\t\t\t\t<\/div>\n\t\t\t\t<\/div>\n\t\t\t\t\t<\/div>\n\t\t<\/div>\n\t\t\t\t<div class=\"elementor-column elementor-col-50 elementor-top-column elementor-element elementor-element-4853795\" data-id=\"4853795\" data-element_type=\"column\">\n\t\t\t<div class=\"elementor-widget-wrap elementor-element-populated\">\n\t\t\t\t\t\t<div class=\"elementor-element elementor-element-27487b2a elementor-widget elementor-widget-text-editor\" data-id=\"27487b2a\" data-element_type=\"widget\" data-widget_type=\"text-editor.default\">\n\t\t\t\t<div class=\"elementor-widget-container\">\n\t\t\t\t\t\t\t\t\t<p style=\"text-align: justify;\">\u0421\u0430\u043c\u043e\u0433\u0443\u0431\u0441\u0442\u0432\u043e \u2013 \u0446\u0435 \u0442\u0440\u0438\u0432\u0430\u043b\u0438\u0439 \u043f\u0440\u043e\u0446\u0435\u0441, \u0449\u043e \u0432\u0438\u0437\u043d\u0430\u0447\u0430\u0454\u0442\u044c\u0441\u044f \u0440\u0456\u0437\u043d\u0438\u043c\u0438 \u0444\u0430\u043a\u0442\u043e\u0440\u0430\u043c\u0438 \u2013 \u0433\u0435\u043d\u0435\u0442\u0438\u0447\u043d\u0438\u043c\u0438, \u043f\u0441\u0438\u0445\u043e\u043b\u043e\u0433\u0456\u0447\u043d\u0438\u043c\u0438, \u0441\u043e\u0446\u0456\u0430\u043b\u044c\u043d\u0438\u043c\u0438, \u043f\u0441\u0438\u0445\u043e\u043f\u0430\u0442\u043e\u043b\u043e\u0433\u0456\u0447\u043d\u0438\u043c\u0438, \u043a\u0443\u043b\u044c\u0442\u0443\u0440\u043d\u0438\u043c\u0438, \u0435\u043a\u043e\u043d\u043e\u043c\u0456\u0447\u043d\u0438\u043c\u0438 \u0442\u043e\u0449\u043e. \u0421\u0430\u043c\u043e\u0433\u0443\u0431\u0441\u0442\u0432\u043e \u2013 \u0446\u0435 \u0434\u043e\u0431\u0440\u043e\u0432\u0456\u043b\u044c\u043d\u0438\u0439, \u043d\u0435\u0431\u0435\u0437\u043f\u0435\u0447\u043d\u0438\u0439 \u0434\u043b\u044f \u0436\u0438\u0442\u0442\u044f \u0430\u043a\u0442, \u044f\u043a\u0438\u0439 \u043b\u044e\u0434\u0438\u043d\u0430 \u0441\u0430\u043c\u0430 \u0432\u0447\u0438\u043d\u044f\u0454, \u0441\u043f\u0440\u0438\u0447\u0438\u043d\u044f\u044e\u0447\u0438 \u0441\u043c\u0435\u0440\u0442\u044c. \u041d\u0430\u0439\u0447\u0430\u0441\u0442\u0456\u0448\u0435 \u0442\u0430\u043a\u0438\u0439 \u0432\u0438\u0445\u0456\u0434 \u0437\u0456 \u0441\u0432\u043e\u0457\u0445 \u0442\u0440\u0443\u0434\u043d\u043e\u0449\u0456\u0432 \u043e\u0431\u043c\u0456\u0440\u043a\u043e\u0432\u0443\u0454\u0442\u044c\u0441\u044f \u0440\u043e\u043a\u0430\u043c\u0438. \u041f\u043e-\u043f\u0435\u0440\u0448\u0435, \u043b\u044e\u0434\u0438\u043d\u0430 \u0442\u0456\u043b\u044c\u043a\u0438 \u0439 \u0434\u0443\u043c\u0430\u0454 \u043f\u0440\u043e \u0441\u0430\u043c\u043e\u0433\u0443\u0431\u0441\u0442\u0432\u043e, \u043e\u0441\u043e\u0431\u043b\u0438\u0432\u043e \u0441\u0442\u0438\u043a\u0430\u044e\u0447\u0438\u0441\u044c \u0456\u0437 \u043a\u0440\u0438\u0437\u043e\u0432\u043e\u044e \u0441\u0438\u0442\u0443\u0430\u0446\u0456\u0454\u044e, \u0442\u043e\u043c\u0443 \u00ab\u0432\u2019\u044f\u0437\u043a\u0456\u00bb \u0441\u0443\u0457\u0446\u0438\u0434\u0430\u043b\u044c\u043d\u0456 \u0434\u0443\u043c\u043a\u0438 \u043c\u043e\u0436\u0443\u0442\u044c \u043f\u043e\u0441\u0438\u043b\u044e\u0432\u0430\u0442\u0438\u0441\u044f \u0430\u0431\u043e \u043f\u043e\u0432\u043d\u0456\u0441\u0442\u044e \u0437\u043d\u0438\u043a\u0430\u0442\u0438. \u0412\u0438\u043d\u0438\u043a\u0430\u0454 \u0431\u0430\u0436\u0430\u043d\u043d\u044f \u043d\u0435 \u0456\u0441\u043d\u0443\u0432\u0430\u0442\u0438, \u043f\u043e\u043c\u0435\u0440\u0442\u0438, \u043f\u0435\u0440\u0435\u0441\u0442\u0430\u0442\u0438 \u0441\u0442\u0440\u0430\u0436\u0434\u0430\u0442\u0438, \u0430\u043b\u0435 \u0441\u0430\u043c\u043e\u0433\u0443\u0431\u0441\u0442\u0432\u043e \u0437\u0434\u0430\u0454\u0442\u044c\u0441\u044f \u043d\u0435\u043c\u043e\u0436\u043b\u0438\u0432\u0438\u043c. \u041a\u043e\u043b\u0438 \u0434\u0443\u043c\u043a\u0438 \u043d\u0435 \u0432\u0449\u0443\u0445\u0430\u044e\u0442\u044c, \u043b\u044e\u0434\u0438\u043d\u0430 \u043d\u0435 \u0442\u0456\u043b\u044c\u043a\u0438 \u0434\u0443\u043c\u0430\u0454 \u043f\u0440\u043e \u0441\u0430\u043c\u043e\u0433\u0443\u0431\u0441\u0442\u0432\u043e, \u044f\u043a\u0435 \u043c\u043e\u0436\u0435 \u0437\u0430\u043a\u0456\u043d\u0447\u0438\u0442\u0438\u0441\u044f \u0441\u043c\u0435\u0440\u0442\u044e, \u0430\u043b\u0435 \u0439 \u043f\u043e\u0447\u0438\u043d\u0430\u0454 \u043f\u0440\u0430\u0433\u043d\u0443\u0442\u0438 \u0434\u043e \u043d\u044c\u043e\u0433\u043e. \u0421\u0430\u043c\u043e\u0433\u0443\u0431\u0441\u0442\u0432\u043e \u0441\u043f\u0440\u0438\u0439\u043c\u0430\u0454\u0442\u044c\u0441\u044f \u044f\u043a \u0454\u0434\u0438\u043d\u0438\u0439 \u0432\u0438\u0445\u0456\u0434 \u0434\u043b\u044f \u0432\u0438\u0440\u0456\u0448\u0435\u043d\u043d\u044f \u0442\u0440\u0443\u0434\u043d\u043e\u0449\u0456\u0432 \u0442\u0430 \u043f\u043e\u043b\u0435\u0433\u0448\u0435\u043d\u043d\u044f \u0441\u0442\u0440\u0430\u0436\u0434\u0430\u043d\u044c. \u0417\u0456 \u0437\u0440\u043e\u0441\u0442\u0430\u043d\u043d\u044f\u043c \u0431\u043e\u043b\u044e \u043b\u044e\u0434\u0438 \u043f\u043e\u0447\u0438\u043d\u0430\u044e\u0442\u044c \u0440\u043e\u0437\u0433\u043b\u044f\u0434\u0430\u0442\u0438 \u0440\u0456\u0437\u043d\u0456 \u0441\u043f\u043e\u0441\u043e\u0431\u0438 \u0441\u0430\u043c\u043e\u0433\u0443\u0431\u0441\u0442\u0432\u0430, \u043e\u0431\u043c\u0456\u0440\u043a\u043e\u0432\u0443\u0432\u0430\u0442\u0438 \u043a\u043e\u043d\u043a\u0440\u0435\u0442\u043d\u0456 \u0434\u0435\u0442\u0430\u043b\u0456 \u0442\u0430 \u043d\u0435\u043e\u0431\u0445\u0456\u0434\u043d\u0456 \u0437\u0430\u0441\u043e\u0431\u0438, \u043f\u043e\u043a\u0438 \u0437\u0430\u0434\u0443\u043c\u0430\u043d\u0438\u0439 \u043f\u043b\u0430\u043d \u043d\u0435 \u0431\u0443\u0434\u0435 \u0440\u0435\u0430\u043b\u0456\u0437\u043e\u0432\u0430\u043d\u043e, \u0456 \u043b\u044e\u0434\u0438\u043d\u0430 \u043d\u0435 \u0432\u0447\u0438\u043d\u0438\u0442\u044c \u0441\u0430\u043c\u043e\u0433\u0443\u0431\u0441\u0442\u0432\u043e. \u0412\u0430\u0436\u043b\u0438\u0432\u043e \u0441\u043a\u0430\u0437\u0430\u0442\u0438, \u0449\u043e \u043d\u0435 \u043a\u043e\u0436\u0435\u043d, \u0445\u0442\u043e \u0434\u0443\u043c\u0430\u0454 \u043f\u0440\u043e \u0441\u0430\u043c\u043e\u0433\u0443\u0431\u0441\u0442\u0432\u043e, \u043c\u0430\u0454 \u043d\u0430\u043c\u0456\u0440 \u0446\u0435 \u0437\u0440\u043e\u0431\u0438\u0442\u0438, \u0456 \u043d\u0435 \u043a\u043e\u0436\u0435\u043d, \u0445\u0442\u043e \u043d\u0430\u043c\u0430\u0433\u0430\u0454\u0442\u044c\u0441\u044f \u043f\u043e\u043a\u0456\u043d\u0447\u0438\u0442\u0438 \u0436\u0438\u0442\u0442\u044f \u0441\u0430\u043c\u043e\u0433\u0443\u0431\u0441\u0442\u0432\u043e\u043c, \u0433\u0438\u043d\u0435. \u041f\u0440\u043e\u0446\u0435\u0441 \u0441\u0430\u043c\u043e\u0433\u0443\u0431\u0441\u0442\u0432\u0430 \u043c\u043e\u0436\u043d\u0430 \u0437\u0443\u043f\u0438\u043d\u0438\u0442\u0438 \u0431\u0443\u0434\u044c-\u043a\u043e\u043b\u0438 \u2013 \u0437\u0432\u0435\u0440\u043d\u0443\u0432\u0448\u0438\u0441\u044c \u0437\u0430 \u043f\u0440\u043e\u0444\u0435\u0441\u0456\u0439\u043d\u043e\u044e \u0434\u043e\u043f\u043e\u043c\u043e\u0433\u043e\u044e \u0442\u0430 \u0441\u043f\u0440\u043e\u0431\u0443\u0432\u0430\u0432\u0448\u0438 \u0434\u043e\u043f\u043e\u043c\u043e\u0433\u0442\u0438 \u0441\u043e\u0431\u0456. \u041f\u0440\u043e \u043d\u0435\u043c\u0438\u043d\u0443\u0447\u0443 \u0437\u0430\u0433\u0440\u043e\u0437\u0443 \u0441\u0430\u043c\u043e\u0433\u0443\u0431\u0441\u0442\u0432\u0430 \u043c\u043e\u0436\u043d\u0430 \u0437\u0430\u043f\u0456\u0434\u043e\u0437\u0440\u0438\u0442\u0438, \u044f\u043a\u0449\u043e \u043b\u044e\u0434\u0438\u043d\u0430 \u0440\u0430\u043f\u0442\u043e\u0432\u043e \u0437\u043c\u0456\u043d\u044e\u0454\u0442\u044c\u0441\u044f (\u043f\u043e\u0432\u043e\u0434\u0438\u0442\u044c\u0441\u044f \u043d\u0435\u0437\u0432\u0438\u0447\u043d\u043e, \u0441\u043f\u0456\u043b\u043a\u0443\u0454\u0442\u044c\u0441\u044f, \u0439\u0434\u0435 \u043d\u0430 \u043d\u0435\u043e\u0431\u0491\u0440\u0443\u043d\u0442\u043e\u0432\u0430\u043d\u0438\u0439 \u0440\u0438\u0437\u0438\u043a), \u043d\u0435\u0433\u0430\u0442\u0438\u0432\u043d\u043e \u043e\u0446\u0456\u043d\u044e\u0454 \u0441\u0435\u0431\u0435, \u0431\u0456\u043b\u044c\u0448\u0435 \u043d\u0435 \u043c\u043e\u0436\u0435 \u0437\u043e\u0441\u0435\u0440\u0435\u0434\u0438\u0442\u0438\u0441\u044f, \u0441\u0442\u0430\u0454 \u0434\u0440\u0430\u0442\u0456\u0432\u043b\u0438\u0432\u043e\u044e, \u043d\u0430\u0434\u0437\u0432\u0438\u0447\u0430\u0439\u043d\u043e \u0447\u0443\u0442\u043b\u0438\u0432\u043e\u044e, \u043f\u0435\u0440\u0435\u0436\u0438\u0432\u0430\u0454 \u0437\u043d\u0430\u0447\u043d\u0456 \u0435\u043c\u043e\u0446\u0456\u0439\u043d\u0456 \u043a\u043e\u043b\u0438\u0432\u0430\u043d\u043d\u044f, \u0434\u0435\u043f\u0440\u0435\u0441\u0456\u044e, \u0456\u0437\u043e\u043b\u044e\u0454 \u0441\u0435\u0431\u0435 \u0432\u0456\u0434 \u0431\u043b\u0438\u0437\u044c\u043a\u0438\u0445, \u0431\u0430\u0433\u0430\u0442\u043e \u0433\u043e\u0432\u043e\u0440\u0438\u0442\u044c (\u0436\u0430\u0440\u0442\u0443\u044e\u0447\u0438, \u043e\u0431\u0433\u043e\u0432\u043e\u0440\u044e\u044e\u0447\u0438) \u043f\u0440\u043e \u0441\u0430\u043c\u043e\u0433\u0443\u0431\u0441\u0442\u0432\u043e, \u0432\u0438\u044f\u0432\u043b\u044f\u0454 \u043e\u0437\u043d\u0430\u043a\u0438 \u043f\u0440\u043e\u0449\u0430\u043d\u043d\u044f (\u043f\u043e\u0432\u0435\u0440\u0442\u0430\u0454 \u043f\u043e\u0434\u0430\u0440\u0443\u043d\u043a\u0438, \u0431\u043e\u0440\u0433\u0438, \u043f\u0438\u0448\u0435 \u043b\u0438\u0441\u0442\u0438). \u041d\u0430\u0434\u0437\u0432\u0438\u0447\u0430\u0439\u043d\u043e \u0432\u0430\u0436\u043b\u0438\u0432\u043e \u043f\u0456\u043a\u043b\u0443\u0432\u0430\u0442\u0438\u0441\u044f \u043f\u0440\u043e \u043b\u044e\u0434\u0438\u043d\u0443 \u0456\u0437 \u0441\u0443\u0457\u0446\u0438\u0434\u0430\u043b\u044c\u043d\u0438\u043c\u0438 \u0441\u0445\u0438\u043b\u044c\u043d\u043e\u0441\u0442\u044f\u043c\u0438, \u0437\u0430\u043e\u0445\u043e\u0447\u0443\u0432\u0430\u0442\u0438 \u0457\u0457 \u0434\u043e \u0440\u043e\u0437\u043c\u043e\u0432\u0438, \u0434\u0456\u043b\u0438\u0442\u0438\u0441\u044f \u0441\u0432\u043e\u0457\u043c\u0438 \u0442\u0440\u0443\u0434\u043d\u043e\u0449\u0430\u043c\u0438, \u043f\u0440\u043e\u043f\u043e\u043d\u0443\u0432\u0430\u0442\u0438 \u0434\u043e\u043f\u043e\u043c\u043e\u0433\u0443 (\u044f\u043a \u043e\u0441\u043e\u0431\u0438\u0441\u0442\u0443, \u0442\u0430\u043a \u0456 \u043f\u0440\u043e\u0444\u0435\u0441\u0456\u0439\u043d\u0443) \u0434\u043b\u044f \u043f\u043e\u0434\u043e\u043b\u0430\u043d\u043d\u044f \u043a\u0440\u0438\u0437\u0438.<\/p>\t\t\t\t\t\t\t\t<\/div>\n\t\t\t\t<\/div>\n\t\t\t\t\t<\/div>\n\t\t<\/div>\n\t\t\t\t\t<\/div>\n\t\t<\/section>\n\t\t\t\t<section class=\"elementor-section elementor-top-section elementor-element elementor-element-7d6c818f elementor-section-boxed elementor-section-height-default elementor-section-height-default parallax_section_no qode_elementor_container_no\" data-id=\"7d6c818f\" data-element_type=\"section\">\n\t\t\t\t\t\t<div class=\"elementor-container elementor-column-gap-default\">\n\t\t\t\t\t<div class=\"elementor-column elementor-col-100 elementor-top-column elementor-element elementor-element-454332d8\" data-id=\"454332d8\" data-element_type=\"column\">\n\t\t\t<div class=\"elementor-widget-wrap elementor-element-populated\">\n\t\t\t\t\t\t<div class=\"elementor-element elementor-element-25736b4f elementor-align-center elementor-widget elementor-widget-button\" data-id=\"25736b4f\" data-element_type=\"widget\" data-widget_type=\"button.default\">\n\t\t\t\t<div class=\"elementor-widget-container\">\n\t\t\t\t\t\t\t\t\t<div class=\"elementor-button-wrapper\">\n\t\t\t\t\t<a class=\"elementor-button elementor-button-link elementor-size-md\" href=\"https:\/\/galibuti.lt\/uk\/%d1%81%d0%b0%d0%bc%d0%be%d0%b3%d1%83%d0%b1%d1%81%d1%82%d0%b2%d0%be\/\">\n\t\t\t\t\t\t<span class=\"elementor-button-content-wrapper\">\n\t\t\t\t\t\t\t\t\t<span class=\"elementor-button-text\">\u0417\u0430\u0440\u0435\u0454\u0441\u0442\u0440\u0443\u0432\u0430\u0442\u0438\u0441\u044f<\/span>\n\t\t\t\t\t<\/span>\n\t\t\t\t\t<\/a>\n\t\t\t\t<\/div>\n\t\t\t\t\t\t\t\t<\/div>\n\t\t\t\t<\/div>\n\t\t\t\t\t<\/div>\n\t\t<\/div>\n\t\t\t\t\t<\/div>\n\t\t<\/section>\n\t\t\t\t<\/div>","protected":false},"excerpt":{"rendered":"<p>Savi\u017eudyb\u0117 Savi\u017eudyb\u0117 \u2013 tai ilgalaikis procesas, nulemtas \u012fvairi\u0173 \u2013 genetini\u0173, psichologini\u0173, socialini\u0173, psichopatologini\u0173, kult\u016brini\u0173, ekonomini\u0173 ir kt. \u2013 veiksni\u0173. Savi\u017eudyb\u0117 yra valingas, paties \u017emogaus atliktas gyvybei pavojingas veiksmas, sukeliantis mirt\u012f. Da\u017eniausiai apie toki\u0105 i\u0161eit\u012f savo sunkumams \u012fveikti galvojama met\u0173 metus. Vis\u0173 pirma apie savi\u017eudyb\u0119 \u017emogus&#8230;<\/p>","protected":false},"author":77,"featured_media":0,"parent":0,"menu_order":0,"comment_status":"closed","ping_status":"closed","template":"","meta":{"inline_featured_image":false,"footnotes":""},"class_list":["post-3562","page","type-page","status-publish","hentry"],"yoast_head":"<!-- This site is optimized with the Yoast SEO plugin v27.3 - https:\/\/yoast.com\/product\/yoast-seo-wordpress\/ -->\n<title>Savi\u017eudyb\u0117s kriz\u0117 - Gali b\u016bti<\/title>\n<meta name=\"robots\" content=\"index, follow, max-snippet:-1, max-image-preview:large, max-video-preview:-1\" \/>\n<link rel=\"canonical\" href=\"https:\/\/galibuti.lt\/uk\/\u043a\u0440\u0438\u0437\u0430-\u0441\u0430\u043c\u043e\u0433\u0443\u0431\u0441\u0442\u0432\u0430\/\" \/>\n<meta property=\"og:locale\" content=\"uk_UA\" \/>\n<meta property=\"og:type\" content=\"article\" \/>\n<meta property=\"og:title\" content=\"Savi\u017eudyb\u0117s kriz\u0117 - Gali b\u016bti\" \/>\n<meta property=\"og:description\" content=\"Savi\u017eudyb\u0117 Savi\u017eudyb\u0117 \u2013 tai ilgalaikis procesas, nulemtas \u012fvairi\u0173 \u2013 genetini\u0173, psichologini\u0173, socialini\u0173, psichopatologini\u0173, kult\u016brini\u0173, ekonomini\u0173 ir kt. \u2013 veiksni\u0173. Savi\u017eudyb\u0117 yra valingas, paties \u017emogaus atliktas gyvybei pavojingas veiksmas, sukeliantis mirt\u012f. Da\u017eniausiai apie toki\u0105 i\u0161eit\u012f savo sunkumams \u012fveikti galvojama met\u0173 metus. Vis\u0173 pirma apie savi\u017eudyb\u0119 \u017emogus...\" \/>\n<meta property=\"og:url\" content=\"https:\/\/galibuti.lt\/uk\/\u043a\u0440\u0438\u0437\u0430-\u0441\u0430\u043c\u043e\u0433\u0443\u0431\u0441\u0442\u0432\u0430\/\" \/>\n<meta property=\"og:site_name\" content=\"Gali b\u016bti\" \/>\n<meta property=\"article:publisher\" content=\"https:\/\/www.facebook.com\/galibuti.lt\" \/>\n<meta property=\"article:modified_time\" content=\"2024-09-29T13:53:11+00:00\" \/>\n<meta property=\"og:image\" content=\"https:\/\/galibuti.lt\/wp-content\/uploads\/2022\/04\/Galibuti_savizudybe_550x330.jpg\" \/>\n<meta name=\"twitter:card\" content=\"summary_large_image\" \/>\n<meta name=\"twitter:label1\" content=\"\u041f\u0440\u0438\u0431\u043b. \u0447\u0430\u0441 \u0447\u0438\u0442\u0430\u043d\u043d\u044f\" \/>\n\t<meta name=\"twitter:data1\" content=\"2 \u0445\u0432\u0438\u043b\u0438\u043d\u0438\" \/>\n<script type=\"application\/ld+json\" class=\"yoast-schema-graph\">{\"@context\":\"https:\\\/\\\/schema.org\",\"@graph\":[{\"@type\":\"WebPage\",\"@id\":\"https:\\\/\\\/galibuti.lt\\\/savizudybes-krize\\\/\",\"url\":\"https:\\\/\\\/galibuti.lt\\\/savizudybes-krize\\\/\",\"name\":\"Savi\u017eudyb\u0117s kriz\u0117 - Gali b\u016bti\",\"isPartOf\":{\"@id\":\"https:\\\/\\\/galibuti.lt\\\/#website\"},\"primaryImageOfPage\":{\"@id\":\"https:\\\/\\\/galibuti.lt\\\/savizudybes-krize\\\/#primaryimage\"},\"image\":{\"@id\":\"https:\\\/\\\/galibuti.lt\\\/savizudybes-krize\\\/#primaryimage\"},\"thumbnailUrl\":\"https:\\\/\\\/galibuti.lt\\\/wp-content\\\/uploads\\\/2022\\\/04\\\/Galibuti_savizudybe_550x330.jpg\",\"datePublished\":\"2022-04-10T15:35:53+00:00\",\"dateModified\":\"2024-09-29T13:53:11+00:00\",\"breadcrumb\":{\"@id\":\"https:\\\/\\\/galibuti.lt\\\/savizudybes-krize\\\/#breadcrumb\"},\"inLanguage\":\"uk\",\"potentialAction\":[{\"@type\":\"ReadAction\",\"target\":[\"https:\\\/\\\/galibuti.lt\\\/savizudybes-krize\\\/\"]}]},{\"@type\":\"ImageObject\",\"inLanguage\":\"uk\",\"@id\":\"https:\\\/\\\/galibuti.lt\\\/savizudybes-krize\\\/#primaryimage\",\"url\":\"https:\\\/\\\/galibuti.lt\\\/wp-content\\\/uploads\\\/2022\\\/04\\\/Galibuti_savizudybe_550x330.jpg\",\"contentUrl\":\"https:\\\/\\\/galibuti.lt\\\/wp-content\\\/uploads\\\/2022\\\/04\\\/Galibuti_savizudybe_550x330.jpg\"},{\"@type\":\"BreadcrumbList\",\"@id\":\"https:\\\/\\\/galibuti.lt\\\/savizudybes-krize\\\/#breadcrumb\",\"itemListElement\":[{\"@type\":\"ListItem\",\"position\":1,\"name\":\"Home\",\"item\":\"https:\\\/\\\/galibuti.lt\\\/\"},{\"@type\":\"ListItem\",\"position\":2,\"name\":\"Savi\u017eudyb\u0117s kriz\u0117\"}]},{\"@type\":\"WebSite\",\"@id\":\"https:\\\/\\\/galibuti.lt\\\/#website\",\"url\":\"https:\\\/\\\/galibuti.lt\\\/\",\"name\":\"Gali b\u016bti\",\"description\":\"Psichologijos ir Psichiatrijos klinika\",\"publisher\":{\"@id\":\"https:\\\/\\\/galibuti.lt\\\/#organization\"},\"potentialAction\":[{\"@type\":\"SearchAction\",\"target\":{\"@type\":\"EntryPoint\",\"urlTemplate\":\"https:\\\/\\\/galibuti.lt\\\/?s={search_term_string}\"},\"query-input\":{\"@type\":\"PropertyValueSpecification\",\"valueRequired\":true,\"valueName\":\"search_term_string\"}}],\"inLanguage\":\"uk\"},{\"@type\":\"Organization\",\"@id\":\"https:\\\/\\\/galibuti.lt\\\/#organization\",\"name\":\"Galibuti.lt\",\"url\":\"https:\\\/\\\/galibuti.lt\\\/\",\"logo\":{\"@type\":\"ImageObject\",\"inLanguage\":\"uk\",\"@id\":\"https:\\\/\\\/galibuti.lt\\\/#\\\/schema\\\/logo\\\/image\\\/\",\"url\":\"https:\\\/\\\/galibuti.lt\\\/wp-content\\\/uploads\\\/2021\\\/05\\\/galibuti_logotipas-juodas-04.png\",\"contentUrl\":\"https:\\\/\\\/galibuti.lt\\\/wp-content\\\/uploads\\\/2021\\\/05\\\/galibuti_logotipas-juodas-04.png\",\"width\":315,\"height\":315,\"caption\":\"Galibuti.lt\"},\"image\":{\"@id\":\"https:\\\/\\\/galibuti.lt\\\/#\\\/schema\\\/logo\\\/image\\\/\"},\"sameAs\":[\"https:\\\/\\\/www.facebook.com\\\/galibuti.lt\"]}]}<\/script>\n<!-- \/ Yoast SEO plugin. -->","yoast_head_json":{"title":"\u0421\u0443\u0457\u0446\u0438\u0434\u0430\u043b\u044c\u043d\u0430 \u043a\u0440\u0438\u0437\u0430 \u2013 \u0446\u0435 \u043c\u043e\u0436\u043b\u0438\u0432\u043e","robots":{"index":"index","follow":"follow","max-snippet":"max-snippet:-1","max-image-preview":"max-image-preview:large","max-video-preview":"max-video-preview:-1"},"canonical":"https:\/\/galibuti.lt\/uk\/\u043a\u0440\u0438\u0437\u0430-\u0441\u0430\u043c\u043e\u0433\u0443\u0431\u0441\u0442\u0432\u0430\/","og_locale":"uk_UA","og_type":"article","og_title":"Savi\u017eudyb\u0117s kriz\u0117 - Gali b\u016bti","og_description":"Savi\u017eudyb\u0117 Savi\u017eudyb\u0117 \u2013 tai ilgalaikis procesas, nulemtas \u012fvairi\u0173 \u2013 genetini\u0173, psichologini\u0173, socialini\u0173, psichopatologini\u0173, kult\u016brini\u0173, ekonomini\u0173 ir kt. \u2013 veiksni\u0173. Savi\u017eudyb\u0117 yra valingas, paties \u017emogaus atliktas gyvybei pavojingas veiksmas, sukeliantis mirt\u012f. Da\u017eniausiai apie toki\u0105 i\u0161eit\u012f savo sunkumams \u012fveikti galvojama met\u0173 metus. Vis\u0173 pirma apie savi\u017eudyb\u0119 \u017emogus...","og_url":"https:\/\/galibuti.lt\/uk\/\u043a\u0440\u0438\u0437\u0430-\u0441\u0430\u043c\u043e\u0433\u0443\u0431\u0441\u0442\u0432\u0430\/","og_site_name":"Gali b\u016bti","article_publisher":"https:\/\/www.facebook.com\/galibuti.lt","article_modified_time":"2024-09-29T13:53:11+00:00","og_image":[{"url":"https:\/\/galibuti.lt\/wp-content\/uploads\/2022\/04\/Galibuti_savizudybe_550x330.jpg","type":"","width":"","height":""}],"twitter_card":"summary_large_image","twitter_misc":{"\u041f\u0440\u0438\u0431\u043b. \u0447\u0430\u0441 \u0447\u0438\u0442\u0430\u043d\u043d\u044f":"2 \u0445\u0432\u0438\u043b\u0438\u043d\u0438"},"schema":{"@context":"https:\/\/schema.org","@graph":[{"@type":"WebPage","@id":"https:\/\/galibuti.lt\/savizudybes-krize\/","url":"https:\/\/galibuti.lt\/savizudybes-krize\/","name":"\u0421\u0443\u0457\u0446\u0438\u0434\u0430\u043b\u044c\u043d\u0430 \u043a\u0440\u0438\u0437\u0430 \u2013 \u0446\u0435 \u043c\u043e\u0436\u043b\u0438\u0432\u043e","isPartOf":{"@id":"https:\/\/galibuti.lt\/#website"},"primaryImageOfPage":{"@id":"https:\/\/galibuti.lt\/savizudybes-krize\/#primaryimage"},"image":{"@id":"https:\/\/galibuti.lt\/savizudybes-krize\/#primaryimage"},"thumbnailUrl":"https:\/\/galibuti.lt\/wp-content\/uploads\/2022\/04\/Galibuti_savizudybe_550x330.jpg","datePublished":"2022-04-10T15:35:53+00:00","dateModified":"2024-09-29T13:53:11+00:00","breadcrumb":{"@id":"https:\/\/galibuti.lt\/savizudybes-krize\/#breadcrumb"},"inLanguage":"uk","potentialAction":[{"@type":"ReadAction","target":["https:\/\/galibuti.lt\/savizudybes-krize\/"]}]},{"@type":"ImageObject","inLanguage":"uk","@id":"https:\/\/galibuti.lt\/savizudybes-krize\/#primaryimage","url":"https:\/\/galibuti.lt\/wp-content\/uploads\/2022\/04\/Galibuti_savizudybe_550x330.jpg","contentUrl":"https:\/\/galibuti.lt\/wp-content\/uploads\/2022\/04\/Galibuti_savizudybe_550x330.jpg"},{"@type":"BreadcrumbList","@id":"https:\/\/galibuti.lt\/savizudybes-krize\/#breadcrumb","itemListElement":[{"@type":"ListItem","position":1,"name":"Home","item":"https:\/\/galibuti.lt\/"},{"@type":"ListItem","position":2,"name":"Savi\u017eudyb\u0117s kriz\u0117"}]},{"@type":"WebSite","@id":"https:\/\/galibuti.lt\/#website","url":"https:\/\/galibuti.lt\/","name":"\u041c\u043e\u0436\u043b\u0438\u0432\u043e,","description":"\u041a\u043b\u0456\u043d\u0456\u043a\u0430 \u043f\u0441\u0438\u0445\u043e\u043b\u043e\u0433\u0456\u0457 \u0442\u0430 \u043f\u0441\u0438\u0445\u0456\u0430\u0442\u0440\u0456\u0457","publisher":{"@id":"https:\/\/galibuti.lt\/#organization"},"potentialAction":[{"@type":"SearchAction","target":{"@type":"EntryPoint","urlTemplate":"https:\/\/galibuti.lt\/?s={search_term_string}"},"query-input":{"@type":"PropertyValueSpecification","valueRequired":true,"valueName":"search_term_string"}}],"inLanguage":"uk"},{"@type":"Organization","@id":"https:\/\/galibuti.lt\/#organization","name":"Galibuti.lt","url":"https:\/\/galibuti.lt\/","logo":{"@type":"ImageObject","inLanguage":"uk","@id":"https:\/\/galibuti.lt\/#\/schema\/logo\/image\/","url":"https:\/\/galibuti.lt\/wp-content\/uploads\/2021\/05\/galibuti_logotipas-juodas-04.png","contentUrl":"https:\/\/galibuti.lt\/wp-content\/uploads\/2021\/05\/galibuti_logotipas-juodas-04.png","width":315,"height":315,"caption":"Galibuti.lt"},"image":{"@id":"https:\/\/galibuti.lt\/#\/schema\/logo\/image\/"},"sameAs":["https:\/\/www.facebook.com\/galibuti.lt"]}]}},"_links":{"self":[{"href":"https:\/\/galibuti.lt\/uk\/wp-json\/wp\/v2\/pages\/3562","targetHints":{"allow":["GET"]}}],"collection":[{"href":"https:\/\/galibuti.lt\/uk\/wp-json\/wp\/v2\/pages"}],"about":[{"href":"https:\/\/galibuti.lt\/uk\/wp-json\/wp\/v2\/types\/page"}],"author":[{"embeddable":true,"href":"https:\/\/galibuti.lt\/uk\/wp-json\/wp\/v2\/users\/77"}],"replies":[{"embeddable":true,"href":"https:\/\/galibuti.lt\/uk\/wp-json\/wp\/v2\/comments?post=3562"}],"version-history":[{"count":15,"href":"https:\/\/galibuti.lt\/uk\/wp-json\/wp\/v2\/pages\/3562\/revisions"}],"predecessor-version":[{"id":7443,"href":"https:\/\/galibuti.lt\/uk\/wp-json\/wp\/v2\/pages\/3562\/revisions\/7443"}],"wp:attachment":[{"href":"https:\/\/galibuti.lt\/uk\/wp-json\/wp\/v2\/media?parent=3562"}],"curies":[{"name":"wp","href":"https:\/\/api.w.org\/{rel}","templated":true}]}}